{"id":12130,"date":"2025-02-19T18:44:33","date_gmt":"2025-02-19T18:44:33","guid":{"rendered":"https:\/\/scan.cat\/open-call-talent-latent-2025\/"},"modified":"2025-02-20T14:57:16","modified_gmt":"2025-02-20T14:57:16","slug":"open-call-talent-latent-2025","status":"publish","type":"page","link":"https:\/\/scan.cat\/en\/open-call-talent-latent-2025\/","title":{"rendered":"Open Call Talent Latent 2025"},"content":{"rendered":"\t\t<div data-elementor-type=\"wp-page\" data-elementor-id=\"12130\" class=\"elementor elementor-12130 elementor-12009\" data-elementor-post-type=\"page\">\n\t\t\t\t\t\t<section class=\"elementor-section elementor-top-section elementor-element elementor-element-3c8f2e4 secciones elementor-section-full_width elementor-section-height-default elementor-section-height-default\" data-id=\"3c8f2e4\" data-element_type=\"section\" data-e-type=\"section\" id=\"bases0\">\n\t\t\t\t\t\t<div class=\"elementor-container elementor-column-gap-default\">\n\t\t\t\t\t<div class=\"elementor-column elementor-col-100 elementor-top-column elementor-element elementor-element-b78e461\" data-id=\"b78e461\" data-element_type=\"column\" data-e-type=\"column\">\n\t\t\t<div class=\"elementor-widget-wrap elementor-element-populated\">\n\t\t\t\t\t\t<section class=\"elementor-section elementor-inner-section elementor-element elementor-element-a65dfdd elementor-section-full_width elementor-section-content-space-evenly elementor-section-height-default elementor-section-height-default\" data-id=\"a65dfdd\" data-element_type=\"section\" data-e-type=\"section\">\n\t\t\t\t\t\t<div class=\"elementor-container elementor-column-gap-default\">\n\t\t\t\t\t<div class=\"elementor-column elementor-col-50 elementor-inner-column elementor-element elementor-element-80157c6\" data-id=\"80157c6\" data-element_type=\"column\" data-e-type=\"column\">\n\t\t\t<div class=\"elementor-widget-wrap elementor-element-populated\">\n\t\t\t\t\t\t<div class=\"elementor-element elementor-element-b947f3b elementor-widget elementor-widget-text-editor\" data-id=\"b947f3b\" data-element_type=\"widget\" data-e-type=\"widget\" data-widget_type=\"text-editor.default\">\n\t\t\t\t<div class=\"elementor-widget-container\">\n\t\t\t\t\t\t\t\t\t<h1><u>RULES<br><em>TALENT LATENT<\/em><\/u><u><br>2025<\/u><\/h1>\t\t\t\t\t\t\t\t<\/div>\n\t\t\t\t<\/div>\n\t\t\t\t\t<\/div>\n\t\t<\/div>\n\t\t\t\t<div class=\"elementor-column elementor-col-50 elementor-inner-column elementor-element elementor-element-ec692b9\" data-id=\"ec692b9\" data-element_type=\"column\" data-e-type=\"column\">\n\t\t\t<div class=\"elementor-widget-wrap elementor-element-populated\">\n\t\t\t\t\t\t<div class=\"elementor-element elementor-element-725f48e elementor-widget elementor-widget-button\" data-id=\"725f48e\" data-element_type=\"widget\" data-e-type=\"widget\" data-widget_type=\"button.default\">\n\t\t\t\t<div class=\"elementor-widget-container\">\n\t\t\t\t\t\t\t\t\t<div class=\"elementor-button-wrapper\">\n\t\t\t\t\t<a class=\"elementor-button elementor-button-link elementor-size-lg\" href=\"https:\/\/scan.cat\/wp-content\/uploads\/2025\/02\/SCAN_dossier_talentlatent2025_ENG.pdf\" target=\"_blank\">\n\t\t\t\t\t\t<span class=\"elementor-button-content-wrapper\">\n\t\t\t\t\t\t\t\t\t<span class=\"elementor-button-text\">Download contest rules<\/span>\n\t\t\t\t\t<\/span>\n\t\t\t\t\t<\/a>\n\t\t\t\t<\/div>\n\t\t\t\t\t\t\t\t<\/div>\n\t\t\t\t<\/div>\n\t\t\t\t<div class=\"elementor-element elementor-element-486aea5 elementor-widget elementor-widget-button\" data-id=\"486aea5\" data-element_type=\"widget\" data-e-type=\"widget\" data-widget_type=\"button.default\">\n\t\t\t\t<div class=\"elementor-widget-container\">\n\t\t\t\t\t\t\t\t\t<div class=\"elementor-button-wrapper\">\n\t\t\t\t\t<a class=\"elementor-button elementor-button-link elementor-size-lg\" href=\"https:\/\/form.jotform.com\/250482339069058\" target=\"_blank\" rel=\"noopener\">\n\t\t\t\t\t\t<span class=\"elementor-button-content-wrapper\">\n\t\t\t\t\t\t\t\t\t<span class=\"elementor-button-text\">Registration form<\/span>\n\t\t\t\t\t<\/span>\n\t\t\t\t\t<\/a>\n\t\t\t\t<\/div>\n\t\t\t\t\t\t\t\t<\/div>\n\t\t\t\t<\/div>\n\t\t\t\t\t<\/div>\n\t\t<\/div>\n\t\t\t\t\t<\/div>\n\t\t<\/section>\n\t\t\t\t<section class=\"elementor-section elementor-inner-section elementor-element elementor-element-8af3258 elementor-section-full_width elementor-section-height-default elementor-section-height-default\" data-id=\"8af3258\" data-element_type=\"section\" data-e-type=\"section\">\n\t\t\t\t\t\t<div class=\"elementor-container elementor-column-gap-default\">\n\t\t\t\t\t<div class=\"elementor-column elementor-col-100 elementor-inner-column elementor-element elementor-element-45aa917\" data-id=\"45aa917\" data-element_type=\"column\" data-e-type=\"column\">\n\t\t\t<div class=\"elementor-widget-wrap elementor-element-populated\">\n\t\t\t\t\t\t<div class=\"elementor-element elementor-element-c5824d9 elementor-widget elementor-widget-image-carousel\" data-id=\"c5824d9\" data-element_type=\"widget\" data-e-type=\"widget\" data-settings=\"{&quot;slides_to_show&quot;:&quot;2&quot;,&quot;slides_to_show_tablet&quot;:&quot;2&quot;,&quot;slides_to_show_mobile&quot;:&quot;1&quot;,&quot;slides_to_scroll&quot;:&quot;1&quot;,&quot;navigation&quot;:&quot;none&quot;,&quot;autoplay_speed&quot;:0,&quot;speed&quot;:8000,&quot;autoplay&quot;:&quot;yes&quot;,&quot;pause_on_hover&quot;:&quot;yes&quot;,&quot;pause_on_interaction&quot;:&quot;yes&quot;,&quot;infinite&quot;:&quot;yes&quot;,&quot;image_spacing_custom&quot;:{&quot;unit&quot;:&quot;px&quot;,&quot;size&quot;:20,&quot;sizes&quot;:[]},&quot;image_spacing_custom_laptop&quot;:{&quot;unit&quot;:&quot;px&quot;,&quot;size&quot;:&quot;&quot;,&quot;sizes&quot;:[]},&quot;image_spacing_custom_tablet&quot;:{&quot;unit&quot;:&quot;px&quot;,&quot;size&quot;:&quot;&quot;,&quot;sizes&quot;:[]}}\" data-widget_type=\"image-carousel.default\">\n\t\t\t\t<div class=\"elementor-widget-container\">\n\t\t\t\t\t\t\t<div class=\"elementor-image-carousel-wrapper swiper\" role=\"region\" aria-roledescription=\"carousel\" aria-label=\"Carrusel d&#039;imatges\" dir=\"ltr\">\n\t\t\t<div class=\"elementor-image-carousel swiper-wrapper swiper-image-stretch\" aria-live=\"off\">\n\t\t\t\t\t\t\t\t<div class=\"swiper-slide\" role=\"group\" aria-roledescription=\"slide\" aria-label=\"1 of 14\"><figure class=\"swiper-slide-inner\"><img decoding=\"async\" class=\"swiper-slide-image\" src=\"https:\/\/scan.cat\/wp-content\/uploads\/2025\/02\/Festival-SCAN-Talent-Latent-0014.jpg\" alt=\"Festival-SCAN-Talent-Latent-0014\" title=\"\"><\/figure><\/div><div class=\"swiper-slide\" role=\"group\" aria-roledescription=\"slide\" aria-label=\"2 of 14\"><figure class=\"swiper-slide-inner\"><img decoding=\"async\" class=\"swiper-slide-image\" src=\"https:\/\/scan.cat\/wp-content\/uploads\/2025\/02\/Festival-SCAN-Talent-Latent-0013.jpg\" alt=\"Festival-SCAN-Talent-Latent-0013\" title=\"\"><\/figure><\/div><div class=\"swiper-slide\" role=\"group\" aria-roledescription=\"slide\" aria-label=\"3 of 14\"><figure class=\"swiper-slide-inner\"><img decoding=\"async\" class=\"swiper-slide-image\" src=\"https:\/\/scan.cat\/wp-content\/uploads\/2025\/02\/Festival-SCAN-Talent-Latent-0012.jpg\" alt=\"Festival-SCAN-Talent-Latent-0012\" title=\"\"><\/figure><\/div><div class=\"swiper-slide\" role=\"group\" aria-roledescription=\"slide\" aria-label=\"4 of 14\"><figure class=\"swiper-slide-inner\"><img decoding=\"async\" class=\"swiper-slide-image\" src=\"https:\/\/scan.cat\/wp-content\/uploads\/2025\/02\/Festival-SCAN-Talent-Latent-0011.jpg\" alt=\"Festival-SCAN-Talent-Latent-0011\" title=\"\"><\/figure><\/div><div class=\"swiper-slide\" role=\"group\" aria-roledescription=\"slide\" aria-label=\"5 of 14\"><figure class=\"swiper-slide-inner\"><img decoding=\"async\" class=\"swiper-slide-image\" src=\"https:\/\/scan.cat\/wp-content\/uploads\/2025\/02\/Festival-SCAN-Talent-Latent-0010.jpg\" alt=\"Festival-SCAN-Talent-Latent-0010\" title=\"\"><\/figure><\/div><div class=\"swiper-slide\" role=\"group\" aria-roledescription=\"slide\" aria-label=\"6 of 14\"><figure class=\"swiper-slide-inner\"><img decoding=\"async\" class=\"swiper-slide-image\" src=\"https:\/\/scan.cat\/wp-content\/uploads\/2025\/02\/Festival-SCAN-Talent-Latent-0009.jpg\" alt=\"Festival-SCAN-Talent-Latent-0009\" title=\"\"><\/figure><\/div><div class=\"swiper-slide\" role=\"group\" aria-roledescription=\"slide\" aria-label=\"7 of 14\"><figure class=\"swiper-slide-inner\"><img decoding=\"async\" class=\"swiper-slide-image\" src=\"https:\/\/scan.cat\/wp-content\/uploads\/2025\/02\/Festival-SCAN-Talent-Latent-0008.jpg\" alt=\"Festival-SCAN-Talent-Latent-0008\" title=\"\"><\/figure><\/div><div class=\"swiper-slide\" role=\"group\" aria-roledescription=\"slide\" aria-label=\"8 of 14\"><figure class=\"swiper-slide-inner\"><img decoding=\"async\" class=\"swiper-slide-image\" src=\"https:\/\/scan.cat\/wp-content\/uploads\/2025\/02\/Festival-SCAN-Talent-Latent-0007.jpg\" alt=\"Festival-SCAN-Talent-Latent-0007\" title=\"\"><\/figure><\/div><div class=\"swiper-slide\" role=\"group\" aria-roledescription=\"slide\" aria-label=\"9 of 14\"><figure class=\"swiper-slide-inner\"><img decoding=\"async\" class=\"swiper-slide-image\" src=\"https:\/\/scan.cat\/wp-content\/uploads\/2025\/02\/Festival-SCAN-Talent-Latent-0006.jpg\" alt=\"Festival-SCAN-Talent-Latent-0006\" title=\"\"><\/figure><\/div><div class=\"swiper-slide\" role=\"group\" aria-roledescription=\"slide\" aria-label=\"10 of 14\"><figure class=\"swiper-slide-inner\"><img decoding=\"async\" class=\"swiper-slide-image\" src=\"https:\/\/scan.cat\/wp-content\/uploads\/2025\/02\/Festival-SCAN-Talent-Latent-0005.jpg\" alt=\"Festival-SCAN-Talent-Latent-0005\" title=\"\"><\/figure><\/div><div class=\"swiper-slide\" role=\"group\" aria-roledescription=\"slide\" aria-label=\"11 of 14\"><figure class=\"swiper-slide-inner\"><img decoding=\"async\" class=\"swiper-slide-image\" src=\"https:\/\/scan.cat\/wp-content\/uploads\/2025\/02\/Festival-SCAN-Talent-Latent-0004.jpg\" alt=\"Festival-SCAN-Talent-Latent-0004\" title=\"\"><\/figure><\/div><div class=\"swiper-slide\" role=\"group\" aria-roledescription=\"slide\" aria-label=\"12 of 14\"><figure class=\"swiper-slide-inner\"><img decoding=\"async\" class=\"swiper-slide-image\" src=\"https:\/\/scan.cat\/wp-content\/uploads\/2025\/02\/Festival-SCAN-Talent-Latent-0003.jpg\" alt=\"Festival-SCAN-Talent-Latent-0003\" title=\"\"><\/figure><\/div><div class=\"swiper-slide\" role=\"group\" aria-roledescription=\"slide\" aria-label=\"13 of 14\"><figure class=\"swiper-slide-inner\"><img decoding=\"async\" class=\"swiper-slide-image\" src=\"https:\/\/scan.cat\/wp-content\/uploads\/2025\/02\/Festival-SCAN-Talent-Latent-0002.jpg\" alt=\"Festival-SCAN-Talent-Latent-0002\" title=\"\"><\/figure><\/div><div class=\"swiper-slide\" role=\"group\" aria-roledescription=\"slide\" aria-label=\"14 of 14\"><figure class=\"swiper-slide-inner\"><img decoding=\"async\" class=\"swiper-slide-image\" src=\"https:\/\/scan.cat\/wp-content\/uploads\/2025\/02\/Festival-SCAN-Talent-Latent-0001.jpg\" alt=\"Festival-SCAN-Talent-Latent-0001\" title=\"\"><\/figure><\/div>\t\t\t<\/div>\n\t\t\t\t\t\t\t\n\t\t\t\t\t\t\t\t\t<\/div>\n\t\t\t\t\t\t<\/div>\n\t\t\t\t<\/div>\n\t\t\t\t<div class=\"elementor-element elementor-element-43eeb77 elementor-widget elementor-widget-text-editor\" data-id=\"43eeb77\" data-element_type=\"widget\" data-e-type=\"widget\" data-widget_type=\"text-editor.default\">\n\t\t\t\t<div class=\"elementor-widget-container\">\n\t\t\t\t\t\t\t\t\t<p class=\"p1\">Photographs corresponding to the 11th edition of Talent Latent (2024)<\/p>\t\t\t\t\t\t\t\t<\/div>\n\t\t\t\t<\/div>\n\t\t\t\t\t<\/div>\n\t\t<\/div>\n\t\t\t\t\t<\/div>\n\t\t<\/section>\n\t\t\t\t<div class=\"elementor-element elementor-element-20de3d1 elementor-widget elementor-widget-text-editor\" data-id=\"20de3d1\" data-element_type=\"widget\" data-e-type=\"widget\" data-widget_type=\"text-editor.default\">\n\t\t\t\t<div class=\"elementor-widget-container\">\n\t\t\t\t\t\t\t\t\t<p><strong>OPEN CALL TO PHOTOGRAPHERS FROM ALL OVER THE WORLD<\/strong><\/p><p>SCAN, the international photography festival organised by Tarragona City Council, has opened the call for entries for TALENT LATENT, aimed at creators from all over the world who use photography as an essential and preferred means of expression.<\/p><p>The projects and artists selected from this call will be part of the central exhibition of the SCAN festival. It will be held at Tinglado 2 at the Port of Tarragona, from 10 October to 7 December 2025<\/p><p>Theme of projects: AQUA<\/p><p>Water is vital to the survival of humans and all life on our planet, yet it is estimated that between 1.7 and 2.4 billion people will face water scarcity by 2050. Today, about 40% of the Earth&#8217;s surface is at risk of desertification. <\/p><p>Seas and oceans contain 97% of the planet&#8217;s total water supply. At the same time, human-induced changes in the oceans are affecting the climate, marine ecosystems and coastal communities. More than 3 billion people depend directly on the resources of the oceans for their livelihoods.  <\/p><p>In addition, culture, spirituality, mythology and even leisure have been deeply linked to water: In religions such as Christianity, Islam, Judaism and Hinduism, water represents purification; in Native American cultures, it is a sacred element; in Greek mythology, the god Poseidon ruled the oceans; in some African cultures, water is a symbol of fertility and a dwelling place for spirits; in ancient Tarraco and throughout the Roman Empire, thermal baths were public baths with areas reserved for gymnastics or recreation; today, beaches, rivers, lakes and springs are areas of leisure and recreation virtually all over the world.<\/p><p>For all these reasons, and with the aim of insisting on the value and transcendence of water for our planet, for our survival and that of ecosystems, this year we are dedicating the programme of the twelfth edition of TALENT LATENT to exploring the theme of water.<\/p>\t\t\t\t\t\t\t\t<\/div>\n\t\t\t\t<\/div>\n\t\t\t\t<div class=\"elementor-element elementor-element-5968a79 elementor-widget elementor-widget-text-editor\" data-id=\"5968a79\" data-element_type=\"widget\" data-e-type=\"widget\" data-widget_type=\"text-editor.default\">\n\t\t\t\t<div class=\"elementor-widget-container\">\n\t\t\t\t\t\t\t\t\t<p><strong>TALENT LATENT RULES<\/strong><\/p><p><span style=\"text-decoration: underline;\"><strong>Deadline for project submission<br><\/strong><\/span>Until 31 March 2025 at 23:59.<\/p><p><span style=\"text-decoration: underline;\"><strong>Who can participate<\/strong><\/span><br>Artists over the age of 18 of any nationality.<\/p><p><span style=\"text-decoration: underline;\"><strong>Theme<\/strong><\/span><br>Water.<\/p><p><span style=\"text-decoration: underline;\"><strong>What kind of projects can be submitted?<\/strong><\/span><br>Photographic projects.<br>Projects or series that hybridise photography with other creative languages will be accepted.<\/p><p><span style=\"text-decoration: underline;\"><strong>How to submit a project Registration Form<\/strong><\/span><br>It must be submitted using the <a href=\"https:\/\/form.jotform.com\/250482339069058\" target=\"_blank\" rel=\"noopener\">registration form<\/a> .<br> The sheet will include:<br> 1. Personal contact details.<br> 2. Brief biography.<br> 3. Project title.<br> 4. Brief explanation (250 words).<br> 5. A zip file (max. 25 MB) with a maximum of 18 photographs from the same series. The photographs must have a minimum of 1,600 pixels on the shortest side, must be in jpg format and have an embedded RGB color profile. If deemed appropriate, and in order to facilitate the jury&#8217;s understanding of the project, a PDF with complementary information can be attached.<br> Projects in Catalan, Spanish or English are accepted.  <\/p><p><span style=\"text-decoration: underline;\"><strong>Cost of participation in the call<\/strong><\/span><br>There is no fee for submitting projects.<\/p><p><span style=\"text-decoration: underline;\"><strong>Curation and selection of projects<\/strong><\/span><br>Diana Padr\u00f3n, an independent curator who has been invited to TALENT LATENT 2025, will select the nine projects and artists that will make up the exhibition. Her decision will be final.<br>Apart from aesthetic criteria, the conceptual integrity of the project, the level of knowledge the author demonstrates on the subject, and the author\u2019s willingness to reflect critically will be evaluated. <\/p><p><span style=\"text-decoration: underline;\"><strong>When will selected artists be informed of the jury\u2019s decision? <\/strong><\/span><br>The festival organisers will contact the selected authors. The final list of artists participating in Talent Latent will be published on the SCAN festival website in May 2025. <\/p><p><span style=\"text-decoration: underline;\"><strong>Production of works for the exhibition<\/strong><\/span><br>SCAN will produce the photographic prints in a reliable professional laboratory.<\/p><p>The organisation will ask the selected authors for the photographic originals to produce the prints (they must be in digital format and of the highest possible quality).<br>The SCAN curatorial team will decide on the production of the prints, their number, size and materials, and how they will be installed in the exhibition spaces.<br>At the end of the exhibition, if the author has not informed the organisation of his\/her wish to retrieve the copies produced, they will be destroyed. If they wish to retrieve them, the authors will bear the cost of shipping or collecting the works. <\/p><p><span style=\"text-decoration: underline;\"><strong>Catalogue<\/strong><\/span><br>The SCAN organisation will publish the exhibition catalogue.<\/p><p><span style=\"text-decoration: underline;\"><strong>Payment for participating artists<br><\/strong><\/span><br>For each photographic series exhibited at TALENT LATENT, the author or individual responsible for joint projects will receive a one-time payment of \u20ac500, including taxes, for copyright and exhibition fees.<br>In order for Tarragona City Council to make the payment, each artist must present the documentation required by the SCAN organisation.<br>All invoicing procedures will be carried out in accordance with the legislation applicable to Spanish administrations.<\/p><p><span style=\"text-decoration: underline;\"><strong>Selected artists<\/strong><\/span><br>SCAN will invite the selected artists to the opening weekend of the Festival: 10-12 October 2025.<br>The invitation will include:<br>\u2014 2 nights\u2019 accommodation in the festival hotel, breakfast included<br>\u2014 Admission ticket for the catered opening event (10 October 2025).<br>\u2014 Admission to Full Contact professional meeting (11 October 2025).<br>\u2014 Lunch at the Teatret del Serrallo (11\/10\/2025).<br>The selected works and artists will be given visibility and promoted through the festival\u2019s digital channels (SCAN website and social networks).<br>Each participating artist will receive three exhibition catalogues.<br>Each artist will receive the appropriate copyright and exhibition fees (see point 11).<br>*Attendance at the opening event is encouraged but not required.<br>*Travel costs are the responsibility of each participant.<\/p><p><span style=\"text-decoration: underline;\"><strong>Copyright and communication rights<\/strong><\/span><br>Artists must exclusively own all the rights to their work.<br>The rights of the exhibited works belong to their authors, who temporarily cede to the SCAN organisation the rights of public communication, with the aim of promoting the exhibition through all official communication channels of the Festival or the press, as well as for the catalogue that we will publish.<br>Venue and dates of the TALENT LATENT exhibition<br>Venue: Tinglado 2. Port de Tarragona<br>Opening date: 10 October 2025<br>Dates of the exhibition: 10 October to 7 December <\/p><p><span style=\"text-decoration: underline;\"><strong>Note<\/strong><\/span><br>SCAN will resolve any matter not addressed in these rules. Its decisions will be final.<br>All artists who apply to take part in the TALENT LATENT call for entries must accept these rules.<\/p>\t\t\t\t\t\t\t\t<\/div>\n\t\t\t\t<\/div>\n\t\t\t\t<div class=\"elementor-element elementor-element-29ad87f elementor-widget-divider--view-line elementor-widget elementor-widget-divider\" data-id=\"29ad87f\" data-element_type=\"widget\" data-e-type=\"widget\" data-widget_type=\"divider.default\">\n\t\t\t\t<div class=\"elementor-widget-container\">\n\t\t\t\t\t\t\t<div class=\"elementor-divider\">\n\t\t\t<span class=\"elementor-divider-separator\">\n\t\t\t\t\t\t<\/span>\n\t\t<\/div>\n\t\t\t\t\t\t<\/div>\n\t\t\t\t<\/div>\n\t\t\t\t<div class=\"elementor-element elementor-element-d0264a3 elementor-widget elementor-widget-text-editor\" data-id=\"d0264a3\" data-element_type=\"widget\" data-e-type=\"widget\" data-widget_type=\"text-editor.default\">\n\t\t\t\t<div class=\"elementor-widget-container\">\n\t\t\t\t\t\t\t\t\t<p><strong style=\"background-color: var(--base-3); color: var(--contrast);\">Biography of the curator of TALENT LATENT<\/strong><\/p><p>Diana Padr\u00f3n has a doctorate in society and culture: History, Anthropology, Arts, Heritage and Cultural Management. She works as a researcher, teacher and curator. She is a professor at the University of Barcelona and a member of the management team of the Sant Andreu Contemporani &#8211; ICUB \/ Ajuntament de Barcelona programme. She has been a member of various R&amp;D research groups (Universitat de Barcelona, Universidad Complutense de Madrid) and a guest lecturer at the Universit\u00e0 di Padova, Universit\u00e9 de Lille and Goldsmiths, University of London. She was coordinator of the platform On Mediation. Platform on Curatorship and Research and co-editor of REG|AC (Journal of Global Studies and Contemporary Art). As an independent curator, she has organised exhibitions for institutions such as San Mart\u00edn Centro de Cultura Contempor\u00e1nea, Centro Atl\u00e1ntico de Arte Moderno, Fundaci\u00f3 Mies van der Rohe, Museu Picasso de Barcelona, Centro Galego de Arte Contempor\u00e1nea, Centro de Arte La Regenta, Casal Solleric &#8211; Ajuntament de Palma, Museo Internacional de Arte Contempor\u00e1neo de Lanzarote and Museo de Teruel, in international events such as the Loop Barcelona Festival, the 17th Bienal Internacional de Fotograf\u00eda Fotonoviembre \u2013 TEA, the 13th Bienal de La Habana and Something Else III \/ OFF Biennale Cairo, as well as in various galleries and independent spaces.      <\/p>\t\t\t\t\t\t\t\t<\/div>\n\t\t\t\t<\/div>\n\t\t\t\t\t<\/div>\n\t\t<\/div>\n\t\t\t\t\t<\/div>\n\t\t<\/section>\n\t\t\t\t<\/div>\n\t\t","protected":false},"excerpt":{"rendered":"<p>RULESTALENT LATENT2025 Download contest rules Registration form Photographs corresponding to the 11th edition of Talent Latent (2024) OPEN CALL TO PHOTOGRAPHERS FROM ALL OVER THE WORLD SCAN, the international photography festival organised by Tarragona City Council, has opened the call for entries for TALENT LATENT, aimed at creators from all over the world who use &#8230; <a title=\"Open Call Talent Latent 2025\" class=\"read-more\" href=\"https:\/\/scan.cat\/en\/open-call-talent-latent-2025\/\" aria-label=\"Read more about Open Call Talent Latent 2025\">Read more<\/a><\/p>\n","protected":false},"author":2,"featured_media":0,"parent":0,"menu_order":0,"comment_status":"closed","ping_status":"closed","template":"","meta":{"footnotes":""},"class_list":["post-12130","page","type-page","status-publish"],"_links":{"self":[{"href":"https:\/\/scan.cat\/en\/wp-json\/wp\/v2\/pages\/12130","targetHints":{"allow":["GET"]}}],"collection":[{"href":"https:\/\/scan.cat\/en\/wp-json\/wp\/v2\/pages"}],"about":[{"href":"https:\/\/scan.cat\/en\/wp-json\/wp\/v2\/types\/page"}],"author":[{"embeddable":true,"href":"https:\/\/scan.cat\/en\/wp-json\/wp\/v2\/users\/2"}],"replies":[{"embeddable":true,"href":"https:\/\/scan.cat\/en\/wp-json\/wp\/v2\/comments?post=12130"}],"version-history":[{"count":6,"href":"https:\/\/scan.cat\/en\/wp-json\/wp\/v2\/pages\/12130\/revisions"}],"predecessor-version":[{"id":12217,"href":"https:\/\/scan.cat\/en\/wp-json\/wp\/v2\/pages\/12130\/revisions\/12217"}],"wp:attachment":[{"href":"https:\/\/scan.cat\/en\/wp-json\/wp\/v2\/media?parent=12130"}],"curies":[{"name":"wp","href":"https:\/\/api.w.org\/{rel}","templated":true}]}}