{"id":13843,"date":"2022-07-12T14:32:05","date_gmt":"2022-07-12T14:32:05","guid":{"rendered":"https:\/\/scan.cat\/about-scan\/"},"modified":"2026-02-26T12:31:10","modified_gmt":"2026-02-26T12:31:10","slug":"about-scan","status":"publish","type":"page","link":"https:\/\/scan.cat\/en\/about-scan\/","title":{"rendered":"About SCAN"},"content":{"rendered":"\t\t<div data-elementor-type=\"wp-page\" data-elementor-id=\"13843\" class=\"elementor elementor-13843 elementor-397\" data-elementor-post-type=\"page\">\n\t\t\t\t<div class=\"elementor-element elementor-element-de119aa e-con-full e-flex e-con e-parent\" data-id=\"de119aa\" data-element_type=\"container\" data-e-type=\"container\" id=\"cabecera\">\n\t\t<div class=\"elementor-element elementor-element-c6d1dd6 e-con-full e-flex e-con e-child\" data-id=\"c6d1dd6\" data-element_type=\"container\" data-e-type=\"container\">\n\t\t\t\t<div class=\"elementor-element elementor-element-09d8895 elementor-widget elementor-widget-heading\" data-id=\"09d8895\" data-element_type=\"widget\" data-e-type=\"widget\" data-widget_type=\"heading.default\">\n\t\t\t\t<div class=\"elementor-widget-container\">\n\t\t\t\t\t<h1 class=\"elementor-heading-title elementor-size-default\">About SCAN<\/h1>\t\t\t\t<\/div>\n\t\t\t\t<\/div>\n\t\t\t\t<\/div>\n\t\t\t\t<\/div>\n\t\t<div class=\"elementor-element elementor-element-a14002e lseccion e-con-full e-flex e-con e-parent\" data-id=\"a14002e\" data-element_type=\"container\" data-e-type=\"container\">\n\t\t<div class=\"elementor-element elementor-element-be9111d e-con-full e-flex e-con e-child\" data-id=\"be9111d\" data-element_type=\"container\" data-e-type=\"container\">\n\t\t\t\t<div class=\"elementor-element elementor-element-dc72d58 elementor-widget elementor-widget-text-editor\" data-id=\"dc72d58\" data-element_type=\"widget\" data-e-type=\"widget\" data-widget_type=\"text-editor.default\">\n\t\t\t\t<div class=\"elementor-widget-container\">\n\t\t\t\t\t\t\t\t\t<p class=\"p1\"><b>SCAN Tarragona <br><\/b><b>13th edition<br><\/b>Theme<b> METAMORPHOSIS<br><\/b>From October 16 to November 29, 2026<b><br><\/b><b><br><\/b><\/p>\t\t\t\t\t\t\t\t<\/div>\n\t\t\t\t<\/div>\n\t\t\t\t<div class=\"elementor-element elementor-element-f93a59b elementor-hidden-desktop elementor-hidden-laptop elementor-hidden-tablet elementor-hidden-mobile elementor-widget elementor-widget-text-editor\" data-id=\"f93a59b\" data-element_type=\"widget\" data-e-type=\"widget\" data-widget_type=\"text-editor.default\">\n\t\t\t\t<div class=\"elementor-widget-container\">\n\t\t\t\t\t\t\t\t\t<h2><strong>The team<\/strong><\/h2><p><strong>Artistic Direction<\/strong><br>Jes\u00fas Vilamaj\u00f3 [Culture and More]<br>direccio@scan.cat<\/p><p><strong>Coordination<\/strong><br>Jordi Abell\u00f3<br>jabellov@tarragona.cat<\/p><p><strong>Production<\/strong><br>Helena Costa<br>produccio@scan.cat<\/p><p><strong>Communication and press<\/strong><br>Laia Mar\u00edn<br>comunicacio@scan.cat<\/p><p><strong>Program coordination<\/strong><br>Ana Gonz\u00e1lez Chouci\u00f1o<\/p><p><strong>Visual and graphic identity design<br><\/strong>Pau Llop<br><a href=\"http:\/\/paullop.xyz\" target=\"_blank\" rel=\"noopener\">paullop.xyz<\/a><\/p><p><strong>Hand program design<\/strong><br>P\u00e0karu projectes de disseny gr\u00e0fic<br><a href=\"http:\/\/pakaru.cat\" target=\"_blank\" rel=\"noopener\">pakaru.cat<\/a><\/p><p>Web design<br>Eiko studio<br><a href=\"https:\/\/eikostudio.com\/\" target=\"_blank\" rel=\"noopener\">eikostudio.com<\/a><\/p><p><strong>Full Contact space design<\/strong><br>Elba Romero Fajardo<\/p><p><strong>Text correction and translation<\/strong><br>B2B Translation<\/p>\t\t\t\t\t\t\t\t<\/div>\n\t\t\t\t<\/div>\n\t\t\t\t<div class=\"elementor-element elementor-element-322c29c elementor-hidden-desktop elementor-hidden-laptop elementor-hidden-tablet elementor-hidden-mobile elementor-widget elementor-widget-text-editor\" data-id=\"322c29c\" data-element_type=\"widget\" data-e-type=\"widget\" data-widget_type=\"text-editor.default\">\n\t\t\t\t<div class=\"elementor-widget-container\">\n\t\t\t\t\t\t\t\t\t<h2><strong>Organisation \/ Partners<\/strong><\/h2><p><strong>Organized by<\/strong><br>Ajuntament de Tarragona<\/p><p><strong>With the support of<\/strong><br>Generalitat de Catalunya<br>Diputaci\u00f3 de Tarragona<br>Port de Tarragona<br>Museu d\u2019Art Modern de Tarragona<br>Museu Nacional Arqueol\u00f2gic de Tarragona<br>M\u00e8dol Centre d\u2019Arts Contempor\u00e0nies de Tarragona<br>L&#8217;Arxiu<\/p><p><strong>Sponsoring companies<\/strong><br>BBVA<br>Fundaci\u00f3 Privada M\u00fatua Catalana<br>Agbar<\/p><p><strong>They collaborate<\/strong><br>Escola d\u2019Art i Disseny de Tarragona<br>Biblioteca Pepita Ferrer<br>Biblioteca P\u00fablica de Tarragona<br>Tarragona Turisme \u00b7 Espai Turisme<br>El P\u00e0rquing &#8211; Llumull Accions Audiovisuals &#8211; Mitjeres<br>Personal Tarragona<br>Xarxa Centres C\u00edvics de Tarragona<br>Campus Extens de la URV<br>Servei Municipal de Joventut <br>Espai Kesse<br>Associaci\u00f3 Bloc 23<br>Fundaci\u00f3 Onada<br>Photo KM0<br>Fundaci\u00f3 El C\u00edrcol de Reus<br>Jiser Reflexions Mediterr\u00e0nies<\/p><p><strong>Collaborating media<\/strong><br>Tarragona R\u00e0dio <br>Revista Mangrana<br>Clavoardiendo<\/p>\t\t\t\t\t\t\t\t<\/div>\n\t\t\t\t<\/div>\n\t\t\t\t<\/div>\n\t\t<div class=\"elementor-element elementor-element-108a9d7 e-con-full e-flex e-con e-child\" data-id=\"108a9d7\" data-element_type=\"container\" data-e-type=\"container\">\n\t\t\t\t<div class=\"elementor-element elementor-element-5174ab1 elementor-arrows-position-inside elementor-widget elementor-widget-image-carousel\" data-id=\"5174ab1\" data-element_type=\"widget\" data-e-type=\"widget\" data-settings=\"{&quot;slides_to_show&quot;:&quot;1&quot;,&quot;navigation&quot;:&quot;arrows&quot;,&quot;lazyload&quot;:&quot;yes&quot;,&quot;autoplay_speed&quot;:3500,&quot;speed&quot;:800,&quot;autoplay&quot;:&quot;yes&quot;,&quot;pause_on_hover&quot;:&quot;yes&quot;,&quot;pause_on_interaction&quot;:&quot;yes&quot;,&quot;infinite&quot;:&quot;yes&quot;,&quot;effect&quot;:&quot;slide&quot;}\" data-widget_type=\"image-carousel.default\">\n\t\t\t\t<div class=\"elementor-widget-container\">\n\t\t\t\t\t\t\t<div class=\"elementor-image-carousel-wrapper swiper\" role=\"region\" aria-roledescription=\"carousel\" aria-label=\"Carrusel d&#039;imatges\" dir=\"ltr\">\n\t\t\t<div class=\"elementor-image-carousel swiper-wrapper swiper-image-stretch\" aria-live=\"off\">\n\t\t\t\t\t\t\t\t<div class=\"swiper-slide\" role=\"group\" aria-roledescription=\"slide\" aria-label=\"1 of 10\"><figure class=\"swiper-slide-inner\"><img class=\"swiper-slide-image swiper-lazy\" data-src=\"https:\/\/scan.cat\/wp-content\/uploads\/2026\/02\/Sobre_SCAN_2025_08-1024x682.jpg\" alt=\"Sobre_SCAN_2025_08\" \/><div class=\"swiper-lazy-preloader\"><\/div><\/figure><\/div><div class=\"swiper-slide\" role=\"group\" aria-roledescription=\"slide\" aria-label=\"2 of 10\"><figure class=\"swiper-slide-inner\"><img class=\"swiper-slide-image swiper-lazy\" data-src=\"https:\/\/scan.cat\/wp-content\/uploads\/2026\/02\/Sobre_SCAN_2025_09-1024x668.jpg\" alt=\"Sobre_SCAN_2025_09\" \/><div class=\"swiper-lazy-preloader\"><\/div><\/figure><\/div><div class=\"swiper-slide\" role=\"group\" aria-roledescription=\"slide\" aria-label=\"3 of 10\"><figure class=\"swiper-slide-inner\"><img class=\"swiper-slide-image swiper-lazy\" data-src=\"https:\/\/scan.cat\/wp-content\/uploads\/2026\/02\/Sobre_SCAN_2025_10-1024x683.jpg\" alt=\"About_SCAN_2025_10\" \/><div class=\"swiper-lazy-preloader\"><\/div><\/figure><\/div><div class=\"swiper-slide\" role=\"group\" aria-roledescription=\"slide\" aria-label=\"4 of 10\"><figure class=\"swiper-slide-inner\"><img class=\"swiper-slide-image swiper-lazy\" data-src=\"https:\/\/scan.cat\/wp-content\/uploads\/2026\/02\/Sobre_SCAN_2025_11-1024x683.jpg\" alt=\"Sobre_SCAN_2025_11\" \/><div class=\"swiper-lazy-preloader\"><\/div><\/figure><\/div><div class=\"swiper-slide\" role=\"group\" aria-roledescription=\"slide\" aria-label=\"5 of 10\"><figure class=\"swiper-slide-inner\"><img class=\"swiper-slide-image swiper-lazy\" data-src=\"https:\/\/scan.cat\/wp-content\/uploads\/2026\/02\/Sobre_SCAN_2025_12-1024x682.jpg\" alt=\"Sobre_SCAN_2025_12\" \/><div class=\"swiper-lazy-preloader\"><\/div><\/figure><\/div><div class=\"swiper-slide\" role=\"group\" aria-roledescription=\"slide\" aria-label=\"6 of 10\"><figure class=\"swiper-slide-inner\"><img class=\"swiper-slide-image swiper-lazy\" data-src=\"https:\/\/scan.cat\/wp-content\/uploads\/2026\/02\/Sobre_SCAN_2025_13-1024x682.jpg\" alt=\"Sobre_SCAN_2025_13\" \/><div class=\"swiper-lazy-preloader\"><\/div><\/figure><\/div><div class=\"swiper-slide\" role=\"group\" aria-roledescription=\"slide\" aria-label=\"7 of 10\"><figure class=\"swiper-slide-inner\"><img class=\"swiper-slide-image swiper-lazy\" data-src=\"https:\/\/scan.cat\/wp-content\/uploads\/2026\/02\/Sobre_SCAN_2025_14-1024x682.jpg\" alt=\"Sobre_SCAN_2025_14\" \/><div class=\"swiper-lazy-preloader\"><\/div><\/figure><\/div><div class=\"swiper-slide\" role=\"group\" aria-roledescription=\"slide\" aria-label=\"8 of 10\"><figure class=\"swiper-slide-inner\"><img class=\"swiper-slide-image swiper-lazy\" data-src=\"https:\/\/scan.cat\/wp-content\/uploads\/2026\/02\/Sobre_SCAN_2025_15-1024x683.jpg\" alt=\"Sobre_SCAN_2025_15\" \/><div class=\"swiper-lazy-preloader\"><\/div><\/figure><\/div><div class=\"swiper-slide\" role=\"group\" aria-roledescription=\"slide\" aria-label=\"9 of 10\"><figure class=\"swiper-slide-inner\"><img class=\"swiper-slide-image swiper-lazy\" data-src=\"https:\/\/scan.cat\/wp-content\/uploads\/2026\/02\/Sobre_SCAN_2025_16-1024x682.jpg\" alt=\"Sobre_SCAN_2025_16\" \/><div class=\"swiper-lazy-preloader\"><\/div><\/figure><\/div><div class=\"swiper-slide\" role=\"group\" aria-roledescription=\"slide\" aria-label=\"10 of 10\"><figure class=\"swiper-slide-inner\"><img class=\"swiper-slide-image swiper-lazy\" data-src=\"https:\/\/scan.cat\/wp-content\/uploads\/2026\/02\/Sobre_SCAN_2025_17-1024x682.jpg\" alt=\"Sobre_SCAN_2025_17\" \/><div class=\"swiper-lazy-preloader\"><\/div><\/figure><\/div>\t\t\t<\/div>\n\t\t\t\t\t\t\t\t\t\t\t\t<div class=\"elementor-swiper-button elementor-swiper-button-prev\" role=\"button\" tabindex=\"0\">\n\t\t\t\t\t\t<i aria-hidden=\"true\" class=\"eicon-chevron-left\"><\/i>\t\t\t\t\t<\/div>\n\t\t\t\t\t<div class=\"elementor-swiper-button elementor-swiper-button-next\" role=\"button\" tabindex=\"0\">\n\t\t\t\t\t\t<i aria-hidden=\"true\" class=\"eicon-chevron-right\"><\/i>\t\t\t\t\t<\/div>\n\t\t\t\t\n\t\t\t\t\t\t\t\t\t<\/div>\n\t\t\t\t\t\t<\/div>\n\t\t\t\t<\/div>\n\t\t\t\t<div class=\"elementor-element elementor-element-fbe0538 elementor-widget elementor-widget-text-editor\" data-id=\"fbe0538\" data-element_type=\"widget\" data-e-type=\"widget\" data-widget_type=\"text-editor.default\">\n\t\t\t\t<div class=\"elementor-widget-container\">\n\t\t\t\t\t\t\t\t\t<p>SCAN Tarragona is an international photography festival that has been dedicated to supporting, promoting and presenting the work of emerging artists since 2008.<\/p><p>Its programme includes initiatives such as the international exhibition <em>Talent Latent<\/em>, port-folio reviews and the<em> Full Contact \u2013 Fundaci\u00f3 Privada M\u00fatua Catalana<\/em> Award, the <em>\u00d2cul<\/em> podcast, the artist publication <em>Bloc,<\/em> exhibitions devoted to subjects like Mediterranean cultures at Refugi 1 and presentations of national artists at the M\u00e8dol \u2013 Tarragona Contemporary Arts Centre, SCAN Films, <em>Biblioscan<\/em> \u2013 which brings photography to Tarragona\u2019s public library network \u2013 and the <em>SCAN Actiu<\/em> programme, fostering participatory photographic practices and engaging neighbourhoods and underrepresented communities. Together, these initiatives have positioned the festival as a key platform for contemporary photography in Spain.  <\/p><p>The festival is organised by the Tarragona City Council with the support of the Department of Culture of the Government of Catalonia, the Tarragona Provincial Council, the Port of Tarragona, the Tarragona Museum of Modern Art (MAMT), the National Archaeological Museum of Tarragona (MNAT), the Image Centre (CIT) L\u2019Arxiu, and the M\u00e8dol \u2013 Tarragona Contemporary Arts Centre, along with an extensive network of local public and private institutions.<\/p>\t\t\t\t\t\t\t\t<\/div>\n\t\t\t\t<\/div>\n\t\t\t\t<div class=\"elementor-element elementor-element-29c0210 elementor-widget elementor-widget-video\" data-id=\"29c0210\" data-element_type=\"widget\" data-e-type=\"widget\" data-settings=\"{&quot;youtube_url&quot;:&quot;https:\\\/\\\/youtu.be\\\/DmTertlW8Hk&quot;,&quot;video_type&quot;:&quot;youtube&quot;,&quot;controls&quot;:&quot;yes&quot;}\" data-widget_type=\"video.default\">\n\t\t\t\t<div class=\"elementor-widget-container\">\n\t\t\t\t\t\t\t<div class=\"elementor-wrapper elementor-open-inline\">\n\t\t\t<div class=\"elementor-video\"><\/div>\t\t<\/div>\n\t\t\t\t\t\t<\/div>\n\t\t\t\t<\/div>\n\t\t\t\t<\/div>\n\t\t\t\t<\/div>\n\t\t\t\t<\/div>\n\t\t","protected":false},"excerpt":{"rendered":"<p>About SCAN SCAN Tarragona 13th editionTheme METAMORPHOSISFrom October 16 to November 29, 2026 The team Artistic DirectionJes\u00fas Vilamaj\u00f3 [Culture and More]direccio@scan.cat CoordinationJordi Abell\u00f3jabellov@tarragona.cat ProductionHelena Costaproduccio@scan.cat Communication and pressLaia Mar\u00edncomunicacio@scan.cat Program coordinationAna Gonz\u00e1lez Chouci\u00f1o Visual and graphic identity designPau Lloppaullop.xyz Hand program designP\u00e0karu projectes de disseny gr\u00e0ficpakaru.cat Web designEiko studioeikostudio.com Full Contact space designElba Romero Fajardo &#8230; <a title=\"About SCAN\" class=\"read-more\" href=\"https:\/\/scan.cat\/en\/about-scan\/\" aria-label=\"Read more about About SCAN\">Read more<\/a><\/p>\n","protected":false},"author":2,"featured_media":0,"parent":0,"menu_order":0,"comment_status":"closed","ping_status":"closed","template":"","meta":{"footnotes":""},"class_list":["post-13843","page","type-page","status-publish"],"_links":{"self":[{"href":"https:\/\/scan.cat\/en\/wp-json\/wp\/v2\/pages\/13843","targetHints":{"allow":["GET"]}}],"collection":[{"href":"https:\/\/scan.cat\/en\/wp-json\/wp\/v2\/pages"}],"about":[{"href":"https:\/\/scan.cat\/en\/wp-json\/wp\/v2\/types\/page"}],"author":[{"embeddable":true,"href":"https:\/\/scan.cat\/en\/wp-json\/wp\/v2\/users\/2"}],"replies":[{"embeddable":true,"href":"https:\/\/scan.cat\/en\/wp-json\/wp\/v2\/comments?post=13843"}],"version-history":[{"count":5,"href":"https:\/\/scan.cat\/en\/wp-json\/wp\/v2\/pages\/13843\/revisions"}],"predecessor-version":[{"id":14080,"href":"https:\/\/scan.cat\/en\/wp-json\/wp\/v2\/pages\/13843\/revisions\/14080"}],"wp:attachment":[{"href":"https:\/\/scan.cat\/en\/wp-json\/wp\/v2\/media?parent=13843"}],"curies":[{"name":"wp","href":"https:\/\/api.w.org\/{rel}","templated":true}]}}