{"id":1014,"date":"2022-07-12T14:26:56","date_gmt":"2022-07-12T14:26:56","guid":{"rendered":"https:\/\/scan.cat\/bases-full-contact-2022\/"},"modified":"2024-04-19T09:59:23","modified_gmt":"2024-04-19T09:59:23","slug":"bases-full-contact","status":"publish","type":"page","link":"https:\/\/scan.cat\/es\/bases-full-contact\/","title":{"rendered":"Open Call Full Contact"},"content":{"rendered":"\t\t<div data-elementor-type=\"wp-page\" data-elementor-id=\"1014\" class=\"elementor elementor-1014 elementor-364\" data-elementor-post-type=\"page\">\n\t\t\t\t\t\t<section class=\"elementor-section elementor-top-section elementor-element elementor-element-3c8f2e4 secciones elementor-section-full_width elementor-section-height-default elementor-section-height-default\" data-id=\"3c8f2e4\" data-element_type=\"section\" data-e-type=\"section\" id=\"bases0\">\n\t\t\t\t\t\t<div class=\"elementor-container elementor-column-gap-default\">\n\t\t\t\t\t<div class=\"elementor-column elementor-col-100 elementor-top-column elementor-element elementor-element-b78e461\" data-id=\"b78e461\" data-element_type=\"column\" data-e-type=\"column\">\n\t\t\t<div class=\"elementor-widget-wrap elementor-element-populated\">\n\t\t\t\t\t\t<section class=\"elementor-section elementor-inner-section elementor-element elementor-element-a65dfdd elementor-section-full_width elementor-section-content-space-evenly elementor-section-height-default elementor-section-height-default\" data-id=\"a65dfdd\" data-element_type=\"section\" data-e-type=\"section\">\n\t\t\t\t\t\t<div class=\"elementor-container elementor-column-gap-default\">\n\t\t\t\t\t<div class=\"elementor-column elementor-col-50 elementor-inner-column elementor-element elementor-element-80157c6\" data-id=\"80157c6\" data-element_type=\"column\" data-e-type=\"column\">\n\t\t\t<div class=\"elementor-widget-wrap elementor-element-populated\">\n\t\t\t\t\t\t<div class=\"elementor-element elementor-element-b947f3b elementor-widget elementor-widget-text-editor\" data-id=\"b947f3b\" data-element_type=\"widget\" data-e-type=\"widget\" data-widget_type=\"text-editor.default\">\n\t\t\t\t<div class=\"elementor-widget-container\">\n\t\t\t\t\t\t\t\t\t<h1><u>BASES<br \/><em>FULL CONTACT <\/em><br \/>2024<\/u><\/h1>\n\t\t\t\t\t\t\t\t<\/div>\n\t\t\t\t<\/div>\n\t\t\t\t\t<\/div>\n\t\t<\/div>\n\t\t\t\t<div class=\"elementor-column elementor-col-50 elementor-inner-column elementor-element elementor-element-ec692b9\" data-id=\"ec692b9\" data-element_type=\"column\" data-e-type=\"column\">\n\t\t\t<div class=\"elementor-widget-wrap elementor-element-populated\">\n\t\t\t\t\t\t<div class=\"elementor-element elementor-element-725f48e elementor-widget elementor-widget-button\" data-id=\"725f48e\" data-element_type=\"widget\" data-e-type=\"widget\" data-widget_type=\"button.default\">\n\t\t\t\t<div class=\"elementor-widget-container\">\n\t\t\t\t\t\t\t\t\t<div class=\"elementor-button-wrapper\">\n\t\t\t\t\t<a class=\"elementor-button elementor-button-link elementor-size-sm\" href=\"https:\/\/scan.cat\/wp-content\/uploads\/2024\/04\/SCAN_dossier_fullcontact2024_CAS.pdf\" target=\"_blank\">\n\t\t\t\t\t\t<span class=\"elementor-button-content-wrapper\">\n\t\t\t\t\t\t\t\t\t<span class=\"elementor-button-text\">Desc\u00e1rgate las bases<\/span>\n\t\t\t\t\t<\/span>\n\t\t\t\t\t<\/a>\n\t\t\t\t<\/div>\n\t\t\t\t\t\t\t\t<\/div>\n\t\t\t\t<\/div>\n\t\t\t\t<div class=\"elementor-element elementor-element-486aea5 elementor-widget elementor-widget-button\" data-id=\"486aea5\" data-element_type=\"widget\" data-e-type=\"widget\" data-widget_type=\"button.default\">\n\t\t\t\t<div class=\"elementor-widget-container\">\n\t\t\t\t\t\t\t\t\t<div class=\"elementor-button-wrapper\">\n\t\t\t\t\t<a class=\"elementor-button elementor-button-link elementor-size-sm\" href=\"https:\/\/form.jotform.com\/241054326827354\" target=\"_blank\" rel=\"noopener\">\n\t\t\t\t\t\t<span class=\"elementor-button-content-wrapper\">\n\t\t\t\t\t\t\t\t\t<span class=\"elementor-button-text\">Ficha de inscripci\u00f3n<\/span>\n\t\t\t\t\t<\/span>\n\t\t\t\t\t<\/a>\n\t\t\t\t<\/div>\n\t\t\t\t\t\t\t\t<\/div>\n\t\t\t\t<\/div>\n\t\t\t\t\t<\/div>\n\t\t<\/div>\n\t\t\t\t\t<\/div>\n\t\t<\/section>\n\t\t\t\t<section class=\"elementor-section elementor-inner-section elementor-element elementor-element-66dffed elementor-section-full_width elementor-section-height-default elementor-section-height-default\" data-id=\"66dffed\" data-element_type=\"section\" data-e-type=\"section\">\n\t\t\t\t\t\t<div class=\"elementor-container elementor-column-gap-default\">\n\t\t\t\t\t<div class=\"elementor-column elementor-col-100 elementor-inner-column elementor-element elementor-element-c934744\" data-id=\"c934744\" data-element_type=\"column\" data-e-type=\"column\">\n\t\t\t<div class=\"elementor-widget-wrap elementor-element-populated\">\n\t\t\t\t\t\t<div class=\"elementor-element elementor-element-6ce4851 elementor-widget elementor-widget-image-carousel\" data-id=\"6ce4851\" data-element_type=\"widget\" data-e-type=\"widget\" data-settings=\"{&quot;slides_to_show&quot;:&quot;2&quot;,&quot;slides_to_show_mobile&quot;:&quot;1&quot;,&quot;slides_to_scroll&quot;:&quot;1&quot;,&quot;navigation&quot;:&quot;none&quot;,&quot;autoplay_speed&quot;:0,&quot;speed&quot;:8000,&quot;autoplay&quot;:&quot;yes&quot;,&quot;pause_on_hover&quot;:&quot;yes&quot;,&quot;pause_on_interaction&quot;:&quot;yes&quot;,&quot;infinite&quot;:&quot;yes&quot;,&quot;image_spacing_custom&quot;:{&quot;unit&quot;:&quot;px&quot;,&quot;size&quot;:20,&quot;sizes&quot;:[]},&quot;image_spacing_custom_laptop&quot;:{&quot;unit&quot;:&quot;px&quot;,&quot;size&quot;:&quot;&quot;,&quot;sizes&quot;:[]},&quot;image_spacing_custom_tablet&quot;:{&quot;unit&quot;:&quot;px&quot;,&quot;size&quot;:&quot;&quot;,&quot;sizes&quot;:[]}}\" data-widget_type=\"image-carousel.default\">\n\t\t\t\t<div class=\"elementor-widget-container\">\n\t\t\t\t\t\t\t<div class=\"elementor-image-carousel-wrapper swiper\" role=\"region\" aria-roledescription=\"carousel\" aria-label=\"Carrusel de im\u00e1genes\" dir=\"ltr\">\n\t\t\t<div class=\"elementor-image-carousel swiper-wrapper swiper-image-stretch\" aria-live=\"off\">\n\t\t\t\t\t\t\t\t<div class=\"swiper-slide\" role=\"group\" aria-roledescription=\"slide\" aria-label=\"1 de 9\"><figure class=\"swiper-slide-inner\"><img decoding=\"async\" class=\"swiper-slide-image\" src=\"https:\/\/scan.cat\/wp-content\/uploads\/2024\/04\/FullContact-277.jpg\" alt=\"FullContact-277\" title=\"\"><\/figure><\/div><div class=\"swiper-slide\" role=\"group\" aria-roledescription=\"slide\" aria-label=\"2 de 9\"><figure class=\"swiper-slide-inner\"><img decoding=\"async\" class=\"swiper-slide-image\" src=\"https:\/\/scan.cat\/wp-content\/uploads\/2024\/04\/FullContact-280.jpg\" alt=\"FullContact-280\" title=\"\"><\/figure><\/div><div class=\"swiper-slide\" role=\"group\" aria-roledescription=\"slide\" aria-label=\"3 de 9\"><figure class=\"swiper-slide-inner\"><img decoding=\"async\" class=\"swiper-slide-image\" src=\"https:\/\/scan.cat\/wp-content\/uploads\/2024\/04\/FullContact-284.jpg\" alt=\"FullContact-284\" title=\"\"><\/figure><\/div><div class=\"swiper-slide\" role=\"group\" aria-roledescription=\"slide\" aria-label=\"4 de 9\"><figure class=\"swiper-slide-inner\"><img decoding=\"async\" class=\"swiper-slide-image\" src=\"https:\/\/scan.cat\/wp-content\/uploads\/2024\/04\/FullContact-286.jpg\" alt=\"FullContact-286\" title=\"\"><\/figure><\/div><div class=\"swiper-slide\" role=\"group\" aria-roledescription=\"slide\" aria-label=\"5 de 9\"><figure class=\"swiper-slide-inner\"><img decoding=\"async\" class=\"swiper-slide-image\" src=\"https:\/\/scan.cat\/wp-content\/uploads\/2024\/04\/FullContact-291.jpg\" alt=\"FullContact-291\" title=\"\"><\/figure><\/div><div class=\"swiper-slide\" role=\"group\" aria-roledescription=\"slide\" aria-label=\"6 de 9\"><figure class=\"swiper-slide-inner\"><img decoding=\"async\" class=\"swiper-slide-image\" src=\"https:\/\/scan.cat\/wp-content\/uploads\/2024\/04\/FullContact-292.jpg\" alt=\"FullContact-292\" title=\"\"><\/figure><\/div><div class=\"swiper-slide\" role=\"group\" aria-roledescription=\"slide\" aria-label=\"7 de 9\"><figure class=\"swiper-slide-inner\"><img decoding=\"async\" class=\"swiper-slide-image\" src=\"https:\/\/scan.cat\/wp-content\/uploads\/2024\/04\/FullContact-293.jpg\" alt=\"FullContact-293\" title=\"\"><\/figure><\/div><div class=\"swiper-slide\" role=\"group\" aria-roledescription=\"slide\" aria-label=\"8 de 9\"><figure class=\"swiper-slide-inner\"><img decoding=\"async\" class=\"swiper-slide-image\" src=\"https:\/\/scan.cat\/wp-content\/uploads\/2024\/04\/FullContact-295.jpg\" alt=\"FullContact-295\" title=\"\"><\/figure><\/div><div class=\"swiper-slide\" role=\"group\" aria-roledescription=\"slide\" aria-label=\"9 de 9\"><figure class=\"swiper-slide-inner\"><img decoding=\"async\" class=\"swiper-slide-image\" src=\"https:\/\/scan.cat\/wp-content\/uploads\/2024\/04\/FullContact-296.jpg\" alt=\"FullContact-296\" title=\"\"><\/figure><\/div>\t\t\t<\/div>\n\t\t\t\t\t\t\t\n\t\t\t\t\t\t\t\t\t<\/div>\n\t\t\t\t\t\t<\/div>\n\t\t\t\t<\/div>\n\t\t\t\t\t<\/div>\n\t\t<\/div>\n\t\t\t\t\t<\/div>\n\t\t<\/section>\n\t\t\t\t<div class=\"elementor-element elementor-element-3e968ff elementor-widget elementor-widget-text-editor\" data-id=\"3e968ff\" data-element_type=\"widget\" data-e-type=\"widget\" data-widget_type=\"text-editor.default\">\n\t\t\t\t<div class=\"elementor-widget-container\">\n\t\t\t\t\t\t\t\t\t<p><strong>CONVOCATORIA <\/strong><strong><em>FULL CONTACT \u00b7<\/em><\/strong><strong>7a EDICI\u00d3N \u00b7 SCAN TARRAGONA 2024<br \/><\/strong><\/p>\n\t\t\t\t\t\t\t\t<\/div>\n\t\t\t\t<\/div>\n\t\t\t\t<div class=\"elementor-element elementor-element-dce813c elementor-widget elementor-widget-text-editor\" data-id=\"dce813c\" data-element_type=\"widget\" data-e-type=\"widget\" data-widget_type=\"text-editor.default\">\n\t\t\t\t<div class=\"elementor-widget-container\">\n\t\t\t\t\t\t\t\t\t<p>Dirigida a artistas emergentes que trabajan con la fotograf\u00eda como medio de expresi\u00f3n esencial.<br><br><\/p>\n<p><strong>Un a\u00f1o m\u00e1s, SCAN Tarragona, el festival de internacional de fotograf\u00eda que organiza el Ayuntamiento de Tarragona, pone en marcha<\/strong> <strong><em>FULL CONTACT<\/em><\/strong> <strong>para apoyar al colectivo de artistas emergentes que tienen la fotograf\u00eda como medio de expresi\u00f3n esencial y facilitarles un espacio de encuentro profesional con los agentes del mundo del arte.<\/strong><\/p>\t\t\t\t\t\t\t\t<\/div>\n\t\t\t\t<\/div>\n\t\t\t\t<div class=\"elementor-element elementor-element-20de3d1 elementor-widget elementor-widget-text-editor\" data-id=\"20de3d1\" data-element_type=\"widget\" data-e-type=\"widget\" data-widget_type=\"text-editor.default\">\n\t\t\t\t<div class=\"elementor-widget-container\">\n\t\t\t\t\t\t\t\t\t<p><span style=\"text-decoration: underline;\"><strong>Qu\u00e9 es <em>Full Contact<\/em><\/strong><\/span><\/p>\n<p>Es un encuentro profesional y, al mismo tiempo, un visionado de portafolios innovador: un espacio relacional y \u00fatil en el que un grupo de artistas emergentes \u2014seleccionados por el festival a partir de esta convocatoria\u2014 compartir\u00e1 sus proyectos fotogr\u00e1ficos con un grupo de expertos del mundo de la fotograf\u00eda y las artes visuales (<em>followers<\/em>). En <em>Full Contact <\/em> cada artista participante podr\u00e1 obtener <em>feedback<\/em> sobre su obra, ampliar la red de contactos o, en su caso, iniciar colaboraciones con otros creadores o agentes.<\/p>\n<p><strong>Las caracter\u00edsticas que hacen \u00fanico <\/strong><strong><em>Full Contact<\/em><\/strong><strong> son: <\/strong> <\/p>\n<ol>\n<li>Las personas seleccionadas vienen invitadas por el festival y no deben pagar ninguna inscripci\u00f3n.<\/li>\n<li>Facilitamos un ambiente confortable, amable y distendido que impulsa la confianza y las relaciones humanas entre artistas <em>followers<\/em>.<\/li>\n<li>Garantizamos la emoci\u00f3n de disfrutar de una jornada de aprendizaje apasionante rodeados de profesionales de reconocido prestigio en el campo de la fotograf\u00eda y el arte.<\/li>\n<\/ol>\n\t\t\t\t\t\t\t\t<\/div>\n\t\t\t\t<\/div>\n\t\t\t\t<div class=\"elementor-element elementor-element-5968a79 elementor-widget elementor-widget-text-editor\" data-id=\"5968a79\" data-element_type=\"widget\" data-e-type=\"widget\" data-widget_type=\"text-editor.default\">\n\t\t\t\t<div class=\"elementor-widget-container\">\n\t\t\t\t\t\t\t\t\t<p><span style=\"text-decoration: underline;\"><strong>Plazo de presentaci\u00f3n de proyectos<br \/><\/strong><\/span>Hasta el d\u00eda 26 de mayo de 2024 a las 23:59 h.<\/p>\n<p><span style=\"text-decoration: underline;\"><strong>Las fechas de <em>Full Contact<br \/><\/em><\/strong><\/span>El d\u00eda 19 de octubre de 2024, de las 10 h hasta las 16 h, en el Teatret del Port, en el barrio de pescadores del Serrallo (Tarragona).<\/p>\n<p><span style=\"text-decoration: underline;\"><strong>Qui\u00e9n puede asistir a <em>Full Contact<br \/><\/em><\/strong><\/span>Personas mayores de edad y de cualquier nacionalidad, pero rsidentes en el Estado espa\u00f1ol.<\/p>\n<p><strong><span style=\"text-decoration: underline;\">Qu\u00e9 tipos de proyectos se pueden presentar<\/span> <br \/><\/strong>Queremos promover la narrativa visual entre los nuevos creadores y creadoras y, en este sentido, cada uno puede presentar una serie fotogr\u00e1fica que relate una historia.<br \/>El tema es libre.<\/p>\n<p><strong><span style=\"text-decoration: underline;\">Cu\u00e1ntos proyectos ganadores habr\u00e1<\/span> <br \/><\/strong>El equipo curatorial elegir\u00e1 los 12 mejores proyectos recibidos e invitar\u00e1 a sus autores y autoras a asistir a la 7.\u00aa edici\u00f3n de Full Contact.<\/p>\n<p><strong><span style=\"text-decoration: underline;\">Equipo curatorial<\/span> <br \/><\/strong>Estar\u00e1 configurado por <em>Frederic Montorn\u00e9s<\/em>, comisario de arte independiente, y <em>Sonia Berger<\/em>, editora en Dalpine. Su decisi\u00f3n ser\u00e1 inapelable. Su decisi\u00f3n ser\u00e1 inapelable.<\/p>\n<p><span style=\"text-decoration: underline;\"><strong>Sobre los<\/strong> <strong><em>followers<\/em><\/strong> <strong>(agentes del mundo del arte que participar\u00e1n como<\/strong> <strong><em>follower en <\/em><\/strong><\/span><strong><span style=\"text-decoration: underline;\">Full Contact)<\/span> <br \/><\/strong>Hemos previsto que participar\u00e1n 25 followers, entre comisarios independientes, equipos directivos de otros festivales de fotograf\u00eda, editoriales o galer\u00edas. Los nombres se anunciar\u00e1n durante el mes de julio de 2024 en la web del festival.<\/p>\n<p><strong><span style=\"text-decoration: underline;\">C\u00f3mo presentar el proyecto. Ficha de inscripci\u00f3n<\/span><br \/><\/strong>Deber\u00e1 presentarse mediante la <a href=\"https:\/\/form.jotform.com\/241055336838358\" target=\"_blank\" rel=\"noopener\"><u>ficha de inscripci\u00f3n.<\/u><\/a><em><br \/><\/em>El proyecto deber\u00e1 presentarse mediante la ficha de inscripci\u00f3n, en la que se har\u00e1n constar:<\/p>\n<ol>\n<li>Datos personales de contacto.<\/li>\n<li>Biograf\u00eda breve.<\/li>\n<li>T\u00edtulo del proyecto.<\/li>\n<li>Breve explicaci\u00f3n (250 palabras).<\/li>\n<li>5. Un archivo ZIP (m\u00e1x. 25 MB) con un m\u00e1ximo de 18 fotograf\u00edas de la serie (2000 p\u00edxeles por el lado m\u00e1s corto y comprimidas con .jpg). Si se considera oportuno, y de cara a facilitar al jurado la comprensi\u00f3n del proyecto, la persona firmante del mismo puede a\u00f1adir un PDF con informaci\u00f3n complementaria.<\/li>\n<\/ol>\n<p>Los idiomas en los que se puede participar en la convocatoria son catal\u00e1n y castellano.<\/p>\n<p><span style=\"text-decoration: underline;\"><strong>Los artistas seleccionados para el <\/strong> <strong><em>Full Contact<\/em><\/strong><\/span><strong><span style=\"text-decoration: underline;\"> dispondr\u00e1n de:<\/span> <br \/><\/strong>Invitaci\u00f3n a asistir a la jornada <em>Full Contact<\/em> en calidad de artista invitado\/a.<br \/>Mesa en <em>Full Contact<\/em> para mostrar el proyecto a los agentes del mundo del arte.<br \/>Promoci\u00f3n y visibilizaci\u00f3n de los proyectos y artistas en el sitio web scan.cat.<br \/>Una noche de alojamiento en hotel a cargo del festival (entrada 18\/10\/24 y salida 19\/10\/24) y tique para la comida Full Contact (19\/10\/24).<br \/>Adem\u00e1s: invitaci\u00f3n a asistir a los actos de inauguraci\u00f3n del Festival SCAN Tarragona y tique para la cena (18\/10\/24).<\/p>\n<p><strong><span style=\"text-decoration: underline;\">De los derechos de autor y de comunicaci\u00f3n<\/span> <br \/><\/strong>Los derechos de las obras expuestas pertenecen a sus autores y autoras, que ceder\u00e1n temporalmente los derechos de comunicaci\u00f3n p\u00fablica a la organizaci\u00f3n de SCAN con el objetivo de promover la actividad a trav\u00e9s de cualquier canal oficial del festival o prensa.<\/p>\n<p><strong><span style=\"text-decoration: underline;\">Obligaciones de los artista<\/span>s<br \/><\/strong>Cuando los y las artistas aceptan participar en <em>Full Contact<\/em>, se comprometen <em>de facto<\/em> a asistir presencialmente a la actividad el d\u00eda anunciado.<\/p>\n<p><strong><span style=\"text-decoration: underline;\">Consideraciones finale<\/span>s<br \/><\/strong>La organizaci\u00f3n de SCAN resolver\u00e1 cualquier aspecto no previsto en estas bases y sus decisiones ser\u00e1n inapelables. La participaci\u00f3n en la convocatoria <em>Full Contact<\/em> obliga a todas las personas que env\u00edan su ficha a aceptar estas bases.<\/p>\n<p><b>Nota: <\/b> presentarse a esta convocatoria no tiene ning\u00fan coste de inscripci\u00f3n.<\/p>\n\t\t\t\t\t\t\t\t<\/div>\n\t\t\t\t<\/div>\n\t\t\t\t\t<\/div>\n\t\t<\/div>\n\t\t\t\t\t<\/div>\n\t\t<\/section>\n\t\t\t\t<\/div>\n\t\t","protected":false},"excerpt":{"rendered":"<p>BASESFULL CONTACT 2024 Desc\u00e1rgate las bases Ficha de inscripci\u00f3n CONVOCATORIA FULL CONTACT \u00b77a EDICI\u00d3N \u00b7 SCAN TARRAGONA 2024 Dirigida a artistas emergentes que trabajan con la fotograf\u00eda como medio de expresi\u00f3n esencial. Un a\u00f1o m\u00e1s, SCAN Tarragona, el festival de internacional de fotograf\u00eda que organiza el Ayuntamiento de Tarragona, pone en marcha FULL CONTACT para &#8230; <a title=\"Open Call Full Contact\" class=\"read-more\" href=\"https:\/\/scan.cat\/es\/bases-full-contact\/\" aria-label=\"Leer m\u00e1s sobre Open Call Full Contact\">Leer m\u00e1s<\/a><\/p>\n","protected":false},"author":2,"featured_media":0,"parent":0,"menu_order":0,"comment_status":"closed","ping_status":"closed","template":"","meta":{"footnotes":""},"class_list":["post-1014","page","type-page","status-publish"],"_links":{"self":[{"href":"https:\/\/scan.cat\/es\/wp-json\/wp\/v2\/pages\/1014","targetHints":{"allow":["GET"]}}],"collection":[{"href":"https:\/\/scan.cat\/es\/wp-json\/wp\/v2\/pages"}],"about":[{"href":"https:\/\/scan.cat\/es\/wp-json\/wp\/v2\/types\/page"}],"author":[{"embeddable":true,"href":"https:\/\/scan.cat\/es\/wp-json\/wp\/v2\/users\/2"}],"replies":[{"embeddable":true,"href":"https:\/\/scan.cat\/es\/wp-json\/wp\/v2\/comments?post=1014"}],"version-history":[{"count":73,"href":"https:\/\/scan.cat\/es\/wp-json\/wp\/v2\/pages\/1014\/revisions"}],"predecessor-version":[{"id":9175,"href":"https:\/\/scan.cat\/es\/wp-json\/wp\/v2\/pages\/1014\/revisions\/9175"}],"wp:attachment":[{"href":"https:\/\/scan.cat\/es\/wp-json\/wp\/v2\/media?parent=1014"}],"curies":[{"name":"wp","href":"https:\/\/api.w.org\/{rel}","templated":true}]}}