{"id":1016,"date":"2022-07-12T13:16:42","date_gmt":"2022-07-12T13:16:42","guid":{"rendered":"https:\/\/scan.cat\/inicio\/"},"modified":"2024-03-01T10:20:52","modified_gmt":"2024-03-01T10:20:52","slug":"inicio","status":"publish","type":"page","link":"https:\/\/scan.cat\/es\/inicio\/","title":{"rendered":"Inicio"},"content":{"rendered":"\t\t<div data-elementor-type=\"wp-page\" data-elementor-id=\"1016\" class=\"elementor elementor-1016 elementor-109\" data-elementor-post-type=\"page\">\n\t\t\t\t\t\t<section class=\"elementor-section elementor-top-section elementor-element elementor-element-71905b6 elementor-section-full_width elementor-section-height-min-height elementor-hidden-mobile elementor-section-height-default elementor-section-items-middle\" data-id=\"71905b6\" data-element_type=\"section\" data-e-type=\"section\" id=\"home0\" data-settings=\"{&quot;background_background&quot;:&quot;classic&quot;}\">\n\t\t\t\t\t\t\t<div class=\"elementor-background-overlay\"><\/div>\n\t\t\t\t\t\t\t<div class=\"elementor-container elementor-column-gap-default\">\n\t\t\t\t\t<div class=\"elementor-column elementor-col-100 elementor-top-column elementor-element elementor-element-35e409c\" data-id=\"35e409c\" data-element_type=\"column\" data-e-type=\"column\">\n\t\t\t<div class=\"elementor-widget-wrap elementor-element-populated\">\n\t\t\t\t\t\t<div class=\"elementor-element elementor-element-0c39e3a elementor-hidden-desktop elementor-hidden-laptop elementor-hidden-tablet elementor-hidden-mobile elementor-widget elementor-widget-text-editor\" data-id=\"0c39e3a\" data-element_type=\"widget\" data-e-type=\"widget\" data-widget_type=\"text-editor.default\">\n\t\t\t\t<div class=\"elementor-widget-container\">\n\t\t\t\t\t\t\t\t\t<p>13 October 2023 &#8211; 15 January 2024<\/p>\n\t\t\t\t\t\t\t\t<\/div>\n\t\t\t\t<\/div>\n\t\t\t\t\t<\/div>\n\t\t<\/div>\n\t\t\t\t\t<\/div>\n\t\t<\/section>\n\t\t\t\t<section class=\"elementor-section elementor-top-section elementor-element elementor-element-039fec9 elementor-section-full_width elementor-section-height-min-height elementor-section-items-bottom elementor-hidden-desktop elementor-hidden-laptop elementor-hidden-tablet elementor-section-height-default\" data-id=\"039fec9\" data-element_type=\"section\" data-e-type=\"section\" data-settings=\"{&quot;background_background&quot;:&quot;classic&quot;}\">\n\t\t\t\t\t\t\t<div class=\"elementor-background-overlay\"><\/div>\n\t\t\t\t\t\t\t<div class=\"elementor-container elementor-column-gap-default\">\n\t\t\t\t\t<div class=\"elementor-column elementor-col-100 elementor-top-column elementor-element elementor-element-9f47ce1\" data-id=\"9f47ce1\" data-element_type=\"column\" data-e-type=\"column\">\n\t\t\t<div class=\"elementor-widget-wrap elementor-element-populated\">\n\t\t\t\t\t\t<div class=\"elementor-element elementor-element-79c15fc elementor-hidden-desktop elementor-hidden-laptop elementor-hidden-tablet elementor-hidden-mobile elementor-widget elementor-widget-text-editor\" data-id=\"79c15fc\" data-element_type=\"widget\" data-e-type=\"widget\" data-widget_type=\"text-editor.default\">\n\t\t\t\t<div class=\"elementor-widget-container\">\n\t\t\t\t\t\t\t\t\t<p>13 October 2023 &#8211; 15 January 2024<\/p>\n\t\t\t\t\t\t\t\t<\/div>\n\t\t\t\t<\/div>\n\t\t\t\t\t<\/div>\n\t\t<\/div>\n\t\t\t\t\t<\/div>\n\t\t<\/section>\n\t\t\t\t<section class=\"elementor-section elementor-top-section elementor-element elementor-element-1bfab2f elementor-section-full_width secciones elementor-hidden-desktop elementor-hidden-laptop elementor-hidden-tablet elementor-hidden-mobile elementor-section-height-default elementor-section-height-default\" data-id=\"1bfab2f\" data-element_type=\"section\" data-e-type=\"section\">\n\t\t\t\t\t\t<div class=\"elementor-container elementor-column-gap-default\">\n\t\t\t\t\t<div class=\"elementor-column elementor-col-100 elementor-top-column elementor-element elementor-element-9f173fa\" data-id=\"9f173fa\" data-element_type=\"column\" data-e-type=\"column\">\n\t\t\t<div class=\"elementor-widget-wrap elementor-element-populated\">\n\t\t\t\t\t\t<div class=\"elementor-element elementor-element-0912caa elementor-widget elementor-widget-text-editor\" data-id=\"0912caa\" data-element_type=\"widget\" data-e-type=\"widget\" data-widget_type=\"text-editor.default\">\n\t\t\t\t<div class=\"elementor-widget-container\">\n\t\t\t\t\t\t\t\t\t<\/p>\n<p>La novena edici\u00f3n del festival internacional de fotograf\u00eda <strong>SCAN Tarragona<\/strong> tendr\u00e1 lugar en la ciudad de Tarragona entre el 18 de noviembre de 2022 y el 8 de enero de 2023.<\/p>\n<\/p>\n<p>Este a\u00f1o, las actividades y exposiciones del <strong>SCAN<\/strong> ser\u00e1n tem\u00e1ticas y girar\u00e1n en torno a la <strong>guerra<\/strong>, sus causas y sus consecuencias sociales, pol\u00edticas o econ\u00f3micas.<\/p>\n\t\t\t\t\t\t\t\t<\/div>\n\t\t\t\t<\/div>\n\t\t\t\t\t<\/div>\n\t\t<\/div>\n\t\t\t\t\t<\/div>\n\t\t<\/section>\n\t\t\t\t<section class=\"elementor-section elementor-top-section elementor-element elementor-element-f614663 elementor-section-full_width secciones elementor-hidden-desktop elementor-hidden-laptop elementor-hidden-tablet elementor-hidden-mobile elementor-section-height-default elementor-section-height-default\" data-id=\"f614663\" data-element_type=\"section\" data-e-type=\"section\">\n\t\t\t\t\t\t\t<div class=\"elementor-background-overlay\"><\/div>\n\t\t\t\t\t\t\t<div class=\"elementor-container elementor-column-gap-default\">\n\t\t\t\t\t<div class=\"elementor-column elementor-col-100 elementor-top-column elementor-element elementor-element-d7058b4\" data-id=\"d7058b4\" data-element_type=\"column\" data-e-type=\"column\">\n\t\t\t<div class=\"elementor-widget-wrap elementor-element-populated\">\n\t\t\t\t\t\t<div class=\"elementor-element elementor-element-5b830ca elementor-widget elementor-widget-text-editor\" data-id=\"5b830ca\" data-element_type=\"widget\" data-e-type=\"widget\" data-widget_type=\"text-editor.default\">\n\t\t\t\t<div class=\"elementor-widget-container\">\n\t\t\t\t\t\t\t\t\t<p><span style=\"background-color: var(--base-3); color: var(--contrast);\">\u00a1Artistas!<\/span><\/p>\n<\/p>\n<p>Ya pod\u00e9is participar a las convocatorias <em><a href=\"https:\/\/scan.cat\/bases-talent-latent-2022\/\"><strong>Talent Latent <\/strong><\/a><\/em>i <a href=\"https:\/\/scan.cat\/bases-full-contact-2022\/\"><em><strong>Full Contact<\/strong><\/em><\/a>.<\/p>\n<\/p>\n<p>Si ten\u00e9is un proyecto relacionado con la guerra y quer\u00e9is exhibirlo en SCAN, pero este no se ajusta a los puntos que pedimos en las convocatorias o pens\u00e1is que ni <em>Talent Latent<\/em> ni <em>Full Contact<\/em> son su sitio ideal, h\u00e1ganoslo llegar envi\u00e1ndonos un PDF al correo electr\u00f3nico: <a href=\"mailto:hola@scan.cat\">hola@scan.cat<\/a>. Nos interesa saber todo el que est\u00e1is haciendo.<\/p>\n<\/p>\n<p>Durante la primera quincena de octubre publicaremos toda la programaci\u00f3n en este web.<\/p>\n\t\t\t\t\t\t\t\t<\/div>\n\t\t\t\t<\/div>\n\t\t\t\t\t<\/div>\n\t\t<\/div>\n\t\t\t\t\t<\/div>\n\t\t<\/section>\n\t\t\t\t<\/div>\n\t\t","protected":false},"excerpt":{"rendered":"<p>13 October 2023 &#8211; 15 January 2024 13 October 2023 &#8211; 15 January 2024 La novena edici\u00f3n del festival internacional de fotograf\u00eda SCAN Tarragona tendr\u00e1 lugar en la ciudad de Tarragona entre el 18 de noviembre de 2022 y el 8 de enero de 2023. Este a\u00f1o, las actividades y exposiciones del SCAN ser\u00e1n tem\u00e1ticas &#8230; <a title=\"Inicio\" class=\"read-more\" href=\"https:\/\/scan.cat\/es\/inicio\/\" aria-label=\"Leer m\u00e1s sobre Inicio\">Leer m\u00e1s<\/a><\/p>\n","protected":false},"author":2,"featured_media":0,"parent":0,"menu_order":0,"comment_status":"closed","ping_status":"closed","template":"","meta":{"footnotes":""},"class_list":["post-1016","page","type-page","status-publish"],"_links":{"self":[{"href":"https:\/\/scan.cat\/es\/wp-json\/wp\/v2\/pages\/1016","targetHints":{"allow":["GET"]}}],"collection":[{"href":"https:\/\/scan.cat\/es\/wp-json\/wp\/v2\/pages"}],"about":[{"href":"https:\/\/scan.cat\/es\/wp-json\/wp\/v2\/types\/page"}],"author":[{"embeddable":true,"href":"https:\/\/scan.cat\/es\/wp-json\/wp\/v2\/users\/2"}],"replies":[{"embeddable":true,"href":"https:\/\/scan.cat\/es\/wp-json\/wp\/v2\/comments?post=1016"}],"version-history":[{"count":36,"href":"https:\/\/scan.cat\/es\/wp-json\/wp\/v2\/pages\/1016\/revisions"}],"predecessor-version":[{"id":6316,"href":"https:\/\/scan.cat\/es\/wp-json\/wp\/v2\/pages\/1016\/revisions\/6316"}],"wp:attachment":[{"href":"https:\/\/scan.cat\/es\/wp-json\/wp\/v2\/media?parent=1016"}],"curies":[{"name":"wp","href":"https:\/\/api.w.org\/{rel}","templated":true}]}}