{"id":1024,"date":"2022-07-12T14:32:05","date_gmt":"2022-07-12T14:32:05","guid":{"rendered":"https:\/\/scan.cat\/sobre-scan\/"},"modified":"2026-02-26T12:29:11","modified_gmt":"2026-02-26T12:29:11","slug":"sobre-scan","status":"publish","type":"page","link":"https:\/\/scan.cat\/es\/sobre-scan\/","title":{"rendered":"Sobre SCAN"},"content":{"rendered":"\t\t<div data-elementor-type=\"wp-page\" data-elementor-id=\"1024\" class=\"elementor elementor-1024 elementor-397\" data-elementor-post-type=\"page\">\n\t\t\t\t<div class=\"elementor-element elementor-element-de119aa e-con-full e-flex e-con e-parent\" data-id=\"de119aa\" data-element_type=\"container\" data-e-type=\"container\" id=\"cabecera\">\n\t\t<div class=\"elementor-element elementor-element-c6d1dd6 e-con-full e-flex e-con e-child\" data-id=\"c6d1dd6\" data-element_type=\"container\" data-e-type=\"container\">\n\t\t\t\t<div class=\"elementor-element elementor-element-09d8895 elementor-widget elementor-widget-heading\" data-id=\"09d8895\" data-element_type=\"widget\" data-e-type=\"widget\" data-widget_type=\"heading.default\">\n\t\t\t\t<div class=\"elementor-widget-container\">\n\t\t\t\t\t<h1 class=\"elementor-heading-title elementor-size-default\">Sobre SCAN<\/h1>\t\t\t\t<\/div>\n\t\t\t\t<\/div>\n\t\t\t\t<\/div>\n\t\t\t\t<\/div>\n\t\t<div class=\"elementor-element elementor-element-a14002e lseccion e-con-full e-flex e-con e-parent\" data-id=\"a14002e\" data-element_type=\"container\" data-e-type=\"container\">\n\t\t<div class=\"elementor-element elementor-element-be9111d e-con-full e-flex e-con e-child\" data-id=\"be9111d\" data-element_type=\"container\" data-e-type=\"container\">\n\t\t\t\t<div class=\"elementor-element elementor-element-dc72d58 elementor-widget elementor-widget-text-editor\" data-id=\"dc72d58\" data-element_type=\"widget\" data-e-type=\"widget\" data-widget_type=\"text-editor.default\">\n\t\t\t\t<div class=\"elementor-widget-container\">\n\t\t\t\t\t\t\t\t\t<p class=\"p1\"><b>SCAN Tarragona<br><\/b> <b>13a edici\u00f3n<br><\/b> Tem\u00e1tica <b>METAMORPHOSIS<br><\/b> Del 16 de octubre al 29 de noviembre de 2026<b><br><\/b><b><br><\/b><\/p>\t\t\t\t\t\t\t\t<\/div>\n\t\t\t\t<\/div>\n\t\t\t\t<div class=\"elementor-element elementor-element-f93a59b elementor-hidden-desktop elementor-hidden-laptop elementor-hidden-tablet elementor-hidden-mobile elementor-widget elementor-widget-text-editor\" data-id=\"f93a59b\" data-element_type=\"widget\" data-e-type=\"widget\" data-widget_type=\"text-editor.default\">\n\t\t\t\t<div class=\"elementor-widget-container\">\n\t\t\t\t\t\t\t\t\t<h2><strong>El equipo<\/strong><\/h2><p><strong>Direcci\u00f3n art\u00edstica<\/strong><br>Jes\u00fas Vilamaj\u00f3 [Cultura i M\u00e9s]<br>direccio@scan.cat<\/p><p><strong>Coordinaci\u00f3n<\/strong><br>Jordi Abell\u00f3<br>jabellov@tarragona.cat<\/p><p><strong>Producci\u00f3n<\/strong><br>Helena Costa<br>produccio@scan.cat<\/p><p><strong>Comunicaci\u00f3n y prensa<\/strong><br>Laia Mar\u00edn<br>comunicacio@scan.cat<\/p><p><strong>Coordinaci\u00f3n programa<\/strong><br>Ana Gonz\u00e1lez Chouci\u00f1o<\/p><p><strong>Dise\u00f1o de identidad visual y gr\u00e1fica<br><\/strong>Pau Llop<br><a href=\"http:\/\/paullop.xyz\" target=\"_blank\" rel=\"noopener\">paullop.xyz<\/a><\/p><p>Dise\u00f1o programa de mano<br>P\u00e0karu projectes de disseny gr\u00e0fic<br><a href=\"http:\/\/pakaru.cat\" target=\"_blank\" rel=\"noopener\">pakaru.cat<\/a><\/p><p>Dise\u00f1o web<br>Eiko studio<br><a href=\"https:\/\/eikostudio.com\/\" target=\"_blank\" rel=\"noopener\">eikostudio.com<\/a><\/p><p><strong>Dise\u00f1o espacio Full Contact<\/strong><br>Elba Romero Fajardo<\/p><p><strong>Correcci\u00f3n y traducci\u00f3n de textos<\/strong><br>B2B Translation<\/p>\t\t\t\t\t\t\t\t<\/div>\n\t\t\t\t<\/div>\n\t\t\t\t<div class=\"elementor-element elementor-element-322c29c elementor-hidden-desktop elementor-hidden-laptop elementor-hidden-tablet elementor-hidden-mobile elementor-widget elementor-widget-text-editor\" data-id=\"322c29c\" data-element_type=\"widget\" data-e-type=\"widget\" data-widget_type=\"text-editor.default\">\n\t\t\t\t<div class=\"elementor-widget-container\">\n\t\t\t\t\t\t\t\t\t<h2><strong>Patrocinadores \/ Colaboradores<\/strong><\/h2><p><strong>Organizado por<\/strong><br>Ajuntament de Tarragona<\/p><p>Con el soporte de <br>Generalitat de Catalunya<br>Diputaci\u00f3 de Tarragona<br>Port de Tarragona<br>Museu d\u2019Art Modern de Tarragona<br>Museu Nacional Arqueol\u00f2gic de Tarragona<br>M\u00e8dol Centre d\u2019Arts Contempor\u00e0nies de Tarragona<br>L&#8217;Arxiu<\/p><p><strong>Empreses patrocinadores<\/strong><br>BBVA<br>Fundaci\u00f3 Privada M\u00fatua Catalana<br>Agbar<\/p><p><strong>Colaboran<\/strong><br>Escola d\u2019Art y Disseny de Tarragona<br>Biblioteca Pepita Ferrer<br>Biblioteca P\u00fablica de Tarragona<br>Tarragona Turisme \u00b7 Espai Turisme<br>El P\u00e0rquing &#8211; Llumull Accions Audiovisuals &#8211; Mitjeres<br>Personal Tarragona<br>Xarxa Centres C\u00edvics de Tarragona<br>Campus Extens de la URV<br>Servei Municipal de Joventut <br>Espai Kesse<br>Associaci\u00f3 Bloc 23<br>Fundaci\u00f3 Onada<br>Photo KM0<br>Fundaci\u00f3 El C\u00edrcol de Reus<br>Jiser Reflexions Mediterr\u00e0nies<\/p><p><strong>Medios colaboradores<\/strong><br>Tarragona R\u00e0dio <br>Revista Mangrana<br>Clavoardiendo<\/p>\t\t\t\t\t\t\t\t<\/div>\n\t\t\t\t<\/div>\n\t\t\t\t<\/div>\n\t\t<div class=\"elementor-element elementor-element-108a9d7 e-con-full e-flex e-con e-child\" data-id=\"108a9d7\" data-element_type=\"container\" data-e-type=\"container\">\n\t\t\t\t<div class=\"elementor-element elementor-element-5174ab1 elementor-arrows-position-inside elementor-widget elementor-widget-image-carousel\" data-id=\"5174ab1\" data-element_type=\"widget\" data-e-type=\"widget\" data-settings=\"{&quot;slides_to_show&quot;:&quot;1&quot;,&quot;navigation&quot;:&quot;arrows&quot;,&quot;lazyload&quot;:&quot;yes&quot;,&quot;autoplay_speed&quot;:3500,&quot;speed&quot;:800,&quot;autoplay&quot;:&quot;yes&quot;,&quot;pause_on_hover&quot;:&quot;yes&quot;,&quot;pause_on_interaction&quot;:&quot;yes&quot;,&quot;infinite&quot;:&quot;yes&quot;,&quot;effect&quot;:&quot;slide&quot;}\" data-widget_type=\"image-carousel.default\">\n\t\t\t\t<div class=\"elementor-widget-container\">\n\t\t\t\t\t\t\t<div class=\"elementor-image-carousel-wrapper swiper\" role=\"region\" aria-roledescription=\"carousel\" aria-label=\"Carrusel d&#039;imatges\" dir=\"ltr\">\n\t\t\t<div class=\"elementor-image-carousel swiper-wrapper swiper-image-stretch\" aria-live=\"off\">\n\t\t\t\t\t\t\t\t<div class=\"swiper-slide\" role=\"group\" aria-roledescription=\"slide\" aria-label=\"1 de 10\"><figure class=\"swiper-slide-inner\"><img class=\"swiper-slide-image swiper-lazy\" data-src=\"https:\/\/scan.cat\/wp-content\/uploads\/2026\/02\/Sobre_SCAN_2025_08-1024x682.jpg\" alt=\"Sobre_SCAN_2025_08\" \/><div class=\"swiper-lazy-preloader\"><\/div><\/figure><\/div><div class=\"swiper-slide\" role=\"group\" aria-roledescription=\"slide\" aria-label=\"2 de 10\"><figure class=\"swiper-slide-inner\"><img class=\"swiper-slide-image swiper-lazy\" data-src=\"https:\/\/scan.cat\/wp-content\/uploads\/2026\/02\/Sobre_SCAN_2025_09-1024x668.jpg\" alt=\"Sobre_SCAN_2025_09\" \/><div class=\"swiper-lazy-preloader\"><\/div><\/figure><\/div><div class=\"swiper-slide\" role=\"group\" aria-roledescription=\"slide\" aria-label=\"3 de 10\"><figure class=\"swiper-slide-inner\"><img class=\"swiper-slide-image swiper-lazy\" data-src=\"https:\/\/scan.cat\/wp-content\/uploads\/2026\/02\/Sobre_SCAN_2025_10-1024x683.jpg\" alt=\"Sobre_SCAN_2025_10\" \/><div class=\"swiper-lazy-preloader\"><\/div><\/figure><\/div><div class=\"swiper-slide\" role=\"group\" aria-roledescription=\"slide\" aria-label=\"4 de 10\"><figure class=\"swiper-slide-inner\"><img class=\"swiper-slide-image swiper-lazy\" data-src=\"https:\/\/scan.cat\/wp-content\/uploads\/2026\/02\/Sobre_SCAN_2025_11-1024x683.jpg\" alt=\"Sobre_SCAN_2025_11\" \/><div class=\"swiper-lazy-preloader\"><\/div><\/figure><\/div><div class=\"swiper-slide\" role=\"group\" aria-roledescription=\"slide\" aria-label=\"5 de 10\"><figure class=\"swiper-slide-inner\"><img class=\"swiper-slide-image swiper-lazy\" data-src=\"https:\/\/scan.cat\/wp-content\/uploads\/2026\/02\/Sobre_SCAN_2025_12-1024x682.jpg\" alt=\"Sobre_SCAN_2025_12\" \/><div class=\"swiper-lazy-preloader\"><\/div><\/figure><\/div><div class=\"swiper-slide\" role=\"group\" aria-roledescription=\"slide\" aria-label=\"6 de 10\"><figure class=\"swiper-slide-inner\"><img class=\"swiper-slide-image swiper-lazy\" data-src=\"https:\/\/scan.cat\/wp-content\/uploads\/2026\/02\/Sobre_SCAN_2025_13-1024x682.jpg\" alt=\"Sobre_SCAN_2025_13\" \/><div class=\"swiper-lazy-preloader\"><\/div><\/figure><\/div><div class=\"swiper-slide\" role=\"group\" aria-roledescription=\"slide\" aria-label=\"7 de 10\"><figure class=\"swiper-slide-inner\"><img class=\"swiper-slide-image swiper-lazy\" data-src=\"https:\/\/scan.cat\/wp-content\/uploads\/2026\/02\/Sobre_SCAN_2025_14-1024x682.jpg\" alt=\"Sobre_SCAN_2025_14\" \/><div class=\"swiper-lazy-preloader\"><\/div><\/figure><\/div><div class=\"swiper-slide\" role=\"group\" aria-roledescription=\"slide\" aria-label=\"8 de 10\"><figure class=\"swiper-slide-inner\"><img class=\"swiper-slide-image swiper-lazy\" data-src=\"https:\/\/scan.cat\/wp-content\/uploads\/2026\/02\/Sobre_SCAN_2025_15-1024x683.jpg\" alt=\"Sobre_SCAN_2025_15\" \/><div class=\"swiper-lazy-preloader\"><\/div><\/figure><\/div><div class=\"swiper-slide\" role=\"group\" aria-roledescription=\"slide\" aria-label=\"9 de 10\"><figure class=\"swiper-slide-inner\"><img class=\"swiper-slide-image swiper-lazy\" data-src=\"https:\/\/scan.cat\/wp-content\/uploads\/2026\/02\/Sobre_SCAN_2025_16-1024x682.jpg\" alt=\"Sobre_SCAN_2025_16\" \/><div class=\"swiper-lazy-preloader\"><\/div><\/figure><\/div><div class=\"swiper-slide\" role=\"group\" aria-roledescription=\"slide\" aria-label=\"10 de 10\"><figure class=\"swiper-slide-inner\"><img class=\"swiper-slide-image swiper-lazy\" data-src=\"https:\/\/scan.cat\/wp-content\/uploads\/2026\/02\/Sobre_SCAN_2025_17-1024x682.jpg\" alt=\"Sobre_SCAN_2025_17\" \/><div class=\"swiper-lazy-preloader\"><\/div><\/figure><\/div>\t\t\t<\/div>\n\t\t\t\t\t\t\t\t\t\t\t\t<div class=\"elementor-swiper-button elementor-swiper-button-prev\" role=\"button\" tabindex=\"0\">\n\t\t\t\t\t\t<i aria-hidden=\"true\" class=\"eicon-chevron-left\"><\/i>\t\t\t\t\t<\/div>\n\t\t\t\t\t<div class=\"elementor-swiper-button elementor-swiper-button-next\" role=\"button\" tabindex=\"0\">\n\t\t\t\t\t\t<i aria-hidden=\"true\" class=\"eicon-chevron-right\"><\/i>\t\t\t\t\t<\/div>\n\t\t\t\t\n\t\t\t\t\t\t\t\t\t<\/div>\n\t\t\t\t\t\t<\/div>\n\t\t\t\t<\/div>\n\t\t\t\t<div class=\"elementor-element elementor-element-fbe0538 elementor-widget elementor-widget-text-editor\" data-id=\"fbe0538\" data-element_type=\"widget\" data-e-type=\"widget\" data-widget_type=\"text-editor.default\">\n\t\t\t\t<div class=\"elementor-widget-container\">\n\t\t\t\t\t\t\t\t\t<p>SCAN Tarragona es un festival internacional de fotograf\u00eda que, desde 2008, tiene la misi\u00f3n de apoyar, visibilizar y difundir el trabajo de los nuevos talentos.<\/p><p>Actividades como la exposici\u00f3n internacional <em>Talent Latent<\/em>, el visionado de porfolios y el premio <em>Full Contact \u2013 Fundaci\u00f3 Privada M\u00fatua Catalana<\/em>, el p\u00f3dcast <em>\u00d2cul<\/em>, la publicaci\u00f3n de autor <em>Bloc<\/em>, exposiciones como la dedicada a las culturas del Mediterr\u00e1neo en el espacio Refugi 1 o la que promueve a artistas nacionales en M\u00e8dol \u2013 Centre d\u2019Arts Contempor\u00e0nies de Tarragona, SCAN Films, el <em>Biblioscan<\/em> \u2014que lleva la fotograf\u00eda a las bibliotecas de Tarragona\u2014 o el programa <em>SCAN Actiu<\/em>, que fomenta una fotograf\u00eda participativa y la acerca a los barrios y a los sectores m\u00e1s vulnerables de la sociedad, han consolidado el festival como un espacio de referencia de la fotograf\u00eda contempor\u00e1nea en Espa\u00f1a.<br>  <\/p><p>El festival est\u00e1 organizado por el Ayuntamiento de Tarragona y cuenta con la complicidad del Departamento de Cultura de la Generalitat de Catalunya, la Diputaci\u00f3n de Tarragona, el Puerto de Tarragona, el Museo de Arte Moderno de Tarragona (MAMT), el Museo Nacional Arqueol\u00f3gico de Tarragona (MNAT), el Centre de la Imatge (CIT) L\u2019Arxiu y M\u00e8dol \u2013 Centre d\u2019Arts Contempor\u00e0nies de Tarragona, as\u00ed como de una amplia red de instituciones y entidades locales, p\u00fablicas y privadas.<\/p>\t\t\t\t\t\t\t\t<\/div>\n\t\t\t\t<\/div>\n\t\t\t\t<div class=\"elementor-element elementor-element-29c0210 elementor-widget elementor-widget-video\" data-id=\"29c0210\" data-element_type=\"widget\" data-e-type=\"widget\" data-settings=\"{&quot;youtube_url&quot;:&quot;https:\\\/\\\/youtu.be\\\/DmTertlW8Hk&quot;,&quot;video_type&quot;:&quot;youtube&quot;,&quot;controls&quot;:&quot;yes&quot;}\" data-widget_type=\"video.default\">\n\t\t\t\t<div class=\"elementor-widget-container\">\n\t\t\t\t\t\t\t<div class=\"elementor-wrapper elementor-open-inline\">\n\t\t\t<div class=\"elementor-video\"><\/div>\t\t<\/div>\n\t\t\t\t\t\t<\/div>\n\t\t\t\t<\/div>\n\t\t\t\t<\/div>\n\t\t\t\t<\/div>\n\t\t\t\t<\/div>\n\t\t","protected":false},"excerpt":{"rendered":"<p>Sobre SCAN SCAN Tarragona 13a edici\u00f3n Tem\u00e1tica METAMORPHOSIS Del 16 de octubre al 29 de noviembre de 2026 El equipo Direcci\u00f3n art\u00edsticaJes\u00fas Vilamaj\u00f3 [Cultura i M\u00e9s]direccio@scan.cat Coordinaci\u00f3nJordi Abell\u00f3jabellov@tarragona.cat Producci\u00f3nHelena Costaproduccio@scan.cat Comunicaci\u00f3n y prensaLaia Mar\u00edncomunicacio@scan.cat Coordinaci\u00f3n programaAna Gonz\u00e1lez Chouci\u00f1o Dise\u00f1o de identidad visual y gr\u00e1ficaPau Lloppaullop.xyz Dise\u00f1o programa de manoP\u00e0karu projectes de disseny gr\u00e0ficpakaru.cat Dise\u00f1o webEiko &#8230; <a title=\"Sobre SCAN\" class=\"read-more\" href=\"https:\/\/scan.cat\/es\/sobre-scan\/\" aria-label=\"Leer m\u00e1s sobre Sobre SCAN\">Leer m\u00e1s<\/a><\/p>\n","protected":false},"author":2,"featured_media":0,"parent":0,"menu_order":0,"comment_status":"closed","ping_status":"closed","template":"","meta":{"footnotes":""},"class_list":["post-1024","page","type-page","status-publish"],"_links":{"self":[{"href":"https:\/\/scan.cat\/es\/wp-json\/wp\/v2\/pages\/1024","targetHints":{"allow":["GET"]}}],"collection":[{"href":"https:\/\/scan.cat\/es\/wp-json\/wp\/v2\/pages"}],"about":[{"href":"https:\/\/scan.cat\/es\/wp-json\/wp\/v2\/types\/page"}],"author":[{"embeddable":true,"href":"https:\/\/scan.cat\/es\/wp-json\/wp\/v2\/users\/2"}],"replies":[{"embeddable":true,"href":"https:\/\/scan.cat\/es\/wp-json\/wp\/v2\/comments?post=1024"}],"version-history":[{"count":49,"href":"https:\/\/scan.cat\/es\/wp-json\/wp\/v2\/pages\/1024\/revisions"}],"predecessor-version":[{"id":14079,"href":"https:\/\/scan.cat\/es\/wp-json\/wp\/v2\/pages\/1024\/revisions\/14079"}],"wp:attachment":[{"href":"https:\/\/scan.cat\/es\/wp-json\/wp\/v2\/media?parent=1024"}],"curies":[{"name":"wp","href":"https:\/\/api.w.org\/{rel}","templated":true}]}}