{"id":10311,"date":"2024-09-05T11:19:44","date_gmt":"2024-09-05T11:19:44","guid":{"rendered":"https:\/\/scan.cat\/residencia-larxiu-2\/"},"modified":"2024-09-27T15:23:46","modified_gmt":"2024-09-27T15:23:46","slug":"residencia-larxiu-2","status":"publish","type":"page","link":"https:\/\/scan.cat\/es\/residencia-larxiu-2\/","title":{"rendered":"Resid\u00e8ncia L&#8217;Arxiu"},"content":{"rendered":"\t\t<div data-elementor-type=\"wp-page\" data-elementor-id=\"10311\" class=\"elementor elementor-10311 elementor-10000\" data-elementor-post-type=\"page\">\n\t\t\t\t\t\t<section class=\"elementor-section elementor-top-section elementor-element elementor-element-2312724 elementor-section-full_width elementor-section-height-default elementor-section-height-default\" data-id=\"2312724\" data-element_type=\"section\" data-e-type=\"section\" id=\"cabecera\">\n\t\t\t\t\t\t<div class=\"elementor-container elementor-column-gap-default\">\n\t\t\t\t\t<div class=\"elementor-column elementor-col-100 elementor-top-column elementor-element elementor-element-7f3bc7e\" data-id=\"7f3bc7e\" data-element_type=\"column\" data-e-type=\"column\">\n\t\t\t<div class=\"elementor-widget-wrap elementor-element-populated\">\n\t\t\t\t\t\t<div class=\"elementor-element elementor-element-ac6862d elementor-widget elementor-widget-heading\" data-id=\"ac6862d\" data-element_type=\"widget\" data-e-type=\"widget\" data-widget_type=\"heading.default\">\n\t\t\t\t<div class=\"elementor-widget-container\">\n\t\t\t\t\t<span class=\"elementor-heading-title elementor-size-default\">RESIDENCIA L'ARXIU<br>2.\u00aa Residencia de Creaci\u00f3n e Investigaci\u00f3n. 2024   <\/span>\t\t\t\t<\/div>\n\t\t\t\t<\/div>\n\t\t\t\t\t<\/div>\n\t\t<\/div>\n\t\t\t\t\t<\/div>\n\t\t<\/section>\n\t\t\t\t<section class=\"elementor-section elementor-top-section elementor-element elementor-element-3c8f2e4 lseccion elementor-section-full_width elementor-reverse-mobile elementor-section-height-default elementor-section-height-default\" data-id=\"3c8f2e4\" data-element_type=\"section\" data-e-type=\"section\">\n\t\t\t\t\t\t<div class=\"elementor-container elementor-column-gap-default\">\n\t\t\t\t\t<div class=\"elementor-column elementor-col-50 elementor-top-column elementor-element elementor-element-b78e461\" data-id=\"b78e461\" data-element_type=\"column\" data-e-type=\"column\">\n\t\t\t<div class=\"elementor-widget-wrap elementor-element-populated\">\n\t\t\t\t\t\t<div class=\"elementor-element elementor-element-6f76f02 elementor-widget elementor-widget-text-editor\" data-id=\"6f76f02\" data-element_type=\"widget\" data-e-type=\"widget\" data-widget_type=\"text-editor.default\">\n\t\t\t\t<div class=\"elementor-widget-container\">\n\t\t\t\t\t\t\t\t\t<p><strong>Fecha de la presentaci\u00f3n del proyecto <i>147<\/i><\/strong><br \/>Mi\u00e9rcoles, 13 de noviembre de 2024 a las 19 h<\/p>\n<p><strong>Fechas de la exposici\u00f3n<\/strong><br \/>Del 13 de noviembre al 15 de diciembre de 2024<\/p>\n<p><strong>Lugar<\/strong><br \/>L\u2019Arxiu<br \/>Av. Vidal i Barraquer, s\/n<br \/>Magatzem 2 &#8211; Espai Tabacalera<br \/>43005 Tarragona <br \/><a href=\"https:\/\/maps.app.goo.gl\/eP5jNdam5guhCTrp9\" target=\"_blank\" rel=\"noopener\">C\u00f3mo llegar<\/a><\/p>\n<p><strong>Artistas seleccionados<\/strong><br \/>Lucas Momparler<\/p>\n<p><strong>Informaci\u00f3n<\/strong><br \/>Acceso libre<br \/>Acceso para personas con movilidad reducida<\/p>\n<p><strong>Organizan<\/strong><br \/>Centre d\u2019Imatges de Tarragona (CIT) \/ L\u2019Arxiu<br \/>SCAN Tarragona<\/p>\n\t\t\t\t\t\t\t\t<\/div>\n\t\t\t\t<\/div>\n\t\t\t\t\t<\/div>\n\t\t<\/div>\n\t\t\t\t<div class=\"elementor-column elementor-col-50 elementor-top-column elementor-element elementor-element-dcc2281\" data-id=\"dcc2281\" data-element_type=\"column\" data-e-type=\"column\">\n\t\t\t<div class=\"elementor-widget-wrap elementor-element-populated\">\n\t\t\t\t\t\t<div class=\"elementor-element elementor-element-f534518 elementor-widget elementor-widget-text-editor\" data-id=\"f534518\" data-element_type=\"widget\" data-e-type=\"widget\" data-widget_type=\"text-editor.default\">\n\t\t\t\t<div class=\"elementor-widget-container\">\n\t\t\t\t\t\t\t\t\t<p>El festival SCAN Tarragona y el Arxiu Hist\u00f2ric de la Ciutat de Tarragona (AHCT) ponen en marcha la segunda Residencia de Creaci\u00f3n Art\u00edstica e Investigaci\u00f3n para el desarrollo de proyectos art\u00edsticos y de investigaci\u00f3n a partir del fondo fotogr\u00e1fico y audiovisual del Centre d\u2019Imatges de Tarragona (CIT) de l\u2019Arxiu de Tarragona.<\/p>\n<p>Agradecemos la colaboraci\u00f3n de Joaquim Nolla, Blanca Gas, Manel Margalef, Joana Zapata yJes\u00fas Vilamaj\u00f3 como jurado de la 2\u00aa residencia de creaci\u00f3n e investigaci\u00f3n L\u2019Arxiu.<\/p>\n\t\t\t\t\t\t\t\t<\/div>\n\t\t\t\t<\/div>\n\t\t\t\t<div class=\"elementor-element elementor-element-9bb689b elementor-widget elementor-widget-image\" data-id=\"9bb689b\" data-element_type=\"widget\" data-e-type=\"widget\" data-widget_type=\"image.default\">\n\t\t\t\t<div class=\"elementor-widget-container\">\n\t\t\t\t\t\t\t\t\t\t\t\t\t\t\t<img fetchpriority=\"high\" decoding=\"async\" width=\"1024\" height=\"787\" src=\"https:\/\/scan.cat\/wp-content\/uploads\/2024\/09\/Arxiu1-1024x787.jpg\" class=\"attachment-large size-large wp-image-10005\" alt=\"\" srcset=\"https:\/\/scan.cat\/wp-content\/uploads\/2024\/09\/Arxiu1-1024x787.jpg 1024w, https:\/\/scan.cat\/wp-content\/uploads\/2024\/09\/Arxiu1-300x230.jpg 300w, https:\/\/scan.cat\/wp-content\/uploads\/2024\/09\/Arxiu1-768x590.jpg 768w, https:\/\/scan.cat\/wp-content\/uploads\/2024\/09\/Arxiu1-1536x1180.jpg 1536w, https:\/\/scan.cat\/wp-content\/uploads\/2024\/09\/Arxiu1-2048x1573.jpg 2048w\" sizes=\"(max-width: 1024px) 100vw, 1024px\" title=\"\">\t\t\t\t\t\t\t\t\t\t\t\t\t\t\t<\/div>\n\t\t\t\t<\/div>\n\t\t\t\t<div class=\"elementor-element elementor-element-52c6f45 elementor-widget elementor-widget-heading\" data-id=\"52c6f45\" data-element_type=\"widget\" data-e-type=\"widget\" data-widget_type=\"heading.default\">\n\t\t\t\t<div class=\"elementor-widget-container\">\n\t\t\t\t\t<span class=\"elementor-heading-title elementor-size-default\">Fotograf\u00eda cedida por el Centro de Im\u00e1genes de Tarragona (CIT) \/ L'Arxiu<\/span>\t\t\t\t<\/div>\n\t\t\t\t<\/div>\n\t\t\t\t<div class=\"elementor-element elementor-element-f8ec379 elementor-widget elementor-widget-text-editor\" data-id=\"f8ec379\" data-element_type=\"widget\" data-e-type=\"widget\" data-widget_type=\"text-editor.default\">\n\t\t\t\t<div class=\"elementor-widget-container\">\n\t\t\t\t\t\t\t\t\t<p>147 a\u00f1os son los que tendr\u00edan los \u00e1rboles de la Pla\u00e7a de la Font si no hubiesen sido arrancados y sustituidos repetidamente. Los \u00e1rboles que habitaron esta plaza fueron testigos de la historia y de los cambios de esta ciudad. Lucas Monparler, el artista seleccionado para esta residencia, realizar\u00e1 una intervenci\u00f3n y revisi\u00f3n del archivo fotogr\u00e1fico y la hemeroteca para resaltar el patrimonio natural que estos \u00e1rboles podr\u00edan haber constituido. Se plantea estudiar la evoluci\u00f3n de la sociedad, pero tambi\u00e9n reflexionar sobre la p\u00e9rdida del patrimonio natural en nuestras ciudades. Su objetivo es honrar y recordar estas entidades que formaron parte integral de la vida urbana y, mediante esta intervenci\u00f3n, darles un lugar en la memoria colectiva de Tarragona.    <\/p>\n<p><strong> <\/strong><strong>Lucas Momparler<\/strong> es un artista visual que investiga la relaci\u00f3n entre humanos y el resto del mundo natural. Emprendi\u00f3 su viaje art\u00edstico despu\u00e9s de completar sus estudios de arquitectura en Valencia y Trieste. Ha residido entre Suecia y Espa\u00f1a, combinando fotograf\u00eda, arquitectura con otras disciplinas art\u00edsticas y la docencia.<br \/>Fue becado como Descubrimientos PhotoEspa\u00f1a 2021, e invitado a participar en el Art Photo Barcelona 2020. En los \u00faltimos a\u00f1os, su obra ha sido publicada en diversas revistas y publicaciones especializadas en arte y fotograf\u00eda. En 2023, particip\u00f3 en el festival Lum\u00ednic con su proyecto \u201c<i>Who is David Baumer<\/i>?\u201d, tambi\u00e9n en el Charta Photobook Festival 2023 de Roma y fue el ganador de la revisi\u00f3n de portfolio del festival OjosRojos.    <\/p>\n<p><a href=\"https:\/\/lucasmomparler.com\" target=\"_blank\" rel=\"noopener\">https:\/\/lucasmomparler.com<\/a><\/p>\n\t\t\t\t\t\t\t\t<\/div>\n\t\t\t\t<\/div>\n\t\t\t\t\t<\/div>\n\t\t<\/div>\n\t\t\t\t\t<\/div>\n\t\t<\/section>\n\t\t\t\t<\/div>\n\t\t","protected":false},"excerpt":{"rendered":"<p>RESIDENCIA L&#8217;ARXIU2.\u00aa Residencia de Creaci\u00f3n e Investigaci\u00f3n. 2024 Fecha de la presentaci\u00f3n del proyecto 147Mi\u00e9rcoles, 13 de noviembre de 2024 a las 19 h Fechas de la exposici\u00f3nDel 13 de noviembre al 15 de diciembre de 2024 LugarL\u2019ArxiuAv. Vidal i Barraquer, s\/nMagatzem 2 &#8211; Espai Tabacalera43005 Tarragona C\u00f3mo llegar Artistas seleccionadosLucas Momparler Informaci\u00f3nAcceso libreAcceso para &#8230; <a title=\"Resid\u00e8ncia L&#8217;Arxiu\" class=\"read-more\" href=\"https:\/\/scan.cat\/es\/residencia-larxiu-2\/\" aria-label=\"Leer m\u00e1s sobre Resid\u00e8ncia L&#8217;Arxiu\">Leer m\u00e1s<\/a><\/p>\n","protected":false},"author":2,"featured_media":0,"parent":0,"menu_order":0,"comment_status":"closed","ping_status":"closed","template":"","meta":{"footnotes":""},"class_list":["post-10311","page","type-page","status-publish"],"_links":{"self":[{"href":"https:\/\/scan.cat\/es\/wp-json\/wp\/v2\/pages\/10311","targetHints":{"allow":["GET"]}}],"collection":[{"href":"https:\/\/scan.cat\/es\/wp-json\/wp\/v2\/pages"}],"about":[{"href":"https:\/\/scan.cat\/es\/wp-json\/wp\/v2\/types\/page"}],"author":[{"embeddable":true,"href":"https:\/\/scan.cat\/es\/wp-json\/wp\/v2\/users\/2"}],"replies":[{"embeddable":true,"href":"https:\/\/scan.cat\/es\/wp-json\/wp\/v2\/comments?post=10311"}],"version-history":[{"count":6,"href":"https:\/\/scan.cat\/es\/wp-json\/wp\/v2\/pages\/10311\/revisions"}],"predecessor-version":[{"id":11791,"href":"https:\/\/scan.cat\/es\/wp-json\/wp\/v2\/pages\/10311\/revisions\/11791"}],"wp:attachment":[{"href":"https:\/\/scan.cat\/es\/wp-json\/wp\/v2\/media?parent=10311"}],"curies":[{"name":"wp","href":"https:\/\/api.w.org\/{rel}","templated":true}]}}