{"id":10422,"date":"2024-09-09T09:30:53","date_gmt":"2024-09-09T09:30:53","guid":{"rendered":"https:\/\/scan.cat\/publicacion-bloc\/"},"modified":"2024-09-30T16:09:22","modified_gmt":"2024-09-30T16:09:22","slug":"publicacion-bloc","status":"publish","type":"page","link":"https:\/\/scan.cat\/es\/publicacion-bloc\/","title":{"rendered":"Publicacio\u0301n BLOC"},"content":{"rendered":"\t\t<div data-elementor-type=\"wp-page\" data-elementor-id=\"10422\" class=\"elementor elementor-10422 elementor-10396\" data-elementor-post-type=\"page\">\n\t\t\t\t\t\t<section class=\"elementor-section elementor-top-section elementor-element elementor-element-2312724 elementor-section-full_width elementor-section-height-default elementor-section-height-default\" data-id=\"2312724\" data-element_type=\"section\" data-e-type=\"section\" id=\"cabecera\">\n\t\t\t\t\t\t<div class=\"elementor-container elementor-column-gap-default\">\n\t\t\t\t\t<div class=\"elementor-column elementor-col-100 elementor-top-column elementor-element elementor-element-7f3bc7e\" data-id=\"7f3bc7e\" data-element_type=\"column\" data-e-type=\"column\">\n\t\t\t<div class=\"elementor-widget-wrap elementor-element-populated\">\n\t\t\t\t\t\t<div class=\"elementor-element elementor-element-ac6862d elementor-widget elementor-widget-heading\" data-id=\"ac6862d\" data-element_type=\"widget\" data-e-type=\"widget\" data-widget_type=\"heading.default\">\n\t\t\t\t<div class=\"elementor-widget-container\">\n\t\t\t\t\t<span class=\"elementor-heading-title elementor-size-default\"><i>BLOC<\/i><br>N\u00fam. 2 \u00b7 <i>Fer volar coloms (Castillos en el aire)<br>Irena Visa  <\/span>\t\t\t\t<\/div>\n\t\t\t\t<\/div>\n\t\t\t\t\t<\/div>\n\t\t<\/div>\n\t\t\t\t\t<\/div>\n\t\t<\/section>\n\t\t\t\t<section class=\"elementor-section elementor-top-section elementor-element elementor-element-3c8f2e4 lseccion elementor-section-full_width elementor-reverse-mobile elementor-section-height-default elementor-section-height-default\" data-id=\"3c8f2e4\" data-element_type=\"section\" data-e-type=\"section\">\n\t\t\t\t\t\t<div class=\"elementor-container elementor-column-gap-default\">\n\t\t\t\t\t<div class=\"elementor-column elementor-col-50 elementor-top-column elementor-element elementor-element-b78e461\" data-id=\"b78e461\" data-element_type=\"column\" data-e-type=\"column\">\n\t\t\t<div class=\"elementor-widget-wrap elementor-element-populated\">\n\t\t\t\t\t\t<div class=\"elementor-element elementor-element-6f76f02 elementor-widget elementor-widget-text-editor\" data-id=\"6f76f02\" data-element_type=\"widget\" data-e-type=\"widget\" data-widget_type=\"text-editor.default\">\n\t\t\t\t<div class=\"elementor-widget-container\">\n\t\t\t\t\t\t\t\t\t<p><strong>Fecha de la presentaci\u00f3n de BLOC \u00b7 N\u00fam. 2<\/strong><br \/>Domingo, 1 de diciembre a las 12 h<\/p>\n<p><strong>Lugar<\/strong><br \/>Necr\u00f2polis Paleocristiana de Tarragona<br \/>Av. de Ram\u00f3n y Cajal, 84<br \/>43005 Tarragona <br \/><a href=\"https:\/\/maps.app.goo.gl\/RMx25Vp9s77pTVgcA\" target=\"_blank\" rel=\"noopener\"><span style=\"text-decoration: underline;\">C\u00f3mo llegar<\/span><\/a><\/p>\n<p><strong>Fotograf\u00edas y textos<\/strong><br \/>Irena Visa<\/p>\n<p><strong>Dise\u00f1o<\/strong><br \/>131 disseny gr\u00e0fic<\/p>\n<p><strong>Informaci\u00f3n<\/strong><br \/>Entrada libre<br \/>Acceso para personas con movilidad reducida<br \/>La publicaci\u00f3n es de distribuci\u00f3n gratuita y se puede encontrar en distintos espacios culturales de Tarragona.<\/p>\n<p><strong>Organiza<\/strong><br \/>Museu Nacional Arqueol\u00f2gic de Tarragona<br \/>SCAN Tarragona<\/p>\n\t\t\t\t\t\t\t\t<\/div>\n\t\t\t\t<\/div>\n\t\t\t\t\t<\/div>\n\t\t<\/div>\n\t\t\t\t<div class=\"elementor-column elementor-col-50 elementor-top-column elementor-element elementor-element-dcc2281\" data-id=\"dcc2281\" data-element_type=\"column\" data-e-type=\"column\">\n\t\t\t<div class=\"elementor-widget-wrap elementor-element-populated\">\n\t\t\t\t\t\t<div class=\"elementor-element elementor-element-9eef98c elementor-widget elementor-widget-image-carousel\" data-id=\"9eef98c\" data-element_type=\"widget\" data-e-type=\"widget\" data-settings=\"{&quot;slides_to_show&quot;:&quot;1&quot;,&quot;navigation&quot;:&quot;none&quot;,&quot;autoplay_speed&quot;:2500,&quot;effect&quot;:&quot;fade&quot;,&quot;speed&quot;:2500,&quot;autoplay&quot;:&quot;yes&quot;,&quot;pause_on_hover&quot;:&quot;yes&quot;,&quot;pause_on_interaction&quot;:&quot;yes&quot;,&quot;infinite&quot;:&quot;yes&quot;}\" data-widget_type=\"image-carousel.default\">\n\t\t\t\t<div class=\"elementor-widget-container\">\n\t\t\t\t\t\t\t<div class=\"elementor-image-carousel-wrapper swiper\" role=\"region\" aria-roledescription=\"carousel\" aria-label=\"Carrusel de im\u00e1genes\" dir=\"ltr\">\n\t\t\t<div class=\"elementor-image-carousel swiper-wrapper swiper-image-stretch\" aria-live=\"off\">\n\t\t\t\t\t\t\t\t<div class=\"swiper-slide\" role=\"group\" aria-roledescription=\"slide\" aria-label=\"1 de 2\"><figure class=\"swiper-slide-inner\"><img decoding=\"async\" class=\"swiper-slide-image\" src=\"https:\/\/scan.cat\/wp-content\/uploads\/2024\/09\/@IrenaVisa2-1024x768.jpeg\" alt=\"@IrenaVisa2\" title=\"\"><\/figure><\/div><div class=\"swiper-slide\" role=\"group\" aria-roledescription=\"slide\" aria-label=\"2 de 2\"><figure class=\"swiper-slide-inner\"><img decoding=\"async\" class=\"swiper-slide-image\" src=\"https:\/\/scan.cat\/wp-content\/uploads\/2024\/09\/@IrenaVisa1-1024x768.jpeg\" alt=\"@IrenaVisa1\" title=\"\"><\/figure><\/div>\t\t\t<\/div>\n\t\t\t\t\t\t\t\n\t\t\t\t\t\t\t\t\t<\/div>\n\t\t\t\t\t\t<\/div>\n\t\t\t\t<\/div>\n\t\t\t\t<div class=\"elementor-element elementor-element-f534518 elementor-widget__width-initial elementor-widget elementor-widget-text-editor\" data-id=\"f534518\" data-element_type=\"widget\" data-e-type=\"widget\" data-widget_type=\"text-editor.default\">\n\t\t\t\t<div class=\"elementor-widget-container\">\n\t\t\t\t\t\t\t\t\t<p>La edici\u00f3n del segundo n\u00famero de <b>BLOC<\/b> (publicaci\u00f3n anual de autor del Festival SCAN) obedece a la voluntad de promover, desde la mirada contempor\u00e1nea, el patrimonio arqueol\u00f3gico de Tarragona, as\u00ed como explorar nuevos formatos creativos incitando a la interdisciplinaridad entre lenguajes, concretamente los de la fotograf\u00eda, la palabra y el dise\u00f1o. En este segundo n\u00famero la artista invitada \u00e9s <strong>Irena Visa<\/strong>. <\/p>\n<p><b>BLOC<\/b> es un proyecto coproducido entre el Museu Nacional Arqueol\u00f2gic de Tarragona (MNAT) y el Festival SCAN Tarragona.<\/p>\n<p><em><strong>Fer volar coloms (Castillos en el aire)<\/strong><\/em><br \/><strong><em>BLOC<\/em>.N\u00fam. 2. <\/strong><\/p>\n<p>Desde la antig\u00fcedad m\u00e1s remota, el ser humano ha querido anticiparse al futuro, adivinar lo que acontecer\u00e1 y controlarlo. Los etruscos y los romanos ten\u00edan los augures, un comit\u00e9 de expertos en la adivinaci\u00f3n que se fijaba en el vuelo de las aves para descifrar los designios de los dioses y tomar decisiones importantes para la comunidad. En castellano un augurio es una intuici\u00f3n, un presagio, un augurio; en italiano, en cambio, guarda m\u00e1s relaci\u00f3n con un deseo. Irena Visa ha preguntado a trabajadores del MNAT qu\u00e9 querr\u00edan encontrar en un futuro en las excavaciones de Tarragona y ha recogido estos augurios para poder imaginar los museos del futuro.   <\/p>\n<p><strong>Irena Visa<\/strong><\/p>\n<p>es licenciada en Comunicaci\u00f3n Audiovisual, ha estudiado Artes Aplicadas en la Escultura en la Escuela La Llotja y ha cursado el M\u00e1ster en Producci\u00f3n e Investigaci\u00f3n Art\u00edstica de la UB en la l\u00ednea de investigaci\u00f3n. Su pr\u00e1ctica art\u00edstica se interesa a menudo por las se\u00f1ales que indican fen\u00f3menos de car\u00e1cter hipot\u00e9tico en el contexto museogr\u00e1fico, pero tambi\u00e9n en los entornos naturales, urbanos y art\u00edsticos. <\/p>\n<p>Sus trabajos se han podido ver en la Fundaci\u00f3n Mir\u00f3, la Fundaci\u00f3n T\u00e0pies, la Fabra y Coats, el Espacio B\u00f2lit, el Centre d\u2019Arts Santa M\u00f2nica, el MAC Matar\u00f3 o la Casa de Cultura de Girona, entre otros.<\/p>\n<p><a href=\"https:\/\/irenavisa.com\" target=\"_blank\" rel=\"noopener\">https:\/\/irenavisa.com<\/a><\/p>\n\t\t\t\t\t\t\t\t<\/div>\n\t\t\t\t<\/div>\n\t\t\t\t\t<\/div>\n\t\t<\/div>\n\t\t\t\t\t<\/div>\n\t\t<\/section>\n\t\t\t\t<\/div>\n\t\t","protected":false},"excerpt":{"rendered":"<p>BLOCN\u00fam. 2 \u00b7 Fer volar coloms (Castillos en el aire)Irena Visa Fecha de la presentaci\u00f3n de BLOC \u00b7 N\u00fam. 2Domingo, 1 de diciembre a las 12 h LugarNecr\u00f2polis Paleocristiana de TarragonaAv. de Ram\u00f3n y Cajal, 8443005 Tarragona C\u00f3mo llegar Fotograf\u00edas y textosIrena Visa Dise\u00f1o131 disseny gr\u00e0fic Informaci\u00f3nEntrada libreAcceso para personas con movilidad reducidaLa publicaci\u00f3n es &#8230; <a title=\"Publicacio\u0301n BLOC\" class=\"read-more\" href=\"https:\/\/scan.cat\/es\/publicacion-bloc\/\" aria-label=\"Leer m\u00e1s sobre Publicacio\u0301n BLOC\">Leer m\u00e1s<\/a><\/p>\n","protected":false},"author":2,"featured_media":0,"parent":0,"menu_order":0,"comment_status":"closed","ping_status":"closed","template":"","meta":{"footnotes":""},"class_list":["post-10422","page","type-page","status-publish"],"_links":{"self":[{"href":"https:\/\/scan.cat\/es\/wp-json\/wp\/v2\/pages\/10422","targetHints":{"allow":["GET"]}}],"collection":[{"href":"https:\/\/scan.cat\/es\/wp-json\/wp\/v2\/pages"}],"about":[{"href":"https:\/\/scan.cat\/es\/wp-json\/wp\/v2\/types\/page"}],"author":[{"embeddable":true,"href":"https:\/\/scan.cat\/es\/wp-json\/wp\/v2\/users\/2"}],"replies":[{"embeddable":true,"href":"https:\/\/scan.cat\/es\/wp-json\/wp\/v2\/comments?post=10422"}],"version-history":[{"count":4,"href":"https:\/\/scan.cat\/es\/wp-json\/wp\/v2\/pages\/10422\/revisions"}],"predecessor-version":[{"id":11851,"href":"https:\/\/scan.cat\/es\/wp-json\/wp\/v2\/pages\/10422\/revisions\/11851"}],"wp:attachment":[{"href":"https:\/\/scan.cat\/es\/wp-json\/wp\/v2\/media?parent=10422"}],"curies":[{"name":"wp","href":"https:\/\/api.w.org\/{rel}","templated":true}]}}