{"id":10516,"date":"2024-09-09T13:48:34","date_gmt":"2024-09-09T13:48:34","guid":{"rendered":"https:\/\/scan.cat\/photobooks-scan-2\/"},"modified":"2024-09-27T15:05:49","modified_gmt":"2024-09-27T15:05:49","slug":"photobooks-scan-2","status":"publish","type":"page","link":"https:\/\/scan.cat\/es\/photobooks-scan-2\/","title":{"rendered":"Photobooks SCAN"},"content":{"rendered":"\t\t<div data-elementor-type=\"wp-page\" data-elementor-id=\"10516\" class=\"elementor elementor-10516 elementor-10313\" data-elementor-post-type=\"page\">\n\t\t\t\t\t\t<section class=\"elementor-section elementor-top-section elementor-element elementor-element-2312724 elementor-section-full_width elementor-section-height-default elementor-section-height-default\" data-id=\"2312724\" data-element_type=\"section\" data-e-type=\"section\" id=\"cabecera\">\n\t\t\t\t\t\t<div class=\"elementor-container elementor-column-gap-default\">\n\t\t\t\t\t<div class=\"elementor-column elementor-col-100 elementor-top-column elementor-element elementor-element-7f3bc7e\" data-id=\"7f3bc7e\" data-element_type=\"column\" data-e-type=\"column\">\n\t\t\t<div class=\"elementor-widget-wrap elementor-element-populated\">\n\t\t\t\t\t\t<div class=\"elementor-element elementor-element-bd2cd7c elementor-widget elementor-widget-heading\" data-id=\"bd2cd7c\" data-element_type=\"widget\" data-e-type=\"widget\" data-widget_type=\"heading.default\">\n\t\t\t\t<div class=\"elementor-widget-container\">\n\t\t\t\t\t<h1 class=\"elementor-heading-title elementor-size-default\">Photobooks SCAN<\/h1>\t\t\t\t<\/div>\n\t\t\t\t<\/div>\n\t\t\t\t<div class=\"elementor-element elementor-element-3858033 elementor-widget elementor-widget-heading\" data-id=\"3858033\" data-element_type=\"widget\" data-e-type=\"widget\" data-widget_type=\"heading.default\">\n\t\t\t\t<div class=\"elementor-widget-container\">\n\t\t\t\t\t<span class=\"elementor-heading-title elementor-size-default\"> Lo posible tambi\u00e9n es realidad<\/span>\t\t\t\t<\/div>\n\t\t\t\t<\/div>\n\t\t\t\t\t<\/div>\n\t\t<\/div>\n\t\t\t\t\t<\/div>\n\t\t<\/section>\n\t\t\t\t<section class=\"elementor-section elementor-top-section elementor-element elementor-element-3c8f2e4 lseccion elementor-section-full_width elementor-reverse-mobile elementor-section-height-default elementor-section-height-default\" data-id=\"3c8f2e4\" data-element_type=\"section\" data-e-type=\"section\">\n\t\t\t\t\t\t<div class=\"elementor-container elementor-column-gap-default\">\n\t\t\t\t\t<div class=\"elementor-column elementor-col-50 elementor-top-column elementor-element elementor-element-b78e461\" data-id=\"b78e461\" data-element_type=\"column\" data-e-type=\"column\">\n\t\t\t<div class=\"elementor-widget-wrap elementor-element-populated\">\n\t\t\t\t\t\t<div class=\"elementor-element elementor-element-6f76f02 elementor-widget__width-initial elementor-widget elementor-widget-text-editor\" data-id=\"6f76f02\" data-element_type=\"widget\" data-e-type=\"widget\" data-widget_type=\"text-editor.default\">\n\t\t\t\t<div class=\"elementor-widget-container\">\n\t\t\t\t\t\t\t\t\t<p><strong>Inauguraci\u00f3n de la exposici\u00f3n<\/strong><br \/>S\u00e1bado 19 de octubre a las 18 h<\/p>\n<p><strong>Fechas de la exposici\u00f3n<\/strong><br \/>Del 19 de octubre de 2024 al 12 de enero de 2025<\/p>\n<p><strong>Horario<\/strong><br \/>De martes a viernes de 10 a 18 h<br \/>S\u00e1bados de 10 a 14 h y de 16 a 18 h<br \/>Domingos y festivos de 11 a 14 h<br \/>Lunes cerrado<\/p>\n<p><strong>Lugar<\/strong><br \/>Museu d\u2019Art Modern de Tarragona <br \/>C. de Santa Anna, 11<br \/>43003 Tarragona<br \/><a href=\"https:\/\/maps.app.goo.gl\/iCCxcunYQT6AsHiH6\" target=\"_blank\" rel=\"noopener\"><span style=\"text-decoration: underline;\">C\u00f3mo llegar<\/span><\/a><\/p>\n<p><strong>Informaci\u00f3n<\/strong><br \/>Acceso a personas com movilidad reducida<br \/>Todas las activitdes son gratuitas<br \/>*Para algunas actividades hay que hacer inscripci\u00f3n a hola@scan.cat<\/p>\n<p><strong>Comisaria<\/strong><br \/>Natasha Christia<\/p>\n<p><strong>Organizan<\/strong><br \/>Museu d\u2019Art Modern de Tarragona<br \/>Diputaci\u00f3 de Tarragona<br \/>SCAN Tarragona<\/p>\n<p><strong>Colabora<\/strong><br \/>Dispara \/ Tono Arias Fotograf\u00eda<br \/><a href=\"https:\/\/www.dispara.org\" target=\"_blank\" rel=\"noopener\">dispara.org<\/a><\/p>\n\t\t\t\t\t\t\t\t<\/div>\n\t\t\t\t<\/div>\n\t\t\t\t\t<\/div>\n\t\t<\/div>\n\t\t\t\t<div class=\"elementor-column elementor-col-50 elementor-top-column elementor-element elementor-element-dcc2281\" data-id=\"dcc2281\" data-element_type=\"column\" data-e-type=\"column\">\n\t\t\t<div class=\"elementor-widget-wrap elementor-element-populated\">\n\t\t\t\t\t\t<div class=\"elementor-element elementor-element-01408bc elementor-widget elementor-widget-htmega-toggle-addons\" data-id=\"01408bc\" data-element_type=\"widget\" data-e-type=\"widget\" data-widget_type=\"htmega-toggle-addons.default\">\n\t\t\t\t<div class=\"elementor-widget-container\">\n\t\t\t\t\t            <div class=\"htmega-toggle-area\" >\n                \n                <div class=\"htmega-toggle-content-01408bc\" style=\"display: none;\">\n                    \t\t<div data-elementor-type=\"section\" data-elementor-id=\"10511\" class=\"elementor elementor-10511 elementor-10500\" data-elementor-post-type=\"elementor_library\">\n\t\t\t\t\t<section class=\"elementor-section elementor-top-section elementor-element elementor-element-7fdc02b elementor-section-boxed elementor-section-height-default elementor-section-height-default\" data-id=\"7fdc02b\" data-element_type=\"section\" data-e-type=\"section\">\n\t\t\t\t\t\t<div class=\"elementor-container elementor-column-gap-default\">\n\t\t\t\t\t<div class=\"elementor-column elementor-col-100 elementor-top-column elementor-element elementor-element-4fadc04\" data-id=\"4fadc04\" data-element_type=\"column\" data-e-type=\"column\">\n\t\t\t<div class=\"elementor-widget-wrap elementor-element-populated\">\n\t\t\t\t\t\t<div class=\"elementor-element elementor-element-ca7fee5 elementor-widget elementor-widget-text-editor\" data-id=\"ca7fee5\" data-element_type=\"widget\" data-e-type=\"widget\" data-widget_type=\"text-editor.default\">\n\t\t\t\t<div class=\"elementor-widget-container\">\n\t\t\t\t\t\t\t\t\t<p><strong>Emmanuelle ANDRIANJAFY. <em>Nothing\u2019s in vain<\/em><\/strong><br \/>MACK. Reino Unido, 2011. <\/p>\n<p><strong>Jordan BAUMGARTEN. <em>The group for mutual development<\/em><\/strong><br \/>Gost Books. Reino Unido, 2024. <\/p>\n<p><strong>Vincen BEECKMAN. <em>Teen Spirit<\/em><\/strong><br \/>IC Visual Lab. Reino Unido, 2022. <\/p>\n<p><strong>Michael BLASER. <em>Raumordnung<\/em><\/strong><br \/>Art Paper Editions. B\u00e9lgica, 2018. <\/p>\n<p><strong>Mohamed BOUROUISSA. <em>P\u00e9riph\u00e9rique<\/em><\/strong><br \/>Loose Joints. Francia, 2022. <\/p>\n<p><strong>Alejandro CARTAGENA. <em>A Small Guide to Ownership<\/em><\/strong><br \/>The Velvet Cell. Alemania, 2020. <\/p>\n<p><strong>Hannah DARABI. <em>Soleil of Persian Square<\/em><\/strong><br \/>\u00c9ditions Gwinzegal. Suiza, 2021. <\/p>\n<p><strong>Barbara DEBEUCKELAERE. <em>Om (Mother)<\/em><\/strong><br \/>Eriskay Connection. Pa\u00edses Bajos, 2024. <\/p>\n<p><strong>Eugeni GAY MARIN. <em>\u00c1 la ville de\u2026<\/em><\/strong><br \/>Autoedici\u00f3n. Barcelona, 2019. <\/p>\n<p><strong>George GEORGIOU.<em> Last Stop<\/em><\/strong><br \/>Autoedici\u00f3n. Regne Unit, 2015. <\/p>\n<p><strong>HEFTI, Susanne \u2013 KOKALEVSKI, Damjan. Skopje Walkie Talkie. <\/strong> Spector Books. Alemanya, 2019 <\/p>\n<p><strong>HOSSFELD ETYANG, Johannes \u2013 NYAIRO, Joyce \u2013 SIEVERS, Florian. Clubbing in Nairobi, Cairo, Kyiv, Johannesburg, Berlin, Naples, Luanda, Lagos, Bristol, Lisbon 1960. <\/strong>. <br \/>Spector Books. Alemania, 2020. <\/p>\n<p><strong>Dana LIXEMBERG.<em> Imperial Courts 1993-2015<\/em><\/strong><br \/>Roma Publications. Pa\u00edses Bajos, 2016. <\/p>\n<p><strong>Paulien OLTHETEN. <em>Non<\/em><\/strong><br \/>Roma Publications. Pa\u00edses Bajos, 2019. <\/p>\n<p><strong>Tayo ONORATO \u2013 Nico KREBS. <em>Future Memories<\/em><\/strong><br \/>Editions Patrick Frey. Suiza, 2022. <\/p>\n<p><strong>Daniel REUTER. <em>Providencia<\/em><\/strong><br \/>Skinnerboox. Italia, 2020. <\/p>\n<p><strong>Xavier RIBAS. <em>Concrete Geographies<\/em><\/strong><br \/>Bside Books. Espa\u00f1a, 2015. <\/p>\n<p><strong>Irina ROZOVSKY.<em> In Plain Air<\/em><\/strong><br \/>MACK. Reino Unido, 2021. <\/p>\n<p><strong>Giovanna SILVA \u2013 Paolo ROSELLI. <em>Islamabad Today<\/em><\/strong><br \/>Mouse Publishing. Italia, 2021. <\/p>\n<p><strong>Arturo SOTO. <em>A Certain Logic of Expectations<\/em><\/strong><br \/>Eriskay Connection. Pa\u00edses Bajos, 2022. <\/p>\n<p><strong>Katja STUKE \u2013 Oliver SIEBER. <em>La ville lumi\u00e8re<\/em><\/strong><br \/>Bohm Kobayashi \u2013 \u00c9ditions Gwinzegal. Alemania \u2013 Suiza, 2021. <\/p>\n<p><strong>Michele TAGLIAFERRI. <em>A Swimming Pool<\/em><\/strong><br \/>Dalpine \/ Skinnerboox. Espa\u00f1a \u2013 Italia, 2019. <\/p>\n<p><strong>VARIOS. <em>Cairo Desert Cities<\/em><\/strong><br \/>Ruby Press. Alemania, 2018. <\/p>\n<p><strong>WERKER COLLECTIVE. <em>A People\u2019s Memory of a Working Class Neighbourhood<\/em><\/strong> <br \/>Werker Collective. Pa\u00edses Bajos \u2013 Espa\u00f1a, 2019. <\/p>\n<p><strong>Henk WILDSCHUT. <em>Ville de Calais<\/em><\/strong><br \/>\u00c9ditions Gwinzegal. Suiza, 2017. <\/p>\n<p><strong>Raimond WOUDA. <em>Polder VIII, Tuindorp Oostzaan, Amsterdam 1921-2021<\/em><\/strong><br \/>Fw: Books. Pa\u00edses Bajos, 2022. <\/p>\n<p><strong>Zindzi ZWIETERING. <em>Bron<\/em><\/strong><br \/>Eriskay Connection. Paises Bajos, 2024. <\/p>\n\t\t\t\t\t\t\t\t<\/div>\n\t\t\t\t<\/div>\n\t\t\t\t\t<\/div>\n\t\t<\/div>\n\t\t\t\t\t<\/div>\n\t\t<\/section>\n\t\t\t\t<\/div>\n\t\t                <\/div>\n\n                <div class=\"htmega-toggle-button\">\n                    <a href=\"#\" class=\"togglebutton-01408bc normal_btn\">Listado de libros<svg xmlns=\"http:\/\/www.w3.org\/2000\/svg\" width=\"734\" height=\"737\" viewBox=\"0 0 734 737\" fill=\"none\"><path fill-rule=\"evenodd\" clip-rule=\"evenodd\" d=\"M0.162659 403.237L0.162659 333.779L694.736 333.779V403.237L0.162659 403.237Z\" fill=\"black\"><\/path><path fill-rule=\"evenodd\" clip-rule=\"evenodd\" d=\"M315.696 687.744L684.056 319.384L733.171 368.499L364.811 736.859L315.696 687.744Z\" fill=\"black\"><\/path><path fill-rule=\"evenodd\" clip-rule=\"evenodd\" d=\"M315.696 49.264L364.811 0.14933L733.171 368.509L684.056 417.624L315.696 49.264Z\" fill=\"black\"><\/path><\/svg><\/a><a href=\"#\" class=\"togglebutton-01408bc opened_btn\">Listado de libros<svg xmlns=\"http:\/\/www.w3.org\/2000\/svg\" width=\"738\" height=\"734\" viewBox=\"0 0 738 734\" fill=\"none\"><path fill-rule=\"evenodd\" clip-rule=\"evenodd\" d=\"M333.933 0H403.392V694.573H333.933V0Z\" fill=\"black\"><\/path><path fill-rule=\"evenodd\" clip-rule=\"evenodd\" d=\"M49.4267 315.533L417.787 683.893L368.672 733.008L0.312012 364.648L49.4267 315.533Z\" fill=\"black\"><\/path><path fill-rule=\"evenodd\" clip-rule=\"evenodd\" d=\"M687.907 315.533L737.021 364.648L368.661 733.008L319.547 683.893L687.907 315.533Z\" fill=\"black\"><\/path><\/svg><\/a>                <\/div>\n\n            <\/div>\n\n            <script>\n                jQuery(document).ready(function($) {\n                    'use strict';\n                    $(\".togglebutton-01408bc\").on('click', function(){\n                        $(\".htmega-toggle-content-01408bc\").slideToggle('slow');\n                        $(this).removeAttr(\"href\");\n                        $(this).parent().toggleClass(\"open\");\n                    });\n                });\n            <\/script>\n        \t\t\t\t<\/div>\n\t\t\t\t<\/div>\n\t\t\t\t<div class=\"elementor-element elementor-element-27317b5 elementor-widget-divider--view-line elementor-widget elementor-widget-divider\" data-id=\"27317b5\" data-element_type=\"widget\" data-e-type=\"widget\" data-widget_type=\"divider.default\">\n\t\t\t\t<div class=\"elementor-widget-container\">\n\t\t\t\t\t\t\t<div class=\"elementor-divider\">\n\t\t\t<span class=\"elementor-divider-separator\">\n\t\t\t\t\t\t<\/span>\n\t\t<\/div>\n\t\t\t\t\t\t<\/div>\n\t\t\t\t<\/div>\n\t\t\t\t<div class=\"elementor-element elementor-element-913a43e elementor-widget elementor-widget-htmega-toggle-addons\" data-id=\"913a43e\" data-element_type=\"widget\" data-e-type=\"widget\" data-widget_type=\"htmega-toggle-addons.default\">\n\t\t\t\t<div class=\"elementor-widget-container\">\n\t\t\t\t\t            <div class=\"htmega-toggle-area\" >\n                \n                <div class=\"htmega-toggle-content-913a43e\" style=\"display: none;\">\n                    \t\t<div data-elementor-type=\"page\" data-elementor-id=\"11254\" class=\"elementor elementor-11254 elementor-11229\" data-elementor-post-type=\"elementor_library\">\n\t\t\t\t\t\t<section class=\"elementor-section elementor-top-section elementor-element elementor-element-940f20b elementor-section-full_width elementor-reverse-mobile elementor-section-height-default elementor-section-height-default\" data-id=\"940f20b\" data-element_type=\"section\" data-e-type=\"section\" id=\"content\">\n\t\t\t\t\t\t<div class=\"elementor-container elementor-column-gap-default\">\n\t\t\t\t\t<div class=\"elementor-column elementor-col-100 elementor-top-column elementor-element elementor-element-4de87cb\" data-id=\"4de87cb\" data-element_type=\"column\" data-e-type=\"column\">\n\t\t\t<div class=\"elementor-widget-wrap elementor-element-populated\">\n\t\t\t\t\t\t<div class=\"elementor-element elementor-element-12b91be elementor-widget elementor-widget-text-editor\" data-id=\"12b91be\" data-element_type=\"widget\" data-e-type=\"widget\" data-widget_type=\"text-editor.default\">\n\t\t\t\t<div class=\"elementor-widget-container\">\n\t\t\t\t\t\t\t\t\t<p><b><span style=\"background-color: var(--base-3); color: var(--contrast);\">Visita comentada a la exposici\u00f3n a cargo de la comisaria Natasha Christia<\/span><\/b><br \/><span style=\"background-color: var(--base-3); color: var(--contrast);\">Viernes, 22 de noviembre a las 18 h<\/span><\/p>\n<p><strong><i>Fotolibro de ciudades. Evoluci\u00f3n de imaginarios. Un recorrido por la historia del g\u00e9nero m\u00e1s popular de la historia del fotolibro   <\/i><\/strong><br \/><strong>Conferencia de Natasha Christia<\/strong><br \/>S\u00e1bado, 23 de noviembre de las 10.30 h a 13.30 h<br \/><strong>*Inscribirse gratuitamente enviando un correo a <a href=\"mailto:hola@scan.cat\"><span style=\"text-decoration: underline;\">hola@scan.cat<\/span><\/a><\/strong><\/p>\n<p><strong><i>La ciudad como archivo de lo posible<\/i><\/strong><br \/><strong>Natasha Christia conversa con Alejandro Ac\u00edn sobre sus experiencias urbano-colectivas<\/strong><br \/>Viernes, 13 de diciembre a las 18 h<\/p>\n<p><i><strong> La ciudad como laboratorio editorial<\/strong><\/i><br \/><strong>Taller con Alejandro Ac\u00edn y Natasha Christia<\/strong><br \/>S\u00e1bado, 14 de diciembre de 16 a 18 h<br \/>Domingo, 15 de diciembre de 11 a 13:30 h<br \/><strong>*Es necesario inscribirse enviando un correo a <span style=\"text-decoration: underline;\"><a href=\"mailto:hola@scan.cat\">hola@scan.cat<\/a><br \/><\/span><\/strong><br \/>De contenido te\u00f3rico-pr\u00e1ctico, este taller se plantea como una versi\u00f3n de<i> Labour in a single shot<\/i>, el taller ideado por Antje Ehmann y Harun Farocki en 2011, trasladando sus premisas en la p\u00e1gina doble y respondiendo a la tem\u00e1tica de la exposici\u00f3n.<\/p>\n<p>Alejandro Ac\u00edn es artista visual, dise\u00f1ador y director creativo de IC Visual Lab y Bristol Photo Festival.<\/p>\n\t\t\t\t\t\t\t\t<\/div>\n\t\t\t\t<\/div>\n\t\t\t\t\t<\/div>\n\t\t<\/div>\n\t\t\t\t\t<\/div>\n\t\t<\/section>\n\t\t\t\t<\/div>\n\t\t                <\/div>\n\n                <div class=\"htmega-toggle-button\">\n                    <a href=\"#\" class=\"togglebutton-913a43e normal_btn\">Conferencias \/ Taller <svg xmlns=\"http:\/\/www.w3.org\/2000\/svg\" width=\"734\" height=\"737\" viewBox=\"0 0 734 737\" fill=\"none\"><path fill-rule=\"evenodd\" clip-rule=\"evenodd\" d=\"M0.162659 403.237L0.162659 333.779L694.736 333.779V403.237L0.162659 403.237Z\" fill=\"black\"><\/path><path fill-rule=\"evenodd\" clip-rule=\"evenodd\" d=\"M315.696 687.744L684.056 319.384L733.171 368.499L364.811 736.859L315.696 687.744Z\" fill=\"black\"><\/path><path fill-rule=\"evenodd\" clip-rule=\"evenodd\" d=\"M315.696 49.264L364.811 0.14933L733.171 368.509L684.056 417.624L315.696 49.264Z\" fill=\"black\"><\/path><\/svg><\/a><a href=\"#\" class=\"togglebutton-913a43e opened_btn\">Confer\u00e8ncies \/ Taller <svg xmlns=\"http:\/\/www.w3.org\/2000\/svg\" width=\"738\" height=\"734\" viewBox=\"0 0 738 734\" fill=\"none\"><path fill-rule=\"evenodd\" clip-rule=\"evenodd\" d=\"M333.933 0H403.392V694.573H333.933V0Z\" fill=\"black\"><\/path><path fill-rule=\"evenodd\" clip-rule=\"evenodd\" d=\"M49.4267 315.533L417.787 683.893L368.672 733.008L0.312012 364.648L49.4267 315.533Z\" fill=\"black\"><\/path><path fill-rule=\"evenodd\" clip-rule=\"evenodd\" d=\"M687.907 315.533L737.021 364.648L368.661 733.008L319.547 683.893L687.907 315.533Z\" fill=\"black\"><\/path><\/svg><\/a>                <\/div>\n\n            <\/div>\n\n            <script>\n                jQuery(document).ready(function($) {\n                    'use strict';\n                    $(\".togglebutton-913a43e\").on('click', function(){\n                        $(\".htmega-toggle-content-913a43e\").slideToggle('slow');\n                        $(this).removeAttr(\"href\");\n                        $(this).parent().toggleClass(\"open\");\n                    });\n                });\n            <\/script>\n        \t\t\t\t<\/div>\n\t\t\t\t<\/div>\n\t\t\t\t<div class=\"elementor-element elementor-element-1f8cb4c elementor-arrows-position-inside elementor-widget elementor-widget-image-carousel\" data-id=\"1f8cb4c\" data-element_type=\"widget\" data-e-type=\"widget\" data-settings=\"{&quot;slides_to_show&quot;:&quot;1&quot;,&quot;navigation&quot;:&quot;arrows&quot;,&quot;lazyload&quot;:&quot;yes&quot;,&quot;autoplay_speed&quot;:3500,&quot;speed&quot;:800,&quot;autoplay&quot;:&quot;yes&quot;,&quot;pause_on_hover&quot;:&quot;yes&quot;,&quot;pause_on_interaction&quot;:&quot;yes&quot;,&quot;infinite&quot;:&quot;yes&quot;,&quot;effect&quot;:&quot;slide&quot;}\" data-widget_type=\"image-carousel.default\">\n\t\t\t\t<div class=\"elementor-widget-container\">\n\t\t\t\t\t\t\t<div class=\"elementor-image-carousel-wrapper swiper\" role=\"region\" aria-roledescription=\"carousel\" aria-label=\"Carrusel de im\u00e1genes\" dir=\"ltr\">\n\t\t\t<div class=\"elementor-image-carousel swiper-wrapper swiper-image-stretch\" aria-live=\"off\">\n\t\t\t\t\t\t\t\t<div class=\"swiper-slide\" role=\"group\" aria-roledescription=\"slide\" aria-label=\"1 de 4\"><figure class=\"swiper-slide-inner\"><img class=\"swiper-slide-image swiper-lazy\" data-src=\"https:\/\/scan.cat\/wp-content\/uploads\/2024\/09\/Photobooks0014-1024x640.jpg\" alt=\"Photobooks0014\" \/><div class=\"swiper-lazy-preloader\"><\/div><\/figure><\/div><div class=\"swiper-slide\" role=\"group\" aria-roledescription=\"slide\" aria-label=\"2 de 4\"><figure class=\"swiper-slide-inner\"><img class=\"swiper-slide-image swiper-lazy\" data-src=\"https:\/\/scan.cat\/wp-content\/uploads\/2024\/09\/Photobooks0017-1024x640.jpg\" alt=\"Photobooks0017\" \/><div class=\"swiper-lazy-preloader\"><\/div><\/figure><\/div><div class=\"swiper-slide\" role=\"group\" aria-roledescription=\"slide\" aria-label=\"3 de 4\"><figure class=\"swiper-slide-inner\"><img class=\"swiper-slide-image swiper-lazy\" data-src=\"https:\/\/scan.cat\/wp-content\/uploads\/2024\/09\/Photobooks0016-1024x640.jpg\" alt=\"Photobooks0016\" \/><div class=\"swiper-lazy-preloader\"><\/div><\/figure><\/div><div class=\"swiper-slide\" role=\"group\" aria-roledescription=\"slide\" aria-label=\"4 de 4\"><figure class=\"swiper-slide-inner\"><img class=\"swiper-slide-image swiper-lazy\" data-src=\"https:\/\/scan.cat\/wp-content\/uploads\/2024\/09\/Photobooks0015-1024x640.jpg\" alt=\"Photobooks0015\" \/><div class=\"swiper-lazy-preloader\"><\/div><\/figure><\/div>\t\t\t<\/div>\n\t\t\t\t\t\t\t\t\t\t\t\t<div class=\"elementor-swiper-button elementor-swiper-button-prev\" role=\"button\" tabindex=\"0\">\n\t\t\t\t\t\t<i aria-hidden=\"true\" class=\"eicon-chevron-left\"><\/i>\t\t\t\t\t<\/div>\n\t\t\t\t\t<div class=\"elementor-swiper-button elementor-swiper-button-next\" role=\"button\" tabindex=\"0\">\n\t\t\t\t\t\t<i aria-hidden=\"true\" class=\"eicon-chevron-right\"><\/i>\t\t\t\t\t<\/div>\n\t\t\t\t\n\t\t\t\t\t\t\t\t\t<\/div>\n\t\t\t\t\t\t<\/div>\n\t\t\t\t<\/div>\n\t\t\t\t<div class=\"elementor-element elementor-element-a1b0b1f elementor-widget elementor-widget-text-editor\" data-id=\"a1b0b1f\" data-element_type=\"widget\" data-e-type=\"widget\" data-widget_type=\"text-editor.default\">\n\t\t\t\t<div class=\"elementor-widget-container\">\n\t\t\t\t\t\t\t\t\t<p><strong>WERKER COLLECTIVE. A People\u2019s Memory of a Working Class Neighbourhood. <\/strong> Werker Collective. Pa\u00edses Bajos \u2013 Espa\u00f1a, 2019. <\/p>\n\t\t\t\t\t\t\t\t<\/div>\n\t\t\t\t<\/div>\n\t\t\t\t<div class=\"elementor-element elementor-element-4228a57 elementor-widget elementor-widget-text-editor\" data-id=\"4228a57\" data-element_type=\"widget\" data-e-type=\"widget\" data-widget_type=\"text-editor.default\">\n\t\t\t\t<div class=\"elementor-widget-container\">\n\t\t\t\t\t\t\t\t\t<p><strong>LO POSIBLE TAMBI\u00c9N ES REALIDAD<\/strong><\/p>\n<p><a href=\"https:\/\/scan.cat\/wp-content\/uploads\/2024\/09\/ThePossibleisalsoReality.pdf\" target=\"_blank\" rel=\"noopener\">Downlad in English<\/a>&nbsp;<\/p>\n<p>Si la historia de la fotograf\u00eda debiera resumirse en un solo \u00e1mbito, ser\u00eda, sin duda, el de los fotolibros urbanos. En la doble p\u00e1gina, g\u00e9neros como las sinfon\u00edas de ciudades, el Provoke japon\u00e9s, o la fotograf\u00eda callejera con su ethos de <em>fl\u00e2neur<\/em>, invocaron y conjuraron la ciudad fotog\u00e9nica. \u00abEsta megal\u00f3polis bifronte, madre y castrante, efigie del progreso y de la perversi\u00f3n\u00bb \u2014en palabras de la historiadora Fran\u00e7oise Choay\u2014 se convirti\u00f3 en un escenario indisociable de la euforia, la melancol\u00eda o, incluso, la desesperaci\u00f3n que va acompa\u00f1ar la experiencia de la era industrial y postindustrial.  <\/p>\n<p><em>Lo posible tambi\u00e9n es realidad <\/em>reconoce este legado, optando no obstante por girar su foco hacia las entra\u00f1as de la urbe globalizada e hiper-conectada de nuestros tiempos. M\u00e1s all\u00e1 de emplear las im\u00e1genes como meras reproducciones de lo que ya es visible, las publicaciones reunidas en esta muestra hacen que aparezcan nuevas visibilidades. Asimismo, sugieren que dentro del documentalismo fotogr\u00e1fico otros imaginarios que no totalizan son posibles.  <\/p>\n<p>Los fotolibros seleccionados en <em>Lo posible tambi\u00e9n es realidad<\/em> propician inesperados espacios de compromiso. Sus tem\u00e1ticas est\u00e1n ligadas a la idea de la marginalidad. La ciudad se entiende aqu\u00ed como una forma de imaginaci\u00f3n pol\u00edtica, sometida continuamente en un proceso dial\u00e9ctico de experimentaci\u00f3n, inclusi\u00f3n y exclusi\u00f3n en cuanto a organizaci\u00f3n y convivencias. Asumida como un enclave de flujos y diferencias, no se concibe sin sus <em>banlieues<\/em> y\/o periferias globales. Tampoco sin la descentralizaci\u00f3n, la deslocalizaci\u00f3n y las colectividades abstractas que se experimentan en la vida cotidiana. Ya no hay periferias y centros, metr\u00f3polis de primera o de segunda, sino que las di\u00e1sporas y lo subalterno son los que generan identidades.     <\/p>\n<p>Las metodolog\u00edas que se establecen dentro de estas publicaciones rompen con el binomio c\u00e1mara-mundo, priorizan modos colaborativos y especulativos, e invitan a reflexionar sobre para qu\u00e9 pueden servir las im\u00e1genes y qu\u00e9 puede hacerse. No s\u00f3lo trazan horizontes de emancipaci\u00f3n y transformaci\u00f3n colectiva, sino que actualmente los ponen a prueba. Es decir, ensayan el constante tira y afloja de diferentes pr\u00e1cticas de conexi\u00f3n que se producen simult\u00e1neamente entre el espacio urbano y las comunidades que lo habitan, la mayor parte de veces sin llegar a cristalizarse en un consenso definitivo. Sus estrategias visuales implican voces de resistencia, resiliencia, no normatividad y transgresi\u00f3n frente a fuerzas globales y locales que buscan regularizar divisiones y jerarqu\u00edas biopol\u00edticas y medioambientales.   <\/p>\n<p>De \u00edndole ut\u00f3pica, sus posiciones cr\u00edticas abren el camino hacia un paisaje de convivencia que trasciende la mera realidad. Apelan \u2014parafraseando al fil\u00f3sofo y soci\u00f3logo Henri Lefebvre en <i>La revoluci\u00f3n urbana<\/i> (1970)\u2014 que dejamos de considerar las urbes que creamos y las que imaginamos como dos formas separadas, ya que \u00ablo posible tambi\u00e9n es realidad\u00bb. <\/p>\n<p>Natasha Christia<\/p>\t\t\t\t\t\t\t\t<\/div>\n\t\t\t\t<\/div>\n\t\t\t\t\t<\/div>\n\t\t<\/div>\n\t\t\t\t\t<\/div>\n\t\t<\/section>\n\t\t\t\t<\/div>\n\t\t","protected":false},"excerpt":{"rendered":"<p>Photobooks SCAN Lo posible tambi\u00e9n es realidad Inauguraci\u00f3n de la exposici\u00f3nS\u00e1bado 19 de octubre a las 18 h Fechas de la exposici\u00f3nDel 19 de octubre de 2024 al 12 de enero de 2025 HorarioDe martes a viernes de 10 a 18 hS\u00e1bados de 10 a 14 h y de 16 a 18 hDomingos y festivos &#8230; <a title=\"Photobooks SCAN\" class=\"read-more\" href=\"https:\/\/scan.cat\/es\/photobooks-scan-2\/\" aria-label=\"Leer m\u00e1s sobre Photobooks SCAN\">Leer m\u00e1s<\/a><\/p>\n","protected":false},"author":2,"featured_media":0,"parent":0,"menu_order":0,"comment_status":"closed","ping_status":"closed","template":"","meta":{"footnotes":""},"class_list":["post-10516","page","type-page","status-publish"],"_links":{"self":[{"href":"https:\/\/scan.cat\/es\/wp-json\/wp\/v2\/pages\/10516","targetHints":{"allow":["GET"]}}],"collection":[{"href":"https:\/\/scan.cat\/es\/wp-json\/wp\/v2\/pages"}],"about":[{"href":"https:\/\/scan.cat\/es\/wp-json\/wp\/v2\/types\/page"}],"author":[{"embeddable":true,"href":"https:\/\/scan.cat\/es\/wp-json\/wp\/v2\/users\/2"}],"replies":[{"embeddable":true,"href":"https:\/\/scan.cat\/es\/wp-json\/wp\/v2\/comments?post=10516"}],"version-history":[{"count":23,"href":"https:\/\/scan.cat\/es\/wp-json\/wp\/v2\/pages\/10516\/revisions"}],"predecessor-version":[{"id":11746,"href":"https:\/\/scan.cat\/es\/wp-json\/wp\/v2\/pages\/10516\/revisions\/11746"}],"wp:attachment":[{"href":"https:\/\/scan.cat\/es\/wp-json\/wp\/v2\/media?parent=10516"}],"curies":[{"name":"wp","href":"https:\/\/api.w.org\/{rel}","templated":true}]}}