{"id":10682,"date":"2024-09-16T08:35:32","date_gmt":"2024-09-16T08:35:32","guid":{"rendered":"https:\/\/scan.cat\/daidalos-%ce%b4%ce%b1%ce%af%ce%b4%ce%b1%ce%bb%ce%bf%cf%82\/"},"modified":"2024-09-27T14:11:58","modified_gmt":"2024-09-27T14:11:58","slug":"daidalos-%ce%b4%ce%b1%ce%af%ce%b4%ce%b1%ce%bb%ce%bf%cf%82","status":"publish","type":"page","link":"https:\/\/scan.cat\/es\/daidalos-%ce%b4%ce%b1%ce%af%ce%b4%ce%b1%ce%bb%ce%bf%cf%82\/","title":{"rendered":"Da\u00eddalos \/ \u0394\u03b1\u03af\u03b4\u03b1\u03bb\u03bf\u03c2"},"content":{"rendered":"\t\t<div data-elementor-type=\"wp-page\" data-elementor-id=\"10682\" class=\"elementor elementor-10682 elementor-10609\" data-elementor-post-type=\"page\">\n\t\t\t\t\t\t<section class=\"elementor-section elementor-top-section elementor-element elementor-element-48226c7 elementor-section-full_width elementor-section-height-default elementor-section-height-default\" data-id=\"48226c7\" data-element_type=\"section\" data-e-type=\"section\" id=\"cabecera\">\n\t\t\t\t\t\t<div class=\"elementor-container elementor-column-gap-default\">\n\t\t\t\t\t<div class=\"elementor-column elementor-col-50 elementor-top-column elementor-element elementor-element-b70923b\" data-id=\"b70923b\" data-element_type=\"column\" data-e-type=\"column\">\n\t\t\t<div class=\"elementor-widget-wrap elementor-element-populated\">\n\t\t\t\t\t\t<div class=\"elementor-element elementor-element-d71bc7b elementor-widget elementor-widget-heading\" data-id=\"d71bc7b\" data-element_type=\"widget\" data-e-type=\"widget\" data-widget_type=\"heading.default\">\n\t\t\t\t<div class=\"elementor-widget-container\">\n\t\t\t\t\t<h1 class=\"elementor-heading-title elementor-size-default\">Da\u00eddalos \/ <span>\u0394\u03b1\u03af\u03b4\u03b1\u03bb\u03bf\u03c2<\/span><\/h1>\t\t\t\t<\/div>\n\t\t\t\t<\/div>\n\t\t\t\t\t<\/div>\n\t\t<\/div>\n\t\t\t\t<div class=\"elementor-column elementor-col-50 elementor-top-column elementor-element elementor-element-b65db84\" data-id=\"b65db84\" data-element_type=\"column\" data-e-type=\"column\">\n\t\t\t<div class=\"elementor-widget-wrap elementor-element-populated\">\n\t\t\t\t\t\t<div class=\"elementor-element elementor-element-a3903f8 elementor-widget elementor-widget-html\" data-id=\"a3903f8\" data-element_type=\"widget\" data-e-type=\"widget\" data-widget_type=\"html.default\">\n\t\t\t\t<div class=\"elementor-widget-container\">\n\t\t\t\t\t<div id=\"volver\">\n    <a href=\"https:\/\/scan.cat\/es\/exposiciones-2024\/\">\n    <img decoding=\"async\" src=\"https:\/\/scan.cat\/wp-content\/uploads\/2022\/09\/arrow-right.svg\" alt=\"\" title=\"\"> Volver <\/a>\n<\/div>\t\t\t\t<\/div>\n\t\t\t\t<\/div>\n\t\t\t\t\t<\/div>\n\t\t<\/div>\n\t\t\t\t\t<\/div>\n\t\t<\/section>\n\t\t\t\t<section class=\"elementor-section elementor-top-section elementor-element elementor-element-3c8f2e4 lseccion elementor-section-full_width elementor-reverse-mobile elementor-section-height-default elementor-section-height-default\" data-id=\"3c8f2e4\" data-element_type=\"section\" data-e-type=\"section\">\n\t\t\t\t\t\t<div class=\"elementor-container elementor-column-gap-default\">\n\t\t\t\t\t<div class=\"elementor-column elementor-col-50 elementor-top-column elementor-element elementor-element-b78e461\" data-id=\"b78e461\" data-element_type=\"column\" data-e-type=\"column\">\n\t\t\t<div class=\"elementor-widget-wrap elementor-element-populated\">\n\t\t\t\t\t\t<div class=\"elementor-element elementor-element-6f76f02 elementor-widget__width-initial elementor-widget elementor-widget-text-editor\" data-id=\"6f76f02\" data-element_type=\"widget\" data-e-type=\"widget\" data-widget_type=\"text-editor.default\">\n\t\t\t\t<div class=\"elementor-widget-container\">\n\t\t\t\t\t\t\t\t\t<p><strong>Inauguraci\u00f3n de la exposici\u00f3n<\/strong><br \/>Viernes 18 de octubre de 2024 a las 20 h<\/p>\n<p><strong>Fechas de la exposici\u00f3n<\/strong><br \/>Del 18 octubre al 8 de diciembre de 2024<\/p>\n<p><strong>Lugar<\/strong><br \/>Refugi 1 \u00b7 Moll de Costa<br \/>Port de Tarragona<br \/>43003 Tarragona<br \/><span style=\"text-decoration: underline;\"><a href=\"https:\/\/maps.app.goo.gl\/7a4S9x1wzZR9QYY97\" target=\"_blank\" rel=\"noopener\">C\u00f3mo llegar<\/a><\/span><\/p>\n<p><strong>Horario<\/strong><br \/>De martes a s\u00e1bado de 10 a 13 h y de 16 a 19 h<br \/>Domingos y festivos de 11 a 14 h<\/p>\n<p><strong>Artistas<\/strong><br \/>Toni Serra *) abu ali<br \/>Camilla de Maffei<br \/>Dani Pujalte<br \/>Denis Dailleux<br \/>Myriam Boulos<br \/>Shareef Sarhan<br \/>Matteo Guidi<br \/>Giuliana Racco<br \/>Pauline Alioua<\/p>\n<p><strong>Comisarios<\/strong><br \/>Xavier de Luca y Houari Bouchenak<\/p>\n<p><strong>Informaci\u00f3n<\/strong><br \/>Acceso para personas con movilidad reducida<br \/>Entrada libre a la exposici\u00f3n y programa p\u00fablico<\/p>\n<p><strong>Laboratorio<\/strong><br \/>EGM<\/p>\n<p><strong>Organizan<\/strong><br \/>SCAN Tarragona<br \/>Port de Tarragona<br \/>Jiser Reflexions Mediterr\u00e0nies<\/p>\n<p><strong>Con la colaboraci\u00f3n<\/strong> de la C\u00e0tedra UNESCO del Di\u00e0leg Intercultural a la Mediterr\u00e0nia de la Universitat Rovira i Virgili, AC\/E, a trav\u00e9s del programa PICE Visitantes, els Arxius OVNI y Agence VU&#8217; i EGM<\/p>\n\t\t\t\t\t\t\t\t<\/div>\n\t\t\t\t<\/div>\n\t\t\t\t\t<\/div>\n\t\t<\/div>\n\t\t\t\t<div class=\"elementor-column elementor-col-50 elementor-top-column elementor-element elementor-element-dcc2281\" data-id=\"dcc2281\" data-element_type=\"column\" data-e-type=\"column\">\n\t\t\t<div class=\"elementor-widget-wrap elementor-element-populated\">\n\t\t\t\t\t\t<section class=\"elementor-section elementor-inner-section elementor-element elementor-element-0d5bed9 elementor-section-boxed elementor-section-height-default elementor-section-height-default\" data-id=\"0d5bed9\" data-element_type=\"section\" data-e-type=\"section\">\n\t\t\t\t\t\t<div class=\"elementor-container elementor-column-gap-custom\">\n\t\t\t\t\t<div class=\"elementor-column elementor-col-100 elementor-inner-column elementor-element elementor-element-0c9aa17\" data-id=\"0c9aa17\" data-element_type=\"column\" data-e-type=\"column\">\n\t\t\t<div class=\"elementor-widget-wrap elementor-element-populated\">\n\t\t\t\t\t\t<div class=\"elementor-element elementor-element-1af2df0 elementor-widget elementor-widget-gallery\" data-id=\"1af2df0\" data-element_type=\"widget\" data-e-type=\"widget\" data-settings=\"{&quot;gallery_layout&quot;:&quot;justified&quot;,&quot;ideal_row_height&quot;:{&quot;unit&quot;:&quot;px&quot;,&quot;size&quot;:400,&quot;sizes&quot;:[]},&quot;overlay_title&quot;:&quot;title&quot;,&quot;lazyload&quot;:&quot;yes&quot;,&quot;ideal_row_height_laptop&quot;:{&quot;unit&quot;:&quot;px&quot;,&quot;size&quot;:150,&quot;sizes&quot;:[]},&quot;ideal_row_height_tablet&quot;:{&quot;unit&quot;:&quot;px&quot;,&quot;size&quot;:150,&quot;sizes&quot;:[]},&quot;ideal_row_height_mobile&quot;:{&quot;unit&quot;:&quot;px&quot;,&quot;size&quot;:150,&quot;sizes&quot;:[]},&quot;gap&quot;:{&quot;unit&quot;:&quot;px&quot;,&quot;size&quot;:10,&quot;sizes&quot;:[]},&quot;gap_laptop&quot;:{&quot;unit&quot;:&quot;px&quot;,&quot;size&quot;:10,&quot;sizes&quot;:[]},&quot;gap_tablet&quot;:{&quot;unit&quot;:&quot;px&quot;,&quot;size&quot;:10,&quot;sizes&quot;:[]},&quot;gap_mobile&quot;:{&quot;unit&quot;:&quot;px&quot;,&quot;size&quot;:10,&quot;sizes&quot;:[]},&quot;content_hover_animation&quot;:&quot;fade-in&quot;}\" data-widget_type=\"gallery.default\">\n\t\t\t\t<div class=\"elementor-widget-container\">\n\t\t\t\t\t\t\t<div class=\"elementor-gallery__container\">\n\t\t\t\t\t\t\t<div class=\"e-gallery-item elementor-gallery-item elementor-animated-content\" tabindex=\"0\">\n\t\t\t\t\t<div class=\"e-gallery-image elementor-gallery-item__image\" data-thumbnail=\"https:\/\/scan.cat\/wp-content\/uploads\/2024\/09\/Toni-Serra-abu-ali-768x568.png\" data-width=\"768\" data-height=\"568\" aria-label=\"Toni Serra *) abu ali\" role=\"img\" ><\/div>\n\t\t\t\t\t\t\t\t\t\t\t\t\t\t\t<div class=\"elementor-gallery-item__content\">\n\t\t\t\t\t\t\t\t\t\t\t\t\t\t<div class=\"elementor-gallery-item__title\">\n\t\t\t\t\t\t\t\t\t\t\t\t\t\t\t\t\t\tToni Serra *) abu ali\t\t\t\t\t\t\t\t<\/div>\n\t\t\t\t\t\t\t\t\t\t\t\t<\/div>\n\t\t\t\t\t\t\t\t\t<\/div>\n\t\t\t\t\t\t\t<div class=\"e-gallery-item elementor-gallery-item elementor-animated-content\" tabindex=\"0\">\n\t\t\t\t\t<div class=\"e-gallery-image elementor-gallery-item__image\" data-thumbnail=\"https:\/\/scan.cat\/wp-content\/uploads\/2024\/09\/Shareef-Sarhan-768x768.jpg\" data-width=\"768\" data-height=\"768\" aria-label=\"Shareef Sarhan\" role=\"img\" ><\/div>\n\t\t\t\t\t\t\t\t\t\t\t\t\t\t\t<div class=\"elementor-gallery-item__content\">\n\t\t\t\t\t\t\t\t\t\t\t\t\t\t<div class=\"elementor-gallery-item__title\">\n\t\t\t\t\t\t\t\t\t\t\t\t\t\t\t\t\t\tShareef Sarhan\t\t\t\t\t\t\t\t<\/div>\n\t\t\t\t\t\t\t\t\t\t\t\t<\/div>\n\t\t\t\t\t\t\t\t\t<\/div>\n\t\t\t\t\t\t\t<div class=\"e-gallery-item elementor-gallery-item elementor-animated-content\" tabindex=\"0\">\n\t\t\t\t\t<div class=\"e-gallery-image elementor-gallery-item__image\" data-thumbnail=\"https:\/\/scan.cat\/wp-content\/uploads\/2024\/09\/Pauline-Alioua-768x955.jpg\" data-width=\"768\" data-height=\"955\" aria-label=\"Pauline Alioua\" role=\"img\" ><\/div>\n\t\t\t\t\t\t\t\t\t\t\t\t\t\t\t<div class=\"elementor-gallery-item__content\">\n\t\t\t\t\t\t\t\t\t\t\t\t\t\t<div class=\"elementor-gallery-item__title\">\n\t\t\t\t\t\t\t\t\t\t\t\t\t\t\t\t\t\tPauline Alioua\t\t\t\t\t\t\t\t<\/div>\n\t\t\t\t\t\t\t\t\t\t\t\t<\/div>\n\t\t\t\t\t\t\t\t\t<\/div>\n\t\t\t\t\t\t\t<div class=\"e-gallery-item elementor-gallery-item elementor-animated-content\" tabindex=\"0\">\n\t\t\t\t\t<div class=\"e-gallery-image elementor-gallery-item__image\" data-thumbnail=\"https:\/\/scan.cat\/wp-content\/uploads\/2024\/09\/MyriamBoulos_What_sOurs-18-copie-768x758.jpg\" data-width=\"768\" data-height=\"758\" aria-label=\"AGM\" role=\"img\" ><\/div>\n\t\t\t\t\t\t\t\t\t\t\t\t\t\t\t<div class=\"elementor-gallery-item__content\">\n\t\t\t\t\t\t\t\t\t\t\t\t\t\t<div class=\"elementor-gallery-item__title\">\n\t\t\t\t\t\t\t\t\t\t\t\t\t\t\t\t\t\tAGM\t\t\t\t\t\t\t\t<\/div>\n\t\t\t\t\t\t\t\t\t\t\t\t<\/div>\n\t\t\t\t\t\t\t\t\t<\/div>\n\t\t\t\t\t\t\t<div class=\"e-gallery-item elementor-gallery-item elementor-animated-content\" tabindex=\"0\">\n\t\t\t\t\t<div class=\"e-gallery-image elementor-gallery-item__image\" data-thumbnail=\"https:\/\/scan.cat\/wp-content\/uploads\/2024\/09\/Matteo-Guidi-Giuliana-Racco-768x512.jpg\" data-width=\"768\" data-height=\"512\" aria-label=\"Matteo Guidi &amp; Giuliana Racco\" role=\"img\" ><\/div>\n\t\t\t\t\t\t\t\t\t\t\t\t\t\t\t<div class=\"elementor-gallery-item__content\">\n\t\t\t\t\t\t\t\t\t\t\t\t\t\t<div class=\"elementor-gallery-item__title\">\n\t\t\t\t\t\t\t\t\t\t\t\t\t\t\t\t\t\tMatteo Guidi & Giuliana Racco\t\t\t\t\t\t\t\t<\/div>\n\t\t\t\t\t\t\t\t\t\t\t\t<\/div>\n\t\t\t\t\t\t\t\t\t<\/div>\n\t\t\t\t\t\t\t<div class=\"e-gallery-item elementor-gallery-item elementor-animated-content\" tabindex=\"0\">\n\t\t\t\t\t<div class=\"e-gallery-image elementor-gallery-item__image\" data-thumbnail=\"https:\/\/scan.cat\/wp-content\/uploads\/2024\/09\/FotoPrimera-Denis-Dailleux-01-768x768.png\" data-width=\"768\" data-height=\"768\" aria-label=\"FotoPrimera- Denis Dailleux 01\" role=\"img\" ><\/div>\n\t\t\t\t\t\t\t\t\t\t\t\t\t\t\t<div class=\"elementor-gallery-item__content\">\n\t\t\t\t\t\t\t\t\t\t\t\t\t\t<div class=\"elementor-gallery-item__title\">\n\t\t\t\t\t\t\t\t\t\t\t\t\t\t\t\t\t\tFotoPrimera- Denis Dailleux 01\t\t\t\t\t\t\t\t<\/div>\n\t\t\t\t\t\t\t\t\t\t\t\t<\/div>\n\t\t\t\t\t\t\t\t\t<\/div>\n\t\t\t\t\t\t\t<div class=\"e-gallery-item elementor-gallery-item elementor-animated-content\" tabindex=\"0\">\n\t\t\t\t\t<div class=\"e-gallery-image elementor-gallery-item__image\" data-thumbnail=\"https:\/\/scan.cat\/wp-content\/uploads\/2024\/09\/Dani-Pujalte-768x942.png\" data-width=\"768\" data-height=\"942\" aria-label=\"Dani Pujalte\" role=\"img\" ><\/div>\n\t\t\t\t\t\t\t\t\t\t\t\t\t\t\t<div class=\"elementor-gallery-item__content\">\n\t\t\t\t\t\t\t\t\t\t\t\t\t\t<div class=\"elementor-gallery-item__title\">\n\t\t\t\t\t\t\t\t\t\t\t\t\t\t\t\t\t\tDani Pujalte\t\t\t\t\t\t\t\t<\/div>\n\t\t\t\t\t\t\t\t\t\t\t\t<\/div>\n\t\t\t\t\t\t\t\t\t<\/div>\n\t\t\t\t\t\t\t<div class=\"e-gallery-item elementor-gallery-item elementor-animated-content\" tabindex=\"0\">\n\t\t\t\t\t<div class=\"e-gallery-image elementor-gallery-item__image\" data-thumbnail=\"https:\/\/scan.cat\/wp-content\/uploads\/2024\/09\/Camilla-De-Maffei--768x1155.jpg\" data-width=\"768\" data-height=\"1155\" aria-label=\"Camilla De Maffei\" role=\"img\" ><\/div>\n\t\t\t\t\t\t\t\t\t\t\t\t\t\t\t<div class=\"elementor-gallery-item__content\">\n\t\t\t\t\t\t\t\t\t\t\t\t\t\t<div class=\"elementor-gallery-item__title\">\n\t\t\t\t\t\t\t\t\t\t\t\t\t\t\t\t\t\tCamilla De Maffei\t\t\t\t\t\t\t\t<\/div>\n\t\t\t\t\t\t\t\t\t\t\t\t<\/div>\n\t\t\t\t\t\t\t\t\t<\/div>\n\t\t\t\t\t<\/div>\n\t\t\t\t\t<\/div>\n\t\t\t\t<\/div>\n\t\t\t\t\t<\/div>\n\t\t<\/div>\n\t\t\t\t\t<\/div>\n\t\t<\/section>\n\t\t\t\t<div class=\"elementor-element elementor-element-3f369fa elementor-widget elementor-widget-spacer\" data-id=\"3f369fa\" data-element_type=\"widget\" data-e-type=\"widget\" data-widget_type=\"spacer.default\">\n\t\t\t\t<div class=\"elementor-widget-container\">\n\t\t\t\t\t\t\t<div class=\"elementor-spacer\">\n\t\t\t<div class=\"elementor-spacer-inner\"><\/div>\n\t\t<\/div>\n\t\t\t\t\t\t<\/div>\n\t\t\t\t<\/div>\n\t\t\t\t<div class=\"elementor-element elementor-element-e2b8996 elementor-widget elementor-widget-text-editor\" data-id=\"e2b8996\" data-element_type=\"widget\" data-e-type=\"widget\" data-widget_type=\"text-editor.default\">\n\t\t\t\t<div class=\"elementor-widget-container\">\n\t\t\t\t\t\t\t\t\t<p><strong>Da\u00eddalos \/ \u0394\u03b1\u03af\u03b4\u03b1\u03bb\u03bf\u03c2<\/strong><\/p>\n<p>A lo largo de sus investigaciones antropol\u00f3gicas llevadas a cabo en Argelia durante el per\u00edodo colonial, Pierre Bourdieu consider\u00f3 la ciudad como un concepto colonial creado y establecido por los romanos, un espacio cerrado que delimita un paisaje. Es una forma de apropiarse del paisaje creando construcciones y muros que se imponen como un marco. Este marco permite controlar todas las interacciones de los elementos que habitan en \u00e9l, pero tambi\u00e9n rechazar lo que puede ser considerado ajeno, externo al marco. La ciudad se plantea, pues, como el inicio de una forma de colonizaci\u00f3n, dado que, adem\u00e1s de controlar las tierras, tambi\u00e9n tiene la voluntad de controlar al ser humano en su movilidad, sus interacciones, sus visiones y sus pensamientos. Es el inicio mismo de un dogma liberal que integra las normalidades como referentes para heterogeneizar todos los elementos que agrupa y excluye (y, por tanto, combate) todos aquellos que resisten este marco.    <\/p>\n<p>Vivir en la ciudad o estar habitado por la ciudad: <strong>Da\u00eddalos \/ \u0394\u03b1\u03af\u03b4\u03b1\u03bb\u03bf\u03c2<\/strong>* pretende ser una experiencia de inmersi\u00f3n en las configuraciones materiales e inmateriales de un tejido urbano, ya sea a trav\u00e9s de la materialidad del edificio que forma parte de una escenograf\u00eda m\u00f3vil, dado que una ciudad est\u00e1 siempre sujeta al cambio, o a trav\u00e9s de este hilo invisible de Ariadna que teje la relaci\u00f3n entre el hombre y el espacio y que encontramos en las diferentes instalaciones fotogr\u00e1ficas y de v\u00eddeo.<\/p>\n<p>La ciudad moderna se nos presenta en esta visi\u00f3n del contexto contempor\u00e1neo como un d\u00e9dalo, un laberinto, tan desoladora y agresiva por el derribo del universo rural, la multitud, mil promesas y matices, una fachada que parece mirarte y que arranca de la interioridad. La ciudad es el gran d\u00eda del mundo, del tiempo, del espacio, y a veces aparece como este sol que deslumbra y ciega a los icarianos. <\/p>\n\t\t\t\t\t\t\t\t<\/div>\n\t\t\t\t<\/div>\n\t\t\t\t<div class=\"elementor-element elementor-element-27317b5 elementor-widget-divider--view-line elementor-widget elementor-widget-divider\" data-id=\"27317b5\" data-element_type=\"widget\" data-e-type=\"widget\" data-widget_type=\"divider.default\">\n\t\t\t\t<div class=\"elementor-widget-container\">\n\t\t\t\t\t\t\t<div class=\"elementor-divider\">\n\t\t\t<span class=\"elementor-divider-separator\">\n\t\t\t\t\t\t<\/span>\n\t\t<\/div>\n\t\t\t\t\t\t<\/div>\n\t\t\t\t<\/div>\n\t\t\t\t<div class=\"elementor-element elementor-element-e889a37 elementor-widget elementor-widget-text-editor\" data-id=\"e889a37\" data-element_type=\"widget\" data-e-type=\"widget\" data-widget_type=\"text-editor.default\">\n\t\t\t\t<div class=\"elementor-widget-container\">\n\t\t\t\t\t\t\t\t\t<p>* <i>Da\u00eddalos \/ \u0394\u03b1\u03af\u03b4\u03b1\u03bb\u03bf\u03c2<\/i> nos remite a este laberinto de la mitolog\u00eda griega, que fue construido por el inventor y arquitecto D\u00e9dalo, padre de \u00cdcaro, por orden de Minos, con el objetivo de poder cerrar el Minotauro, que estaba causando el terror entre los habitantes de Creta.<\/p>\n\t\t\t\t\t\t\t\t<\/div>\n\t\t\t\t<\/div>\n\t\t\t\t<div class=\"elementor-element elementor-element-102a9b1 elementor-widget-divider--view-line elementor-widget elementor-widget-divider\" data-id=\"102a9b1\" data-element_type=\"widget\" data-e-type=\"widget\" data-widget_type=\"divider.default\">\n\t\t\t\t<div class=\"elementor-widget-container\">\n\t\t\t\t\t\t\t<div class=\"elementor-divider\">\n\t\t\t<span class=\"elementor-divider-separator\">\n\t\t\t\t\t\t<\/span>\n\t\t<\/div>\n\t\t\t\t\t\t<\/div>\n\t\t\t\t<\/div>\n\t\t\t\t<div class=\"elementor-element elementor-element-70c0610 elementor-widget elementor-widget-text-editor\" data-id=\"70c0610\" data-element_type=\"widget\" data-e-type=\"widget\" data-widget_type=\"text-editor.default\">\n\t\t\t\t<div class=\"elementor-widget-container\">\n\t\t\t\t\t\t\t\t\t<p><strong>PROGRAMA P\u00daBLICO<\/strong><\/p>\n<p><strong>Domingo, 20 de octubre de 2024<br \/><\/strong><strong>11.30 h <br \/><\/strong><strong>Visita comentada a la exposici\u00f3n con artistas y comisarios<\/strong><br \/>Con los artistas Camilla de Maffei, Shareef Sarhan y los comisarios Houari Bouchenak y Xavier de Luca<\/p>\n<p><strong>Viernes, 8 de noviembre de 2024<br \/><\/strong><strong>17 h<br \/><\/strong><strong>Taula. Da\u00eddalos \/ \u0394\u03b1\u03af\u03b4\u03b1\u03bb\u03bf\u03c2 (Programa de radio en falso directo) <br \/><\/strong>Con artistas desde Barcelona y el uso de m\u00fasica y voces de los artistas invitados: Dani Pujalte y Topmanta.<\/p>\n<p>Con esta Taula (Mesa), evocaremos el rol de la imagen que plantea la relaci\u00f3n entre el individuo y el espacio urbano a trav\u00e9s del movimiento, la noci\u00f3n de territorio y la relaci\u00f3n entre la preservaci\u00f3n de la tradici\u00f3n como referente y los dilemas que surgen en un entorno capitalista.<\/p>\n<p>Taula \/ \u0637\u0627\u0648\u0644\u0629 [\u2018taw la] Palabra utilizada en catal\u00e1n y en \u00e1rabe para denominar el elemento consistente en una pieza lisa y plana sostenida horizontalmente por patas, que sirve para comer, escribir, trabajar, jugar, etc.<\/p>\n<p><strong>Mi\u00e9rcoles, 20 de noviembre de 2024<\/strong><br \/><strong>17 h<\/strong><br \/><strong>Visita abierta a la exposici\u00f3n<\/strong> con Pauline Alioua (artista) y Sandra Maunac (comisaria independiente y directora de Trobades Camus, Menorca)<\/p>\n<p><strong>S\u00e1bado, 23 de noviembre de 2024<\/strong><strong><br \/><\/strong><strong>De 13.30 a 18 h<\/strong><br \/><strong>Inmersi\u00f3n al laberinto de Da\u00eddalos<\/strong><\/p>\n<p>Como cierre de la exposici\u00f3n, el equipo de Jiser abrir\u00e1 un espacio que permita acceder a las diferentes propuestas fotogr\u00e1ficas, aportando las voces, experiencias y visiones de los colectivos Negra Mosca y los Arxius OVNI.<\/p>\n<p>13.30 h Catering organizado con Mesclad\u00eds<br \/>15 h Visita dialogada con Negra Mosca y los comisarios<br \/>16.30 h Sesi\u00f3n de proyecciones de los archivos ovni, en recuerdo de Toni Serra *) abu ali<\/p>\n<p><em><b><a href=\"mailto:info@jiser.org\">* Para el catering, se ruega confirmar la asistencia al correo info@jiser.org.<\/a><\/b><\/em><\/p>\n\t\t\t\t\t\t\t\t<\/div>\n\t\t\t\t<\/div>\n\t\t\t\t\t<\/div>\n\t\t<\/div>\n\t\t\t\t\t<\/div>\n\t\t<\/section>\n\t\t\t\t<section class=\"elementor-section elementor-top-section elementor-element elementor-element-592505c elementor-section-boxed elementor-section-height-default elementor-section-height-default\" data-id=\"592505c\" data-element_type=\"section\" data-e-type=\"section\">\n\t\t\t\t\t\t<div class=\"elementor-container elementor-column-gap-default\">\n\t\t\t\t\t<div class=\"elementor-column elementor-col-100 elementor-top-column elementor-element elementor-element-4ea2ae9\" data-id=\"4ea2ae9\" data-element_type=\"column\" data-e-type=\"column\">\n\t\t\t<div class=\"elementor-widget-wrap elementor-element-populated\">\n\t\t\t\t\t\t\t<\/div>\n\t\t<\/div>\n\t\t\t\t\t<\/div>\n\t\t<\/section>\n\t\t\t\t<\/div>\n\t\t","protected":false},"excerpt":{"rendered":"<p>Da\u00eddalos \/ \u0394\u03b1\u03af\u03b4\u03b1\u03bb\u03bf\u03c2 Volver Inauguraci\u00f3n de la exposici\u00f3nViernes 18 de octubre de 2024 a las 20 h Fechas de la exposici\u00f3nDel 18 octubre al 8 de diciembre de 2024 LugarRefugi 1 \u00b7 Moll de CostaPort de Tarragona43003 TarragonaC\u00f3mo llegar HorarioDe martes a s\u00e1bado de 10 a 13 h y de 16 a 19 hDomingos y &#8230; <a title=\"Da\u00eddalos \/ \u0394\u03b1\u03af\u03b4\u03b1\u03bb\u03bf\u03c2\" class=\"read-more\" href=\"https:\/\/scan.cat\/es\/daidalos-%ce%b4%ce%b1%ce%af%ce%b4%ce%b1%ce%bb%ce%bf%cf%82\/\" aria-label=\"Leer m\u00e1s sobre Da\u00eddalos \/ \u0394\u03b1\u03af\u03b4\u03b1\u03bb\u03bf\u03c2\">Leer m\u00e1s<\/a><\/p>\n","protected":false},"author":2,"featured_media":0,"parent":0,"menu_order":0,"comment_status":"closed","ping_status":"closed","template":"","meta":{"footnotes":""},"class_list":["post-10682","page","type-page","status-publish"],"_links":{"self":[{"href":"https:\/\/scan.cat\/es\/wp-json\/wp\/v2\/pages\/10682","targetHints":{"allow":["GET"]}}],"collection":[{"href":"https:\/\/scan.cat\/es\/wp-json\/wp\/v2\/pages"}],"about":[{"href":"https:\/\/scan.cat\/es\/wp-json\/wp\/v2\/types\/page"}],"author":[{"embeddable":true,"href":"https:\/\/scan.cat\/es\/wp-json\/wp\/v2\/users\/2"}],"replies":[{"embeddable":true,"href":"https:\/\/scan.cat\/es\/wp-json\/wp\/v2\/comments?post=10682"}],"version-history":[{"count":27,"href":"https:\/\/scan.cat\/es\/wp-json\/wp\/v2\/pages\/10682\/revisions"}],"predecessor-version":[{"id":11698,"href":"https:\/\/scan.cat\/es\/wp-json\/wp\/v2\/pages\/10682\/revisions\/11698"}],"wp:attachment":[{"href":"https:\/\/scan.cat\/es\/wp-json\/wp\/v2\/media?parent=10682"}],"curies":[{"name":"wp","href":"https:\/\/api.w.org\/{rel}","templated":true}]}}