{"id":12123,"date":"2025-02-19T18:44:33","date_gmt":"2025-02-19T18:44:33","guid":{"rendered":"https:\/\/scan.cat\/open-call-talent-latent-2025\/"},"modified":"2025-02-27T10:46:35","modified_gmt":"2025-02-27T10:46:35","slug":"open-call-talent-latent-2025","status":"publish","type":"page","link":"https:\/\/scan.cat\/es\/open-call-talent-latent-2025\/","title":{"rendered":"Open Call Talent Latent 2025"},"content":{"rendered":"\t\t<div data-elementor-type=\"wp-page\" data-elementor-id=\"12123\" class=\"elementor elementor-12123 elementor-12009\" data-elementor-post-type=\"page\">\n\t\t\t\t\t\t<section class=\"elementor-section elementor-top-section elementor-element elementor-element-3c8f2e4 secciones elementor-section-full_width elementor-section-height-default elementor-section-height-default\" data-id=\"3c8f2e4\" data-element_type=\"section\" data-e-type=\"section\" id=\"bases0\">\n\t\t\t\t\t\t<div class=\"elementor-container elementor-column-gap-default\">\n\t\t\t\t\t<div class=\"elementor-column elementor-col-100 elementor-top-column elementor-element elementor-element-b78e461\" data-id=\"b78e461\" data-element_type=\"column\" data-e-type=\"column\">\n\t\t\t<div class=\"elementor-widget-wrap elementor-element-populated\">\n\t\t\t\t\t\t<section class=\"elementor-section elementor-inner-section elementor-element elementor-element-a65dfdd elementor-section-full_width elementor-section-content-space-evenly elementor-section-height-default elementor-section-height-default\" data-id=\"a65dfdd\" data-element_type=\"section\" data-e-type=\"section\">\n\t\t\t\t\t\t<div class=\"elementor-container elementor-column-gap-default\">\n\t\t\t\t\t<div class=\"elementor-column elementor-col-50 elementor-inner-column elementor-element elementor-element-80157c6\" data-id=\"80157c6\" data-element_type=\"column\" data-e-type=\"column\">\n\t\t\t<div class=\"elementor-widget-wrap elementor-element-populated\">\n\t\t\t\t\t\t<div class=\"elementor-element elementor-element-b947f3b elementor-widget elementor-widget-text-editor\" data-id=\"b947f3b\" data-element_type=\"widget\" data-e-type=\"widget\" data-widget_type=\"text-editor.default\">\n\t\t\t\t<div class=\"elementor-widget-container\">\n\t\t\t\t\t\t\t\t\t<h1><u>BASES<br><em>TALENT LATENT<\/em><\/u><u><br>2025<\/u><\/h1>\t\t\t\t\t\t\t\t<\/div>\n\t\t\t\t<\/div>\n\t\t\t\t\t<\/div>\n\t\t<\/div>\n\t\t\t\t<div class=\"elementor-column elementor-col-50 elementor-inner-column elementor-element elementor-element-ec692b9\" data-id=\"ec692b9\" data-element_type=\"column\" data-e-type=\"column\">\n\t\t\t<div class=\"elementor-widget-wrap elementor-element-populated\">\n\t\t\t\t\t\t<div class=\"elementor-element elementor-element-725f48e elementor-widget elementor-widget-button\" data-id=\"725f48e\" data-element_type=\"widget\" data-e-type=\"widget\" data-widget_type=\"button.default\">\n\t\t\t\t<div class=\"elementor-widget-container\">\n\t\t\t\t\t\t\t\t\t<div class=\"elementor-button-wrapper\">\n\t\t\t\t\t<a class=\"elementor-button elementor-button-link elementor-size-lg\" href=\"https:\/\/scan.cat\/wp-content\/uploads\/2025\/02\/SCAN_dossier_talentlatent2025_CAS.pdf\" target=\"_blank\">\n\t\t\t\t\t\t<span class=\"elementor-button-content-wrapper\">\n\t\t\t\t\t\t\t\t\t<span class=\"elementor-button-text\">Desc\u00e1rgate las bases<\/span>\n\t\t\t\t\t<\/span>\n\t\t\t\t\t<\/a>\n\t\t\t\t<\/div>\n\t\t\t\t\t\t\t\t<\/div>\n\t\t\t\t<\/div>\n\t\t\t\t<div class=\"elementor-element elementor-element-486aea5 elementor-widget elementor-widget-button\" data-id=\"486aea5\" data-element_type=\"widget\" data-e-type=\"widget\" data-widget_type=\"button.default\">\n\t\t\t\t<div class=\"elementor-widget-container\">\n\t\t\t\t\t\t\t\t\t<div class=\"elementor-button-wrapper\">\n\t\t\t\t\t<a class=\"elementor-button elementor-button-link elementor-size-lg\" href=\"https:\/\/form.jotform.com\/250482339069058\" target=\"_blank\" rel=\"noopener\">\n\t\t\t\t\t\t<span class=\"elementor-button-content-wrapper\">\n\t\t\t\t\t\t\t\t\t<span class=\"elementor-button-text\">Ficha de inscripci\u00f3n<\/span>\n\t\t\t\t\t<\/span>\n\t\t\t\t\t<\/a>\n\t\t\t\t<\/div>\n\t\t\t\t\t\t\t\t<\/div>\n\t\t\t\t<\/div>\n\t\t\t\t\t<\/div>\n\t\t<\/div>\n\t\t\t\t\t<\/div>\n\t\t<\/section>\n\t\t\t\t<section class=\"elementor-section elementor-inner-section elementor-element elementor-element-8af3258 elementor-section-full_width elementor-section-height-default elementor-section-height-default\" data-id=\"8af3258\" data-element_type=\"section\" data-e-type=\"section\">\n\t\t\t\t\t\t<div class=\"elementor-container elementor-column-gap-default\">\n\t\t\t\t\t<div class=\"elementor-column elementor-col-100 elementor-inner-column elementor-element elementor-element-45aa917\" data-id=\"45aa917\" data-element_type=\"column\" data-e-type=\"column\">\n\t\t\t<div class=\"elementor-widget-wrap elementor-element-populated\">\n\t\t\t\t\t\t<div class=\"elementor-element elementor-element-c5824d9 elementor-widget elementor-widget-image-carousel\" data-id=\"c5824d9\" data-element_type=\"widget\" data-e-type=\"widget\" data-settings=\"{&quot;slides_to_show&quot;:&quot;2&quot;,&quot;slides_to_show_tablet&quot;:&quot;2&quot;,&quot;slides_to_show_mobile&quot;:&quot;1&quot;,&quot;slides_to_scroll&quot;:&quot;1&quot;,&quot;navigation&quot;:&quot;none&quot;,&quot;autoplay_speed&quot;:0,&quot;speed&quot;:8000,&quot;autoplay&quot;:&quot;yes&quot;,&quot;pause_on_hover&quot;:&quot;yes&quot;,&quot;pause_on_interaction&quot;:&quot;yes&quot;,&quot;infinite&quot;:&quot;yes&quot;,&quot;image_spacing_custom&quot;:{&quot;unit&quot;:&quot;px&quot;,&quot;size&quot;:20,&quot;sizes&quot;:[]},&quot;image_spacing_custom_laptop&quot;:{&quot;unit&quot;:&quot;px&quot;,&quot;size&quot;:&quot;&quot;,&quot;sizes&quot;:[]},&quot;image_spacing_custom_tablet&quot;:{&quot;unit&quot;:&quot;px&quot;,&quot;size&quot;:&quot;&quot;,&quot;sizes&quot;:[]}}\" data-widget_type=\"image-carousel.default\">\n\t\t\t\t<div class=\"elementor-widget-container\">\n\t\t\t\t\t\t\t<div class=\"elementor-image-carousel-wrapper swiper\" role=\"region\" aria-roledescription=\"carousel\" aria-label=\"Carrusel d&#039;imatges\" dir=\"ltr\">\n\t\t\t<div class=\"elementor-image-carousel swiper-wrapper swiper-image-stretch\" aria-live=\"off\">\n\t\t\t\t\t\t\t\t<div class=\"swiper-slide\" role=\"group\" aria-roledescription=\"slide\" aria-label=\"1 de 14\"><figure class=\"swiper-slide-inner\"><img decoding=\"async\" class=\"swiper-slide-image\" src=\"https:\/\/scan.cat\/wp-content\/uploads\/2025\/02\/Festival-SCAN-Talent-Latent-0014.jpg\" alt=\"Festival-SCAN-Talent-Latent-0014\" title=\"\"><\/figure><\/div><div class=\"swiper-slide\" role=\"group\" aria-roledescription=\"slide\" aria-label=\"2 de 14\"><figure class=\"swiper-slide-inner\"><img decoding=\"async\" class=\"swiper-slide-image\" src=\"https:\/\/scan.cat\/wp-content\/uploads\/2025\/02\/Festival-SCAN-Talent-Latent-0013.jpg\" alt=\"Festival-SCAN-Talent-Latent-0013\" title=\"\"><\/figure><\/div><div class=\"swiper-slide\" role=\"group\" aria-roledescription=\"slide\" aria-label=\"3 de 14\"><figure class=\"swiper-slide-inner\"><img decoding=\"async\" class=\"swiper-slide-image\" src=\"https:\/\/scan.cat\/wp-content\/uploads\/2025\/02\/Festival-SCAN-Talent-Latent-0012.jpg\" alt=\"Festival-SCAN-Talent-Latent-0012\" title=\"\"><\/figure><\/div><div class=\"swiper-slide\" role=\"group\" aria-roledescription=\"slide\" aria-label=\"4 de 14\"><figure class=\"swiper-slide-inner\"><img decoding=\"async\" class=\"swiper-slide-image\" src=\"https:\/\/scan.cat\/wp-content\/uploads\/2025\/02\/Festival-SCAN-Talent-Latent-0011.jpg\" alt=\"Festival-SCAN-Talent-Latent-0011\" title=\"\"><\/figure><\/div><div class=\"swiper-slide\" role=\"group\" aria-roledescription=\"slide\" aria-label=\"5 de 14\"><figure class=\"swiper-slide-inner\"><img decoding=\"async\" class=\"swiper-slide-image\" src=\"https:\/\/scan.cat\/wp-content\/uploads\/2025\/02\/Festival-SCAN-Talent-Latent-0010.jpg\" alt=\"Festival-SCAN-Talent-Latent-0010\" title=\"\"><\/figure><\/div><div class=\"swiper-slide\" role=\"group\" aria-roledescription=\"slide\" aria-label=\"6 de 14\"><figure class=\"swiper-slide-inner\"><img decoding=\"async\" class=\"swiper-slide-image\" src=\"https:\/\/scan.cat\/wp-content\/uploads\/2025\/02\/Festival-SCAN-Talent-Latent-0009.jpg\" alt=\"Festival-SCAN-Talent-Latent-0009\" title=\"\"><\/figure><\/div><div class=\"swiper-slide\" role=\"group\" aria-roledescription=\"slide\" aria-label=\"7 de 14\"><figure class=\"swiper-slide-inner\"><img decoding=\"async\" class=\"swiper-slide-image\" src=\"https:\/\/scan.cat\/wp-content\/uploads\/2025\/02\/Festival-SCAN-Talent-Latent-0008.jpg\" alt=\"Festival-SCAN-Talent-Latent-0008\" title=\"\"><\/figure><\/div><div class=\"swiper-slide\" role=\"group\" aria-roledescription=\"slide\" aria-label=\"8 de 14\"><figure class=\"swiper-slide-inner\"><img decoding=\"async\" class=\"swiper-slide-image\" src=\"https:\/\/scan.cat\/wp-content\/uploads\/2025\/02\/Festival-SCAN-Talent-Latent-0007.jpg\" alt=\"Festival-SCAN-Talent-Latent-0007\" title=\"\"><\/figure><\/div><div class=\"swiper-slide\" role=\"group\" aria-roledescription=\"slide\" aria-label=\"9 de 14\"><figure class=\"swiper-slide-inner\"><img decoding=\"async\" class=\"swiper-slide-image\" src=\"https:\/\/scan.cat\/wp-content\/uploads\/2025\/02\/Festival-SCAN-Talent-Latent-0006.jpg\" alt=\"Festival-SCAN-Talent-Latent-0006\" title=\"\"><\/figure><\/div><div class=\"swiper-slide\" role=\"group\" aria-roledescription=\"slide\" aria-label=\"10 de 14\"><figure class=\"swiper-slide-inner\"><img decoding=\"async\" class=\"swiper-slide-image\" src=\"https:\/\/scan.cat\/wp-content\/uploads\/2025\/02\/Festival-SCAN-Talent-Latent-0005.jpg\" alt=\"Festival-SCAN-Talent-Latent-0005\" title=\"\"><\/figure><\/div><div class=\"swiper-slide\" role=\"group\" aria-roledescription=\"slide\" aria-label=\"11 de 14\"><figure class=\"swiper-slide-inner\"><img decoding=\"async\" class=\"swiper-slide-image\" src=\"https:\/\/scan.cat\/wp-content\/uploads\/2025\/02\/Festival-SCAN-Talent-Latent-0004.jpg\" alt=\"Festival-SCAN-Talent-Latent-0004\" title=\"\"><\/figure><\/div><div class=\"swiper-slide\" role=\"group\" aria-roledescription=\"slide\" aria-label=\"12 de 14\"><figure class=\"swiper-slide-inner\"><img decoding=\"async\" class=\"swiper-slide-image\" src=\"https:\/\/scan.cat\/wp-content\/uploads\/2025\/02\/Festival-SCAN-Talent-Latent-0003.jpg\" alt=\"Festival-SCAN-Talent-Latent-0003\" title=\"\"><\/figure><\/div><div class=\"swiper-slide\" role=\"group\" aria-roledescription=\"slide\" aria-label=\"13 de 14\"><figure class=\"swiper-slide-inner\"><img decoding=\"async\" class=\"swiper-slide-image\" src=\"https:\/\/scan.cat\/wp-content\/uploads\/2025\/02\/Festival-SCAN-Talent-Latent-0002.jpg\" alt=\"Festival-SCAN-Talent-Latent-0002\" title=\"\"><\/figure><\/div><div class=\"swiper-slide\" role=\"group\" aria-roledescription=\"slide\" aria-label=\"14 de 14\"><figure class=\"swiper-slide-inner\"><img decoding=\"async\" class=\"swiper-slide-image\" src=\"https:\/\/scan.cat\/wp-content\/uploads\/2025\/02\/Festival-SCAN-Talent-Latent-0001.jpg\" alt=\"Festival-SCAN-Talent-Latent-0001\" title=\"\"><\/figure><\/div>\t\t\t<\/div>\n\t\t\t\t\t\t\t\n\t\t\t\t\t\t\t\t\t<\/div>\n\t\t\t\t\t\t<\/div>\n\t\t\t\t<\/div>\n\t\t\t\t<div class=\"elementor-element elementor-element-43eeb77 elementor-widget elementor-widget-text-editor\" data-id=\"43eeb77\" data-element_type=\"widget\" data-e-type=\"widget\" data-widget_type=\"text-editor.default\">\n\t\t\t\t<div class=\"elementor-widget-container\">\n\t\t\t\t\t\t\t\t\t<p class=\"p1\">Fotograf\u00edas correspondientes a la 11\u00aa edici\u00f3n Talent Latent (2024)<\/p>\t\t\t\t\t\t\t\t<\/div>\n\t\t\t\t<\/div>\n\t\t\t\t\t<\/div>\n\t\t<\/div>\n\t\t\t\t\t<\/div>\n\t\t<\/section>\n\t\t\t\t<div class=\"elementor-element elementor-element-20de3d1 elementor-widget elementor-widget-text-editor\" data-id=\"20de3d1\" data-element_type=\"widget\" data-e-type=\"widget\" data-widget_type=\"text-editor.default\">\n\t\t\t\t<div class=\"elementor-widget-container\">\n\t\t\t\t\t\t\t\t\t<p><strong>CONVOCATORIA ABIERTA A FOT\u00d3GRAFOS DE TODO EL MUNDO<\/strong><\/p><p>El festival internacional de fotograf\u00eda SCAN Tarragona abre la convocatoria Talent Latent 2025 destinada a creadores y creadoras de todo el mundo que tienen la fotograf\u00eda como medio de expresi\u00f3n esencial y preferente.<\/p><p>Los proyectos y artistas seleccionados a partir de esta convocatoria formar\u00e1n parte de la exposici\u00f3n central del festival SCAN, que tendr\u00e1 lugar en el Tinglado 2 del Port de Tarragona, del 10 de octubre al 7 de diciembre de 2025.<\/p><p>Tema sobre el que deben versar los proyectos: AQUA<\/p><p>El agua es vital para la supervivencia humana y de todas las formas de vida de nuestro planeta; aun as\u00ed, se calcula que hacia el 2050 entre 1.700 y 2.400 millones de personas se enfrentar\u00e1n a la escasez de este bien. Hoy, aproximadamente el 40% de la superficie de la Tierra est\u00e1 amenazada por el riesgo de desertificaci\u00f3n. <\/p><p>Los mares y oc\u00e9anos contienen un 97% del agua total que hay en el planeta. A la vez, los cambios en los oc\u00e9anos provocados por la actividad humana tienen implicaciones en el clima, los ecosistemas marinos y las comunidades costeras. M\u00e1s de 3.000 millones de personas dependen directamente de los recursos que proveen los mares para su subsistencia.  <\/p><p>Por otra parte, la cultura, la espiritualidad, la mitolog\u00eda y tambi\u00e9n el ocio han tenido un v\u00ednculo profundo con el agua: ha representado la purificaci\u00f3n en religiones como el cristianismo, el islam, el juda\u00edsmo o el hinduismo; en las culturas ind\u00edgenas americanas ha sido un elemento sagrado; en la mitolog\u00eda griega, el dios Poseid\u00f3n gobernaba los oc\u00e9anos; en algunas culturas africanas el agua es s\u00edmbolo de fertilidad y morada de esp\u00edritus; en la T\u00e0rraco antigua y en todo el imperio romano, los ba\u00f1os termales eran p\u00fablicos con espacios reservados a pr\u00e1cticas gimn\u00e1sticas o l\u00fadicas; hoy, playas, r\u00edos, lagos y fuentes son \u00e1reas de ocio y recreo, pr\u00e1cticamente en todo el mundo.<\/p><p>Por todo ello, con la voluntad de insistir sobre el valor y la trascendencia del agua para nuestro planeta, para nuestra supervivencia y la de los ecosistemas, este a\u00f1o dedicamos la programaci\u00f3n de la duod\u00e9cima edici\u00f3n de la exposici\u00f3n TALENT LATENT a explorar la tem\u00e1tica del agua.<\/p>\t\t\t\t\t\t\t\t<\/div>\n\t\t\t\t<\/div>\n\t\t\t\t<div class=\"elementor-element elementor-element-5968a79 elementor-widget elementor-widget-text-editor\" data-id=\"5968a79\" data-element_type=\"widget\" data-e-type=\"widget\" data-widget_type=\"text-editor.default\">\n\t\t\t\t<div class=\"elementor-widget-container\">\n\t\t\t\t\t\t\t\t\t<p><strong>BASES TALENT LATENT<\/strong><\/p><p><span style=\"text-decoration: underline;\"><strong>Plazo de presentaci\u00f3n de proyectos<br><\/strong><\/span>Hasta el d\u00eda 31 de marzo de 2025, a las 23:59 h.<\/p><p><span style=\"text-decoration: underline;\"><strong>Qui\u00e9n puede participar<\/strong><\/span><br>Artistas mayores de 18 a\u00f1os de cualquier nacionalidad.<\/p><p><span style=\"text-decoration: underline;\"><strong>Tem\u00e1tica<\/strong><\/span><br>El agua.<\/p><p><span style=\"text-decoration: underline;\"><strong>Qu\u00e9 tipo de proyecto se puede presentar<\/strong><\/span><br>Proyectos eminentemente fotogr\u00e1ficos.<br>Se aceptan proyectos o series en las que la fotograf\u00eda se hibride con otros lenguajes creativos.<\/p><p><span style=\"text-decoration: underline;\"><strong>C\u00f3mo enviar el proyecto. Ficha de inscripci\u00f3n<\/strong><\/span><br>Se deber\u00e1 presentar mediante la <a href=\"https:\/\/form.jotform.com\/250482339069058\" target=\"_blank\" rel=\"noopener\">ficha de inscripci\u00f3n<\/a> .<br> En la ficha constar\u00e1n:<br> 1. Datos personales de contacto.<br> 2. Biograf\u00eda breve.<br> 3. T\u00edtulo del proyecto.<br> 4. Breve explicaci\u00f3n (250 palabras).<br> 5. Un archivo zip (m\u00e1x. 25 MB) con un m\u00e1ximo de 18 fotograf\u00edas de la misma serie. Las fotograf\u00edas deben tener un m\u00ednimo de 1.600 p\u00edxeles por el lado m\u00e1s corto, deben estar en formato jpg y tener incrustado un perfil de color RGB. Si se considera oportuno, y de cara a facilitar al jurado la comprensi\u00f3n del proyecto, puede adjuntarse un PDF con informaci\u00f3n complementaria.<br> Se admiten proyectos en catal\u00e1n, castellano o ingl\u00e9s.  <\/p><p><span style=\"text-decoration: underline;\"><strong>Costes de partici\u00f3n en la convocatoria<\/strong><\/span><br>El env\u00edo del proyecto no supone coste alguno para la persona participante.<\/p><p><span style=\"text-decoration: underline;\"><strong>Comisariado y selecci\u00f3n de proyectos<\/strong><\/span><br>Diana Padr\u00f3n, curadora independiente invitada a TALENT LATENT 2025, seleccionar\u00e1 los nueve proyectos y artistas que configurar\u00e1n la exposici\u00f3n. Su decisi\u00f3n ser\u00e1 inapelable.<br>M\u00e1s all\u00e1 de los criterios est\u00e9ticos, se valorar\u00e1 la integridad conceptual del proyecto, el grado de conocimiento que muestra el autor o autora sobre el tema tratado y la voluntad de reflexi\u00f3n cr\u00edtica. <\/p><p><span style=\"text-decoration: underline;\"><strong>Cuando se comunicar\u00e1 a los autores y autoras seleccionados<\/strong><\/span><br>La organizaci\u00f3n del festival contactar\u00e1 con las autoras y autores seleccionados. El listado definitivo de artistas participantes se publicar\u00e1 en las redes sociales de SCAN durante el mes de mayo de 2025 <\/p><p><span style=\"text-decoration: underline;\"><strong>Producci\u00f3n de las obras para la exposici\u00f3n<\/strong><\/span><br>SCAN producir\u00e1 las copias fotogr\u00e1ficas en un laboratorio profesional de confianza.<\/p><p>La organizaci\u00f3n pedir\u00e1 a las autoras y los autores seleccionados los originales fotogr\u00e1ficos para producir las copias (deber\u00e1n presentarse en formato digital y con la m\u00e1xima calidad posible).<br>Las decisiones, en cuanto a la producci\u00f3n de las copias, su n\u00famero, tama\u00f1o y materiales, y la implementaci\u00f3n de estas en los espacios expositivos, las tomar\u00e1 el equipo curatorial de SCAN.<br>Una vez finalizada la exposici\u00f3n, si el autor o autora no ha comunicado a la organizaci\u00f3n su voluntad de recuperar las copias producidas, estas ser\u00e1n destruidas. En caso de querer recuperarlas, los autores asumir\u00e1n los gastos de env\u00edo o recogida de las obras. <\/p><p><span style=\"text-decoration: underline;\"><strong>Cat\u00e1logo<\/strong><\/span><br>La organizaci\u00f3n de SCAN editar\u00e1 el cat\u00e1logo de la exposici\u00f3n.<\/p><p><span style=\"text-decoration: underline;\"><strong>Honorarios de los artistas participantes<\/strong><\/span><br>Cada artista participante en TALENT LATENT o, en el caso de que una obra sea de creaci\u00f3n colectiva, una sola persona responsable del grupo percibir\u00e1 un \u00fanico pago de 500 \u20ac (impuestos incluidos), en concepto de derechos de autor y comunicaci\u00f3n sobre la exhibici\u00f3n de las obras.<br><br>Para que el Ayuntamiento de Tarragona pueda hacer efectivo el pago, cada artista deber\u00e1 presentar la documentaci\u00f3n que la organizaci\u00f3n de SCAN le requiera.<br><br>Todos los tr\u00e1mites para facturar se har\u00e1n de conformidad con las leyes a las que est\u00e1n sujetas las administraciones espa\u00f1olas.<\/p><p><span style=\"text-decoration: underline;\"><strong>De los artistas seleccionados<\/strong><\/span><br>SCAN invitar\u00e1 a los artistas participantes al fin de semana inaugural del festival: del 10 al 12 de octubre de 2025.<br>Los gastos de la invitaci\u00f3n, a cargo de SCAN, incluyen:<br>\u2014 2 noches de alojamiento en el hotel del festival con desayuno incluido.<br>\u2014 Tique para el c\u00e1terin \/ cena inaugural (10\/10\/2025).<br>\u2014 Entrada al encuentro profesional Full Contact \u2013revisi\u00f3n de porfolios\u2013 (11\/10\/2025).<br>\u2014 Comida a mediod\u00eda en el Teatret del Serrallo (11\/10\/2025).<br>Se dar\u00e1 visibilidad y promocionar\u00e1n las obras y artistas seleccionados a trav\u00e9s de los canales digitales del festival (web y redes sociales SCAN).<br>Se obsequiar\u00e1 con 3 cat\u00e1logos de la exposici\u00f3n a cada artista participante.<br>Cada artista percibir\u00e1 los correspondientes honorarios por derechos de autor y exhibici\u00f3n (leer el punto 11).<br>*La asistencia al acto inaugural es recomendable, pero no obligatoria.<br>*Los gastos de viaje corresponder\u00e1n a cada participante.<\/p><p><span style=\"text-decoration: underline;\"><strong>De los derechos de autor y comunicaci\u00f3n<\/strong><\/span><br>Cada artista deber\u00e1, de manera exclusiva, estar en posesi\u00f3n de todos los derechos sobre su obra.<br>Los derechos de las obras expuestas pertenecen a sus autores y autoras, que ceder\u00e1n temporalmente los derechos de comunicaci\u00f3n p\u00fablica a la organizaci\u00f3n de SCAN con el objetivo de promover la exposici\u00f3n a trav\u00e9s de cualquier canal de comunicaci\u00f3n oficial del festival o prensa, as\u00ed como para el cat\u00e1logo que editaremos.<br>Lugar y fechas de la exposici\u00f3n TALENT LATENT<br>Lugar: Tinglado 2. Port de Tarragona<br>Fecha de inauguraci\u00f3n: 10 de octubre de 2025<br>Fechas de exposici\u00f3n: del 10 de octubre al 7 de diciembre de 2025 <\/p><p><span style=\"text-decoration: underline;\"><strong>Nota<\/strong><\/span><br>La organizaci\u00f3n de SCAN resolver\u00e1 cualquier aspecto no previsto en estas bases y sus decisiones ser\u00e1n inapelables.<br>La participaci\u00f3n en la convocatoria TALENT LATENT obliga a todas las personas que env\u00edan su ficha a aceptar estas bases.<\/p>\t\t\t\t\t\t\t\t<\/div>\n\t\t\t\t<\/div>\n\t\t\t\t<div class=\"elementor-element elementor-element-29ad87f elementor-widget-divider--view-line elementor-widget elementor-widget-divider\" data-id=\"29ad87f\" data-element_type=\"widget\" data-e-type=\"widget\" data-widget_type=\"divider.default\">\n\t\t\t\t<div class=\"elementor-widget-container\">\n\t\t\t\t\t\t\t<div class=\"elementor-divider\">\n\t\t\t<span class=\"elementor-divider-separator\">\n\t\t\t\t\t\t<\/span>\n\t\t<\/div>\n\t\t\t\t\t\t<\/div>\n\t\t\t\t<\/div>\n\t\t\t\t<div class=\"elementor-element elementor-element-d0264a3 elementor-widget elementor-widget-text-editor\" data-id=\"d0264a3\" data-element_type=\"widget\" data-e-type=\"widget\" data-widget_type=\"text-editor.default\">\n\t\t\t\t<div class=\"elementor-widget-container\">\n\t\t\t\t\t\t\t\t\t<p><strong style=\"background-color: var(--base-3); color: var(--contrast);\">Biograf\u00eda de la comisaria de TALENT LATENT 2025<\/strong><\/p><p>Diana Padr\u00f3n es doctora en Sociedad y Cultura: Historia, Antropolog\u00eda, Artes, Patrimonio y Gesti\u00f3n Cultural. Es investigadora, docente y comisaria. Profesora en la Universitat de Barcelona y miembro del equipo de gesti\u00f3n del programa Sant Andreu Contemporani \u2013 ICUB \/ Ajuntament de Barcelona. Ha formado parte de diversos grupos de investigaci\u00f3n i+D (Universitat de Barcelona, Universidad Complutense de Madrid) y ha sido profesora invitada en la Universit\u00e0 di Padova, Universit\u00e9 de Lille y Goldsmiths,University of London. Ha sido coordinadora de la plataforma On Mediation. Platform on Curatorship and Research y co-editora de la revista REG|AC (Revista de Estudios Globales y Arte Contempor\u00e1neo). Como curadora independiente ha organizado exposiciones para instituciones como San Mart\u00edn Centro de Cultura Contempor\u00e1nea, Centro Atl\u00e1ntico de Arte Moderno, Fundaci\u00f3 Mies van der Rohe, Museu Picasso de Barcelona, Centro Galego de Arte Contempor\u00e1nea, Centro de Arte La Regenta, Casal Solleric \u2013 Ajuntament de Palma, Museo Internacional de Arte Contempor\u00e1neo de Lanzarote y Museo de Teruel, en eventos internacionales como el Festival Loop Barcelona, la 17 Bienal Internacional de Fotograf\u00eda Fotonoviembre \u2013 TEA, la 13 Bienal de La Habana y Something Else III \/ OFF Biennale Cairo, adem\u00e1s de en diversas galer\u00edas y espacios independientes. <br>      <\/p>\t\t\t\t\t\t\t\t<\/div>\n\t\t\t\t<\/div>\n\t\t\t\t\t<\/div>\n\t\t<\/div>\n\t\t\t\t\t<\/div>\n\t\t<\/section>\n\t\t\t\t<\/div>\n\t\t","protected":false},"excerpt":{"rendered":"<p>BASESTALENT LATENT2025 Desc\u00e1rgate las bases Ficha de inscripci\u00f3n Fotograf\u00edas correspondientes a la 11\u00aa edici\u00f3n Talent Latent (2024) CONVOCATORIA ABIERTA A FOT\u00d3GRAFOS DE TODO EL MUNDO El festival internacional de fotograf\u00eda SCAN Tarragona abre la convocatoria Talent Latent 2025 destinada a creadores y creadoras de todo el mundo que tienen la fotograf\u00eda como medio de expresi\u00f3n &#8230; <a title=\"Open Call Talent Latent 2025\" class=\"read-more\" href=\"https:\/\/scan.cat\/es\/open-call-talent-latent-2025\/\" aria-label=\"Leer m\u00e1s sobre Open Call Talent Latent 2025\">Leer m\u00e1s<\/a><\/p>\n","protected":false},"author":2,"featured_media":0,"parent":0,"menu_order":0,"comment_status":"closed","ping_status":"closed","template":"","meta":{"footnotes":""},"class_list":["post-12123","page","type-page","status-publish"],"_links":{"self":[{"href":"https:\/\/scan.cat\/es\/wp-json\/wp\/v2\/pages\/12123","targetHints":{"allow":["GET"]}}],"collection":[{"href":"https:\/\/scan.cat\/es\/wp-json\/wp\/v2\/pages"}],"about":[{"href":"https:\/\/scan.cat\/es\/wp-json\/wp\/v2\/types\/page"}],"author":[{"embeddable":true,"href":"https:\/\/scan.cat\/es\/wp-json\/wp\/v2\/users\/2"}],"replies":[{"embeddable":true,"href":"https:\/\/scan.cat\/es\/wp-json\/wp\/v2\/comments?post=12123"}],"version-history":[{"count":16,"href":"https:\/\/scan.cat\/es\/wp-json\/wp\/v2\/pages\/12123\/revisions"}],"predecessor-version":[{"id":12241,"href":"https:\/\/scan.cat\/es\/wp-json\/wp\/v2\/pages\/12123\/revisions\/12241"}],"wp:attachment":[{"href":"https:\/\/scan.cat\/es\/wp-json\/wp\/v2\/media?parent=12123"}],"curies":[{"name":"wp","href":"https:\/\/api.w.org\/{rel}","templated":true}]}}