{"id":12403,"date":"2025-03-24T10:55:51","date_gmt":"2025-03-24T10:55:51","guid":{"rendered":"https:\/\/scan.cat\/residencia-de-creacion-larxiu-2025\/"},"modified":"2025-04-02T11:42:29","modified_gmt":"2025-04-02T11:42:29","slug":"residencia-de-creacion-larxiu-2025","status":"publish","type":"page","link":"https:\/\/scan.cat\/es\/residencia-de-creacion-larxiu-2025\/","title":{"rendered":"Residencia de creaci\u00f3n l&#8217;Arxiu 2025"},"content":{"rendered":"\t\t<div data-elementor-type=\"wp-page\" data-elementor-id=\"12403\" class=\"elementor elementor-12403 elementor-12321\" data-elementor-post-type=\"page\">\n\t\t\t\t\t\t<section class=\"elementor-section elementor-top-section elementor-element elementor-element-3c8f2e4 secciones elementor-section-full_width elementor-section-height-default elementor-section-height-default\" data-id=\"3c8f2e4\" data-element_type=\"section\" data-e-type=\"section\" id=\"bases0\">\n\t\t\t\t\t\t<div class=\"elementor-container elementor-column-gap-default\">\n\t\t\t\t\t<div class=\"elementor-column elementor-col-100 elementor-top-column elementor-element elementor-element-b78e461\" data-id=\"b78e461\" data-element_type=\"column\" data-e-type=\"column\">\n\t\t\t<div class=\"elementor-widget-wrap elementor-element-populated\">\n\t\t\t\t\t\t<section class=\"elementor-section elementor-inner-section elementor-element elementor-element-a65dfdd elementor-section-full_width elementor-section-content-space-evenly elementor-section-height-default elementor-section-height-default\" data-id=\"a65dfdd\" data-element_type=\"section\" data-e-type=\"section\">\n\t\t\t\t\t\t<div class=\"elementor-container elementor-column-gap-default\">\n\t\t\t\t\t<div class=\"elementor-column elementor-col-50 elementor-inner-column elementor-element elementor-element-80157c6\" data-id=\"80157c6\" data-element_type=\"column\" data-e-type=\"column\">\n\t\t\t<div class=\"elementor-widget-wrap elementor-element-populated\">\n\t\t\t\t\t\t<div class=\"elementor-element elementor-element-b947f3b elementor-widget elementor-widget-text-editor\" data-id=\"b947f3b\" data-element_type=\"widget\" data-e-type=\"widget\" data-widget_type=\"text-editor.default\">\n\t\t\t\t<div class=\"elementor-widget-container\">\n\t\t\t\t\t\t\t\t\t<h1><u>RESIDENCIA<br><em>SCAN \/ L&#8217;ARXIU<\/em><br>2025<\/u><\/h1>\t\t\t\t\t\t\t\t<\/div>\n\t\t\t\t<\/div>\n\t\t\t\t\t<\/div>\n\t\t<\/div>\n\t\t\t\t<div class=\"elementor-column elementor-col-50 elementor-inner-column elementor-element elementor-element-ec692b9\" data-id=\"ec692b9\" data-element_type=\"column\" data-e-type=\"column\">\n\t\t\t<div class=\"elementor-widget-wrap elementor-element-populated\">\n\t\t\t\t\t\t<div class=\"elementor-element elementor-element-725f48e elementor-widget elementor-widget-button\" data-id=\"725f48e\" data-element_type=\"widget\" data-e-type=\"widget\" data-widget_type=\"button.default\">\n\t\t\t\t<div class=\"elementor-widget-container\">\n\t\t\t\t\t\t\t\t\t<div class=\"elementor-button-wrapper\">\n\t\t\t\t\t<a class=\"elementor-button elementor-button-link elementor-size-sm\" href=\"https:\/\/scan.cat\/wp-content\/uploads\/2025\/03\/SCAN_dossier_residencia2025_CAS_OK.pdf\" target=\"_blank\">\n\t\t\t\t\t\t<span class=\"elementor-button-content-wrapper\">\n\t\t\t\t\t\t\t\t\t<span class=\"elementor-button-text\">Desc\u00e1rgate las bases<\/span>\n\t\t\t\t\t<\/span>\n\t\t\t\t\t<\/a>\n\t\t\t\t<\/div>\n\t\t\t\t\t\t\t\t<\/div>\n\t\t\t\t<\/div>\n\t\t\t\t<div class=\"elementor-element elementor-element-486aea5 elementor-widget elementor-widget-button\" data-id=\"486aea5\" data-element_type=\"widget\" data-e-type=\"widget\" data-widget_type=\"button.default\">\n\t\t\t\t<div class=\"elementor-widget-container\">\n\t\t\t\t\t\t\t\t\t<div class=\"elementor-button-wrapper\">\n\t\t\t\t\t<a class=\"elementor-button elementor-button-link elementor-size-sm\" href=\"https:\/\/form.jotform.com\/250772260870356\" target=\"_blank\" rel=\"noopener\">\n\t\t\t\t\t\t<span class=\"elementor-button-content-wrapper\">\n\t\t\t\t\t\t\t\t\t<span class=\"elementor-button-text\">Ficha de inscripci\u00f3n<\/span>\n\t\t\t\t\t<\/span>\n\t\t\t\t\t<\/a>\n\t\t\t\t<\/div>\n\t\t\t\t\t\t\t\t<\/div>\n\t\t\t\t<\/div>\n\t\t\t\t\t<\/div>\n\t\t<\/div>\n\t\t\t\t\t<\/div>\n\t\t<\/section>\n\t\t\t\t<div class=\"elementor-element elementor-element-dce813c elementor-widget elementor-widget-text-editor\" data-id=\"dce813c\" data-element_type=\"widget\" data-e-type=\"widget\" data-widget_type=\"text-editor.default\">\n\t\t\t\t<div class=\"elementor-widget-container\">\n\t\t\t\t\t\t\t\t\t<p><strong><u>3\u00aa Residencia SCAN de Creaci\u00f3n e Investigaci\u00f3n en el Centre d&#8217;Imatges de Tarragona \/ L&#8217;Arxiu<\/u><\/strong><\/p><p>El festival SCAN Tarragona y el Creaci\u00f3n e Investigaci\u00f3n en el Centre d&#8217;Imatges de Tarragona \/ L&#8217;Arxiu ponen en marcha la tercera Residencia de Creaci\u00f3n Art\u00edstica y de Investigaci\u00f3n para el desarrollo de proyectos art\u00edsticos y de investigaci\u00f3n a partir del fondo fotogr\u00e1fico y audiovisual depositado en el Centre d&#8217;Imatges de Tarragona (CIT) de l&#8217;Arxiu de Tarragona.<\/p><p>La finalidad de esta residencia es abrir las puertas del fondo fotogr\u00e1fico y audiovisual a artistas, curadores e investigadores, con la idea de incentivar la creaci\u00f3n de proyectos art\u00edsticos o de investigaci\u00f3n en el \u00e1mbito archiv\u00edstico y presentar una conclusi\u00f3n o formalizaci\u00f3n en p\u00fablico.<\/p><p>El Centre d\u2019Imatges de Tarragona dispone de un mill\u00f3n y medio de fotograf\u00edas repartidas en 8 fondos y 14 colecciones, procedentes principalmente de fot\u00f3grafos profesionales, como los fondos Vallv\u00e9, Chinchilla, V\u00edctor, Fer-Vi, L\u00f3pez, Rimbau y Ferr\u00e9; as\u00ed como los negativos y copias generadas por los servicios del mismo Ayuntamiento de Tarragona o bien por ciudadanos aficionados.<\/p><p>Por otro lado, la colecci\u00f3n audiovisual se compone de pel\u00edculas de autores profesionales o amateurs desde el a\u00f1o 1956 hasta los a\u00f1os noventa. Tambi\u00e9n contiene las emisiones de la Televisi\u00f3n Municipal de Tarragona (1985-1986), as\u00ed como las entrevistas realizadas a varias personas significativas que explican su visi\u00f3n de la historia de las fiestas de Tarragona.<\/p><p>L\u2019Arxiu pone su equipo y personal a disposici\u00f3n de las personas residentes para facilitar las tareas de creaci\u00f3n e investigaci\u00f3n.<\/p>\t\t\t\t\t\t\t\t<\/div>\n\t\t\t\t<\/div>\n\t\t\t\t<div class=\"elementor-element elementor-element-20de3d1 elementor-widget elementor-widget-text-editor\" data-id=\"20de3d1\" data-element_type=\"widget\" data-e-type=\"widget\" data-widget_type=\"text-editor.default\">\n\t\t\t\t<div class=\"elementor-widget-container\">\n\t\t\t\t\t\t\t\t\t<p><strong><u>Plazo de entrega de propuestas<br><\/u><\/strong>5 de mayo de 2025.<\/p>\n<p><strong><u>Plazas de residencia<br><\/u><\/strong>El jurado seleccionar\u00e1 una \u00fanica persona para la residencia<\/p>\n<p><strong><u>Qui\u00e9n puede participar<br><\/u><\/strong><br>Artistas, investigadores o curadores que est\u00e9n interesados en desarrollar un proyecto art\u00edstico o de investigaci\u00f3n sobre el medio fotogr\u00e1fico y audiovisual de archivo.<br>Las personas solicitantes deben residir actualmente en el Estado espa\u00f1ol y ser mayores de edad.<\/p>\n<p><strong><u>Duraci\u00f3n de la residencia<br><\/u><\/strong>Estancia en la residencia: cinco d\u00edas (a convenir con la organizaci\u00f3n del Festival SCAN Tarragona).<br>Durante este per\u00edodo, la persona residente podr\u00e1 trabajar con los archivos fotogr\u00e1ficos y audiovisuales que configuran el fondo documental del CIT\/L\u2019Arxiu en los espacios de trabajo de L\u2019Arxiu y con la colaboraci\u00f3n de sus profesionales.<\/p>\n<p><strong><u>Condiciones<br><\/u><\/strong>SCAN ofrece alojamiento gratuito a la persona residente.<br>Una ayuda econ\u00f3mica de 900 \u20ac al proyecto seleccionado (importe con impuestos incluidos).<br>El transporte y las dietas ir\u00e1n a cargo de cada residente.<\/p>\n<p><strong><u>C\u00f3mo enviar el proyecto y la solicitud<\/u><\/strong><br>Las personas interesadas deber\u00e1n inscribirse a trav\u00e9s de la <a href=\"https:\/\/form.jotform.com\/250772260870356\" target=\"_blank\" rel=\"noopener\"><u>ficha de inscripci\u00f3n<\/u><\/a>.<\/p>\n<p><strong><u>Qu\u00e9 debe constar en el proyecto<br><\/u><\/strong>Los datos de la persona solicitante: nombre, apellidos, direcci\u00f3n, poblaci\u00f3n, c\u00f3digo postal, correo electr\u00f3nico, p\u00e1gina web (en caso de tenerla) o una breve biograf\u00eda. Las personas participantes deber\u00e1n adjuntar (en PDF) el dosier del proyecto para que los miembros del jurado puedan valorarlo.<\/p>\n<p><strong><u>Selecci\u00f3n <\/u><\/strong><strong><u>de los proyectos<br><\/u><\/strong>Ir\u00e1 a cargo de expertos en arte contempor\u00e1neo, archiv\u00edstico y la direcci\u00f3n de L\u2019Arxiu, que seleccionar\u00e1n un \u00fanico proyecto.<\/p>\n<p><strong><u>Criterios de selecci\u00f3n<br><\/u><\/strong>Se valorar\u00e1 el rigor conceptual y el valor art\u00edstico de la propuesta; la originalidad y singularidad de la misma; el inter\u00e9s por investigar nuevos formatos de presentaci\u00f3n, exhibici\u00f3n o formalizaci\u00f3n; la flexibilidad en la adecuaci\u00f3n de la formalizaci\u00f3n de la propuesta a las posibilidades de L\u2019Arxiu y SCAN, y que tenga en cuenta la mediaci\u00f3n con el p\u00fablico..<\/p>\n<p><strong><u>Sobre el proyecto seleccionado<br><\/u><\/strong>La persona seleccionada deber\u00e1 presentar su trabajo en p\u00fablico en el formato que les parezca m\u00e1s conveniente: exposici\u00f3n, audiovisual, conferencia, taller, publicaci\u00f3n, etc.<br>La presentaci\u00f3n durante el mes de noviembre de 2025 en una fecha acordada entre las persona seleccionada, la direcci\u00f3n de L\u2019Arxiu y la direcci\u00f3n de SCAN.<br>De ser necesario, la persona seleccionada dispondr\u00e1 de 500 \u20ac adicionales para gastos para materializar y formalizar el proyecto.<\/p>\n<p><strong><span style=\"text-decoration: underline;\">Sobre los derechos de autor y de comunicaci\u00f3n<br><\/span><\/strong> La persona seleccionada ceder\u00e1 los derechos de comunicaci\u00f3n p\u00fablica de sus trabajos a la organizaci\u00f3n de SCAN y El Archivo con la \u00fanica finalidad de promover las actividades y obras derivadas de esta residencia a trav\u00e9s de cualquier canal de comunicaci\u00f3n oficial del SCAN o El Archivo.<\/p>\n<p><strong><u>Aceptaci\u00f3n de las bases<br><\/u><\/strong>La organizaci\u00f3n de SCAN y de L\u2019Arxiu resolver\u00e1n cualquier aspecto no descrito en estas bases y sus decisiones ser\u00e1n inapelables. La participaci\u00f3n en la convocatoria obliga a todas las personas que env\u00eden su ficha a aceptar estas bases.<\/p>\n<p><strong><u>Organizado por <br><\/u><\/strong>SCAN y Centre d\u2019Imatges de Tarragona \/ L\u2019Arxiu<\/p>\t\t\t\t\t\t\t\t<\/div>\n\t\t\t\t<\/div>\n\t\t\t\t\t<\/div>\n\t\t<\/div>\n\t\t\t\t\t<\/div>\n\t\t<\/section>\n\t\t\t\t<\/div>\n\t\t","protected":false},"excerpt":{"rendered":"<p>RESIDENCIASCAN \/ L&#8217;ARXIU2025 Desc\u00e1rgate las bases Ficha de inscripci\u00f3n 3\u00aa Residencia SCAN de Creaci\u00f3n e Investigaci\u00f3n en el Centre d&#8217;Imatges de Tarragona \/ L&#8217;Arxiu El festival SCAN Tarragona y el Creaci\u00f3n e Investigaci\u00f3n en el Centre d&#8217;Imatges de Tarragona \/ L&#8217;Arxiu ponen en marcha la tercera Residencia de Creaci\u00f3n Art\u00edstica y de Investigaci\u00f3n para el &#8230; <a title=\"Residencia de creaci\u00f3n l&#8217;Arxiu 2025\" class=\"read-more\" href=\"https:\/\/scan.cat\/es\/residencia-de-creacion-larxiu-2025\/\" aria-label=\"Leer m\u00e1s sobre Residencia de creaci\u00f3n l&#8217;Arxiu 2025\">Leer m\u00e1s<\/a><\/p>\n","protected":false},"author":2,"featured_media":0,"parent":0,"menu_order":0,"comment_status":"closed","ping_status":"closed","template":"","meta":{"footnotes":""},"class_list":["post-12403","page","type-page","status-publish"],"_links":{"self":[{"href":"https:\/\/scan.cat\/es\/wp-json\/wp\/v2\/pages\/12403","targetHints":{"allow":["GET"]}}],"collection":[{"href":"https:\/\/scan.cat\/es\/wp-json\/wp\/v2\/pages"}],"about":[{"href":"https:\/\/scan.cat\/es\/wp-json\/wp\/v2\/types\/page"}],"author":[{"embeddable":true,"href":"https:\/\/scan.cat\/es\/wp-json\/wp\/v2\/users\/2"}],"replies":[{"embeddable":true,"href":"https:\/\/scan.cat\/es\/wp-json\/wp\/v2\/comments?post=12403"}],"version-history":[{"count":9,"href":"https:\/\/scan.cat\/es\/wp-json\/wp\/v2\/pages\/12403\/revisions"}],"predecessor-version":[{"id":12467,"href":"https:\/\/scan.cat\/es\/wp-json\/wp\/v2\/pages\/12403\/revisions\/12467"}],"wp:attachment":[{"href":"https:\/\/scan.cat\/es\/wp-json\/wp\/v2\/media?parent=12403"}],"curies":[{"name":"wp","href":"https:\/\/api.w.org\/{rel}","templated":true}]}}