{"id":14100,"date":"2026-02-26T12:04:50","date_gmt":"2026-02-26T12:04:50","guid":{"rendered":"https:\/\/scan.cat\/convocatoria-talent-latent-2026\/"},"modified":"2026-02-27T19:23:51","modified_gmt":"2026-02-27T19:23:51","slug":"convocatoria-talent-latent-2026","status":"publish","type":"page","link":"https:\/\/scan.cat\/es\/convocatoria-talent-latent-2026\/","title":{"rendered":"Convocatoria Talent Latent 2026"},"content":{"rendered":"\t\t<div data-elementor-type=\"wp-page\" data-elementor-id=\"14100\" class=\"elementor elementor-14100 elementor-13989\" data-elementor-post-type=\"page\">\n\t\t\t\t\t\t<section class=\"elementor-section elementor-top-section elementor-element elementor-element-4997793 secciones elementor-section-full_width elementor-section-height-default elementor-section-height-default\" data-id=\"4997793\" data-element_type=\"section\" data-e-type=\"section\">\n\t\t\t\t\t\t<div class=\"elementor-container elementor-column-gap-default\">\n\t\t\t\t\t<div class=\"elementor-column elementor-col-100 elementor-top-column elementor-element elementor-element-084b63a\" data-id=\"084b63a\" data-element_type=\"column\" data-e-type=\"column\">\n\t\t\t<div class=\"elementor-widget-wrap elementor-element-populated\">\n\t\t\t\t\t\t<section class=\"elementor-section elementor-inner-section elementor-element elementor-element-67512ed elementor-section-full_width elementor-section-content-space-evenly elementor-section-height-default elementor-section-height-default\" data-id=\"67512ed\" data-element_type=\"section\" data-e-type=\"section\">\n\t\t\t\t\t\t<div class=\"elementor-container elementor-column-gap-default\">\n\t\t\t\t\t<div class=\"elementor-column elementor-col-50 elementor-inner-column elementor-element elementor-element-7f2b904\" data-id=\"7f2b904\" data-element_type=\"column\" data-e-type=\"column\">\n\t\t\t<div class=\"elementor-widget-wrap elementor-element-populated\">\n\t\t\t\t\t\t<div class=\"elementor-element elementor-element-71d8c74 elementor-widget elementor-widget-text-editor\" data-id=\"71d8c74\" data-element_type=\"widget\" data-e-type=\"widget\" data-widget_type=\"text-editor.default\">\n\t\t\t\t<div class=\"elementor-widget-container\">\n\t\t\t\t\t\t\t\t\t<h1><u>CONVOCATORIA<br><em>TALENT LATENT<\/em><\/u><u><br>2026<\/u><\/h1>\t\t\t\t\t\t\t\t<\/div>\n\t\t\t\t<\/div>\n\t\t\t\t\t<\/div>\n\t\t<\/div>\n\t\t\t\t<div class=\"elementor-column elementor-col-50 elementor-inner-column elementor-element elementor-element-f5532bf\" data-id=\"f5532bf\" data-element_type=\"column\" data-e-type=\"column\">\n\t\t\t<div class=\"elementor-widget-wrap elementor-element-populated\">\n\t\t\t\t\t\t<div class=\"elementor-element elementor-element-9a08be2 elementor-widget elementor-widget-button\" data-id=\"9a08be2\" data-element_type=\"widget\" data-e-type=\"widget\" data-widget_type=\"button.default\">\n\t\t\t\t<div class=\"elementor-widget-container\">\n\t\t\t\t\t\t\t\t\t<div class=\"elementor-button-wrapper\">\n\t\t\t\t\t<a class=\"elementor-button elementor-button-link elementor-size-lg\" href=\"https:\/\/scan.cat\/wp-content\/uploads\/2026\/02\/SCAN_dossier_talentlatent2026_CAS_5.pdf\" target=\"_blank\">\n\t\t\t\t\t\t<span class=\"elementor-button-content-wrapper\">\n\t\t\t\t\t\t\t\t\t<span class=\"elementor-button-text\">Descargar bases<\/span>\n\t\t\t\t\t<\/span>\n\t\t\t\t\t<\/a>\n\t\t\t\t<\/div>\n\t\t\t\t\t\t\t\t<\/div>\n\t\t\t\t<\/div>\n\t\t\t\t<div class=\"elementor-element elementor-element-59e1ac7 elementor-widget elementor-widget-button\" data-id=\"59e1ac7\" data-element_type=\"widget\" data-e-type=\"widget\" data-widget_type=\"button.default\">\n\t\t\t\t<div class=\"elementor-widget-container\">\n\t\t\t\t\t\t\t\t\t<div class=\"elementor-button-wrapper\">\n\t\t\t\t\t<a class=\"elementor-button elementor-button-link elementor-size-lg\" href=\"https:\/\/form.jotform.com\/260534616214047\" target=\"_blank\" rel=\"noopener\">\n\t\t\t\t\t\t<span class=\"elementor-button-content-wrapper\">\n\t\t\t\t\t\t\t\t\t<span class=\"elementor-button-text\">Ficha de inscripci\u00f3n<\/span>\n\t\t\t\t\t<\/span>\n\t\t\t\t\t<\/a>\n\t\t\t\t<\/div>\n\t\t\t\t\t\t\t\t<\/div>\n\t\t\t\t<\/div>\n\t\t\t\t\t<\/div>\n\t\t<\/div>\n\t\t\t\t\t<\/div>\n\t\t<\/section>\n\t\t\t\t<section class=\"elementor-section elementor-inner-section elementor-element elementor-element-90b7375 elementor-section-full_width elementor-section-height-default elementor-section-height-default\" data-id=\"90b7375\" data-element_type=\"section\" data-e-type=\"section\">\n\t\t\t\t\t\t<div class=\"elementor-container elementor-column-gap-default\">\n\t\t\t\t\t<div class=\"elementor-column elementor-col-100 elementor-inner-column elementor-element elementor-element-5e99136\" data-id=\"5e99136\" data-element_type=\"column\" data-e-type=\"column\">\n\t\t\t<div class=\"elementor-widget-wrap elementor-element-populated\">\n\t\t\t\t\t\t<div class=\"elementor-element elementor-element-66b3915 elementor-widget elementor-widget-image-carousel\" data-id=\"66b3915\" data-element_type=\"widget\" data-e-type=\"widget\" data-settings=\"{&quot;slides_to_show&quot;:&quot;2&quot;,&quot;slides_to_show_tablet&quot;:&quot;2&quot;,&quot;slides_to_show_mobile&quot;:&quot;1&quot;,&quot;slides_to_scroll&quot;:&quot;1&quot;,&quot;navigation&quot;:&quot;none&quot;,&quot;autoplay_speed&quot;:0,&quot;speed&quot;:8000,&quot;autoplay&quot;:&quot;yes&quot;,&quot;pause_on_hover&quot;:&quot;yes&quot;,&quot;pause_on_interaction&quot;:&quot;yes&quot;,&quot;infinite&quot;:&quot;yes&quot;,&quot;image_spacing_custom&quot;:{&quot;unit&quot;:&quot;px&quot;,&quot;size&quot;:20,&quot;sizes&quot;:[]},&quot;image_spacing_custom_laptop&quot;:{&quot;unit&quot;:&quot;px&quot;,&quot;size&quot;:&quot;&quot;,&quot;sizes&quot;:[]},&quot;image_spacing_custom_tablet&quot;:{&quot;unit&quot;:&quot;px&quot;,&quot;size&quot;:&quot;&quot;,&quot;sizes&quot;:[]}}\" data-widget_type=\"image-carousel.default\">\n\t\t\t\t<div class=\"elementor-widget-container\">\n\t\t\t\t\t\t\t<div class=\"elementor-image-carousel-wrapper swiper\" role=\"region\" aria-roledescription=\"carousel\" aria-label=\"Carrusel d&#039;imatges\" dir=\"ltr\">\n\t\t\t<div class=\"elementor-image-carousel swiper-wrapper swiper-image-stretch\" aria-live=\"off\">\n\t\t\t\t\t\t\t\t<div class=\"swiper-slide\" role=\"group\" aria-roledescription=\"slide\" aria-label=\"1 de 7\"><figure class=\"swiper-slide-inner\"><img decoding=\"async\" class=\"swiper-slide-image\" src=\"https:\/\/scan.cat\/wp-content\/uploads\/2026\/02\/Talent_Latent_2025_01.jpg\" alt=\"Talent_Latent_2025_01\" title=\"\"><\/figure><\/div><div class=\"swiper-slide\" role=\"group\" aria-roledescription=\"slide\" aria-label=\"2 de 7\"><figure class=\"swiper-slide-inner\"><img decoding=\"async\" class=\"swiper-slide-image\" src=\"https:\/\/scan.cat\/wp-content\/uploads\/2026\/02\/Talent_Latent_2025_02.jpg\" alt=\"Talent_Latent_2025_02\" title=\"\"><\/figure><\/div><div class=\"swiper-slide\" role=\"group\" aria-roledescription=\"slide\" aria-label=\"3 de 7\"><figure class=\"swiper-slide-inner\"><img decoding=\"async\" class=\"swiper-slide-image\" src=\"https:\/\/scan.cat\/wp-content\/uploads\/2026\/02\/Talent_Latent_2025_03.jpg\" alt=\"Talent_Latent_2025_03\" title=\"\"><\/figure><\/div><div class=\"swiper-slide\" role=\"group\" aria-roledescription=\"slide\" aria-label=\"4 de 7\"><figure class=\"swiper-slide-inner\"><img decoding=\"async\" class=\"swiper-slide-image\" src=\"https:\/\/scan.cat\/wp-content\/uploads\/2026\/02\/Talent_Latent_2025_04.jpg\" alt=\"Talent_Latent_2025_04\" title=\"\"><\/figure><\/div><div class=\"swiper-slide\" role=\"group\" aria-roledescription=\"slide\" aria-label=\"5 de 7\"><figure class=\"swiper-slide-inner\"><img decoding=\"async\" class=\"swiper-slide-image\" src=\"https:\/\/scan.cat\/wp-content\/uploads\/2026\/02\/Talent_Latent_2025_05.jpg\" alt=\"Talent_Latent_2025_05\" title=\"\"><\/figure><\/div><div class=\"swiper-slide\" role=\"group\" aria-roledescription=\"slide\" aria-label=\"6 de 7\"><figure class=\"swiper-slide-inner\"><img decoding=\"async\" class=\"swiper-slide-image\" src=\"https:\/\/scan.cat\/wp-content\/uploads\/2026\/02\/Talent_Latent_2025_06.jpg\" alt=\"Talent_Latent_2025_06\" title=\"\"><\/figure><\/div><div class=\"swiper-slide\" role=\"group\" aria-roledescription=\"slide\" aria-label=\"7 de 7\"><figure class=\"swiper-slide-inner\"><img decoding=\"async\" class=\"swiper-slide-image\" src=\"https:\/\/scan.cat\/wp-content\/uploads\/2026\/02\/Talent_Latent_2025_07.jpg\" alt=\"Talent_Latent_2025_07\" title=\"\"><\/figure><\/div>\t\t\t<\/div>\n\t\t\t\t\t\t\t\n\t\t\t\t\t\t\t\t\t<\/div>\n\t\t\t\t\t\t<\/div>\n\t\t\t\t<\/div>\n\t\t\t\t<div class=\"elementor-element elementor-element-3a6be9d elementor-widget elementor-widget-text-editor\" data-id=\"3a6be9d\" data-element_type=\"widget\" data-e-type=\"widget\" data-widget_type=\"text-editor.default\">\n\t\t\t\t<div class=\"elementor-widget-container\">\n\t\t\t\t\t\t\t\t\t<p class=\"p1\">Fotograf\u00edas de la 12\u00aa edici\u00f3n Talent Latent (2025)<\/p>\t\t\t\t\t\t\t\t<\/div>\n\t\t\t\t<\/div>\n\t\t\t\t\t<\/div>\n\t\t<\/div>\n\t\t\t\t\t<\/div>\n\t\t<\/section>\n\t\t\t\t<div class=\"elementor-element elementor-element-0f6ecc7 elementor-widget elementor-widget-text-editor\" data-id=\"0f6ecc7\" data-element_type=\"widget\" data-e-type=\"widget\" data-widget_type=\"text-editor.default\">\n\t\t\t\t<div class=\"elementor-widget-container\">\n\t\t\t\t\t\t\t\t\t<p><strong>CONVOCATORIA TALENT LATENT<\/strong><\/p>\n<p>El Festival Internacional de Fotograf\u00eda SCAN Tarragona abre la convocatoria Talent Latent 2026 destinada a exhibir la obra de creadores y creadoras de todo el mundo que tienen la fotograf\u00eda como medio de expresi\u00f3n esencial y preferente.<\/p>\n<p>Los proyectos y artistas seleccionados a partir de esta convocatoria formar\u00e1n parte de la exposici\u00f3n colectiva y central del festival SCAN, que tendr\u00e1 lugar en el Tinglado 2 del Port de Tarragona, del 16 de octubre al 29 de noviembre de 2026.<\/p>\n<p><strong>Concepto sobre el que deben versar los proyectos: METAMORFOSIS<\/strong><br>Publicada en 1915, en un contexto de profunda crisis, \u00abLa metamorfosis\u00bb de Kafka se convierte en una met\u00e1fora vigente para pensar las transformaciones que atraviesan nuestra contemporaneidad. La metamorfosis no es un simple cambio de aspecto, sino un proceso profundo mediante el cual una realidad deviene otra. <br>Hoy, en un mundo marcado por la alienaci\u00f3n, la deshumanizaci\u00f3n y la crisis de valores, las estructuras que parec\u00edan s\u00f3lidas se vuelven l\u00edquidas, mutables o en v\u00edas de desaparici\u00f3n; mientras que las identidades, los territorios, las formas de trabajo, las relaciones personales o los ecosistemas se redefinen constantemente, configurando nuevas maneras de habitar el mundo.<br>En este contexto, la fotograf\u00eda tambi\u00e9n ha experimentado su propia metamorfosis: de huella lum\u00ednica vinculada a la captura de un instante a construcci\u00f3n h\u00edbrida, digital y algor\u00edtmica, abierta a m\u00faltiples formas y significados.<br>La convocatoria invita a fot\u00f3grafos y fot\u00f3grafas emergentes a explorar la condici\u00f3n metam\u00f3rfica del presente, abordando \u2014desde pr\u00e1cticas anal\u00f3gicas, digitales o expandidas\u2014 las transformaciones que afectan a individuos, comunidades y entornos, y proponiendo nuevas miradas para comprender nuestro tiempo.<\/p>\t\t\t\t\t\t\t\t<\/div>\n\t\t\t\t<\/div>\n\t\t\t\t<div class=\"elementor-element elementor-element-6b754ed elementor-widget elementor-widget-text-editor\" data-id=\"6b754ed\" data-element_type=\"widget\" data-e-type=\"widget\" data-widget_type=\"text-editor.default\">\n\t\t\t\t<div class=\"elementor-widget-container\">\n\t\t\t\t\t\t\t\t\t<p><strong>BASES TALENT LATENT<\/strong><\/p>\n<p><strong><span style=\"text-decoration: underline;\">Plazo de presentaci\u00f3n de proyectos<\/span><\/strong><br>Hasta el d\u00eda 12 de abril de 2026, a las 23:59 h.<\/p>\n<p><span style=\"text-decoration: underline;\"><strong>Qui\u00e9n puede participar<\/strong><\/span><br>Artistas mayores de 18 a\u00f1os y colectivos de cualquier nacionalidad.<\/p>\n<p><span style=\"text-decoration: underline;\"><strong>Tem\u00e1tica<\/strong><\/span><br>Metamorfosis.<\/p>\n<p><strong><span style=\"text-decoration: underline;\">Qu\u00e9 tipo de proyecto se puede presentar<\/span><\/strong><br>Proyectos eminentemente fotogr\u00e1ficos.<br>Se aceptan proyectos o series en los que la fotograf\u00eda se hibride con otros lenguajes creativos.<br><span style=\"text-decoration: underline;\"><strong>C\u00f3mo enviar el proyecto. Ficha de inscripci\u00f3n<\/strong><\/span><br>Deber\u00e1 presentarse mediante la <a href=\"https:\/\/form.jotform.com\/260534616214047\" target=\"_blank\" rel=\"noopener\">ficha de inscripci\u00f3n<\/a> que encontrar\u00e9is en www.scan.cat.<br><strong>En la ficha constar\u00e1n:<\/strong><\/p>\n<ol>\n<li>Datos personales de contacto.<\/li>\n<li>Biograf\u00eda breve.<\/li>\n<li>T\u00edtulo del proyecto.<\/li>\n<li>Breve explicaci\u00f3n (250 palabras).<\/li>\n<li>Un archivo ZIP (m\u00e1x. 30 MB) con un m\u00e1ximo de 20 fotograf\u00edas de la misma serie. Las fotograf\u00edas digitales deben tener un m\u00ednimo de 1.300 p\u00edxeles por el lado m\u00e1s corto, tienen que estar en formato .jpg y llevar incrustado un perfil de color RGB.  Si se considera oportuno, y para facilitar la comprensi\u00f3n del proyecto, se puede adjuntar un PDF con informaci\u00f3n complementaria.<\/li>\n<\/ol>\n<p>Se admiten proyectos donde el idioma sea catal\u00e1n, castellano e ingl\u00e9s.<\/p>\n<p><strong><span style=\"text-decoration: underline;\">Coste de participaci\u00f3n en la convocatoria<\/span><\/strong><br>El env\u00edo de proyectos no supone ning\u00fan coste.<\/p>\n<p><span style=\"text-decoration: underline;\"><strong>Comisariado y selecci\u00f3n de proyectos<\/strong><\/span><br>El equipo curatorial del Festival SCAN Tarragona seleccionar\u00e1 los proyectos y artistas que configurar\u00e1n la exposici\u00f3n Talent Latent 2026. Su decisi\u00f3n ser\u00e1 inapelable.<br>M\u00e1s all\u00e1 de los criterios est\u00e9ticos, se valorar\u00e1 la integridad conceptual del proyecto, el grado de conocimiento que muestra el autor o autora sobre el tema tratado y la voluntad de reflexi\u00f3n cr\u00edtica. <\/p>\n<p><span style=\"text-decoration: underline;\"><strong>Cu\u00e1ndo se comunicar\u00e1 a los autores y autoras seleccionados<\/strong><\/span><br>La organizaci\u00f3n del festival contactar\u00e1 con las autoras y los autores seleccionados. El listado definitivo de artistas participantes se publicar\u00e1 en las redes sociales de SCAN durante el mes de mayo de 2026. <\/p>\n<p><span style=\"text-decoration: underline;\"><strong>Producci\u00f3n de las obras para la exposici\u00f3n<\/strong><\/span><br>SCAN producir\u00e1 las copias fotogr\u00e1ficas en un laboratorio profesional de confianza.<br>La organizaci\u00f3n pedir\u00e1 a las autoras y los autores seleccionados los originales fotogr\u00e1ficos para producir las copias (deber\u00e1n presentarse en formato digital y con la m\u00e1xima calidad posible).<br>Las decisiones en cuanto a la selecci\u00f3n de obras a exponer, as\u00ed como la producci\u00f3n de las copias, su n\u00famero, tama\u00f1o y materiales, y la implementaci\u00f3n de estas en los espacios expositivos, las tomar\u00e1 el equipo curatorial y de producci\u00f3n de SCAN, de acuerdo con los autores y autoras.<br>Una vez finalizada la exposici\u00f3n, si el autor o autora no ha comunicado a la organizaci\u00f3n su voluntad de recuperar las copias producidas, estas se destruir\u00e1n. En caso de querer recuperarlas, los autores asumir\u00e1n los gastos de env\u00edo o recogida de las obras. <br><span style=\"text-decoration: underline;\"><strong>Cat\u00e1logo<\/strong><\/span><br>La organizaci\u00f3n de SCAN editar\u00e1 el cat\u00e1logo de la exposici\u00f3n.<\/p>\n<p><span style=\"text-decoration: underline;\"><strong>Honorarios de los artistas participantes<\/strong><\/span><br>Por cada artista participante en TALENT LATENT o, en el caso de que una obra sea de creaci\u00f3n colectiva, una sola persona responsable del grupo percibir\u00e1 un \u00fanico pago de 500 \u20ac (impuestos incluidos), en concepto de derechos de autor sobre las obras exhibidas.<br>Para que el Ayuntamiento de Tarragona pueda hacer efectivo el pago, cada artista deber\u00e1 presentar la documentaci\u00f3n que la organizaci\u00f3n de SCAN le requiera.<br>Todos los tr\u00e1mites para facturar se har\u00e1n de conformidad con las leyes a las que est\u00e1n sujetas las administraciones locales espa\u00f1olas.<\/p>\n<p><span style=\"text-decoration: underline;\"><strong>De los artistas seleccionados<\/strong><\/span><br>SCAN invitar\u00e1 a los artistas seleccionados a asistir al fin de semana inaugural festival: 16 y 17 de octubre de 2026.<br>La invitaci\u00f3n incluye:<\/p>\n<ul>\n<li>1 noche de alojamiento en el hotel del Festival con desayuno incluido.<\/li>\n<li>Cena inaugural (16\/10\/2026).<\/li>\n<li>Entrada al encuentro profesional Full Contact; revisi\u00f3n de porfolios (17\/10\/2026).<\/li>\n<li>Comida a mediod\u00eda en el Teatret del Serrallo (17\/10\/2026).<\/li>\n<\/ul>\n<p>Se dar\u00e1 visibilidad y promocionar\u00e1n las obras y artistas seleccionados a trav\u00e9s de los canales digitales del festival (web y redes sociales SCAN).<br>Se obsequiar\u00e1 con 3 cat\u00e1logos de la exposici\u00f3n a cada artista.<br>Cada artista percibir\u00e1 los honorarios correspondientes por derechos de autor y exhibici\u00f3n.<br>*La asistencia al acto inaugural es recomendable, pero no obligatoria.<br>*Los gastos de viaje corresponder\u00e1n a cada participante.<\/p>\n<p><span style=\"text-decoration: underline;\"><strong>De los derechos de autor y de comunicaci\u00f3n<\/strong><\/span><br>Las personas participantes, por el hecho de presentarse a la convocatoria, declaran ser titulares de los derechos de propiedad intelectual sobre las obras presentadas y garantizan que estas no vulneran derechos de terceros.<br>Las personas participantes ceder\u00e1n a SCAN los derechos de reproducci\u00f3n, de difusi\u00f3n y de comunicaci\u00f3n p\u00fablica de las obras exhibidas, con la finalidad de producirlas para la exposici\u00f3n, elaborar los materiales promocionales y de archivo, editar el cat\u00e1logo, as\u00ed como para promocionarlas a trav\u00e9s de los medios de comunicaci\u00f3n y de cualquier canal oficial de SCAN y del Ayuntamiento de Tarragona.<br>SCAN Tarragona reconocer\u00e1 en todo momento el derecho moral de los y las artistas sobre sus obras, haciendo constar la autor\u00eda en cualquier uso que se haga de las mismas.<br>Las personas o colectivos incluidos en la exposici\u00f3n Talent Latent 2026 percibir\u00e1n los honorarios correspondientes de conformidad al apartado \u201cHonorarios de los artistas participantes\u201d.<br>La cesi\u00f3n de estos derechos se limita al a\u00f1o 2026.<\/p>\n<p><span style=\"text-decoration: underline;\"><strong>Lugar y fechas de la exposici\u00f3n Talent Latent<\/strong><\/span><\/p>\n<p>Lugar: Tinglado 2. Port de Tarragona<br>Fecha de inauguraci\u00f3n: 16 de octubre de 2026<br>Hora de la inauguraci\u00f3n: 19 h<br>Fechas de exposici\u00f3n: del 16 de octubre al 29 de noviembre de 2026 <\/p>\n<p><span style=\"text-decoration: underline;\"><strong>Nota<\/strong><\/span><\/p>\n<p>La organizaci\u00f3n de SCAN resolver\u00e1 cualquier aspecto no previsto en estas bases y sus decisiones ser\u00e1n inapelables.<br>La participaci\u00f3n en la convocatoria TALENT LATENT obliga a todas las personas que env\u00edan su ficha a aceptar estas bases.<\/p>\t\t\t\t\t\t\t\t<\/div>\n\t\t\t\t<\/div>\n\t\t\t\t\t<\/div>\n\t\t<\/div>\n\t\t\t\t\t<\/div>\n\t\t<\/section>\n\t\t\t\t<\/div>\n\t\t","protected":false},"excerpt":{"rendered":"<p>CONVOCATORIATALENT LATENT2026 Descargar bases Ficha de inscripci\u00f3n Fotograf\u00edas de la 12\u00aa edici\u00f3n Talent Latent (2025) CONVOCATORIA TALENT LATENT El Festival Internacional de Fotograf\u00eda SCAN Tarragona abre la convocatoria Talent Latent 2026 destinada a exhibir la obra de creadores y creadoras de todo el mundo que tienen la fotograf\u00eda como medio de expresi\u00f3n esencial y preferente. &#8230; <a title=\"Convocatoria Talent Latent 2026\" class=\"read-more\" href=\"https:\/\/scan.cat\/es\/convocatoria-talent-latent-2026\/\" aria-label=\"Leer m\u00e1s sobre Convocatoria Talent Latent 2026\">Leer m\u00e1s<\/a><\/p>\n","protected":false},"author":9,"featured_media":0,"parent":0,"menu_order":0,"comment_status":"closed","ping_status":"closed","template":"elementor_header_footer","meta":{"footnotes":""},"class_list":["post-14100","page","type-page","status-publish"],"_links":{"self":[{"href":"https:\/\/scan.cat\/es\/wp-json\/wp\/v2\/pages\/14100","targetHints":{"allow":["GET"]}}],"collection":[{"href":"https:\/\/scan.cat\/es\/wp-json\/wp\/v2\/pages"}],"about":[{"href":"https:\/\/scan.cat\/es\/wp-json\/wp\/v2\/types\/page"}],"author":[{"embeddable":true,"href":"https:\/\/scan.cat\/es\/wp-json\/wp\/v2\/users\/9"}],"replies":[{"embeddable":true,"href":"https:\/\/scan.cat\/es\/wp-json\/wp\/v2\/comments?post=14100"}],"version-history":[{"count":29,"href":"https:\/\/scan.cat\/es\/wp-json\/wp\/v2\/pages\/14100\/revisions"}],"predecessor-version":[{"id":14223,"href":"https:\/\/scan.cat\/es\/wp-json\/wp\/v2\/pages\/14100\/revisions\/14223"}],"wp:attachment":[{"href":"https:\/\/scan.cat\/es\/wp-json\/wp\/v2\/media?parent=14100"}],"curies":[{"name":"wp","href":"https:\/\/api.w.org\/{rel}","templated":true}]}}