{"id":14335,"date":"2026-04-13T15:08:57","date_gmt":"2026-04-13T15:08:57","guid":{"rendered":"https:\/\/scan.cat\/convocatoria-full-contact-2026\/"},"modified":"2026-04-14T13:22:41","modified_gmt":"2026-04-14T13:22:41","slug":"convocatoria-full-contact-2026","status":"publish","type":"page","link":"https:\/\/scan.cat\/es\/convocatoria-full-contact-2026\/","title":{"rendered":"Convocatoria FULL CONTACT 2026"},"content":{"rendered":"\t\t<div data-elementor-type=\"wp-page\" data-elementor-id=\"14335\" class=\"elementor elementor-14335 elementor-14226\" data-elementor-post-type=\"page\">\n\t\t\t\t<div class=\"elementor-element elementor-element-7e662be secciones e-con-full e-flex e-con e-parent\" data-id=\"7e662be\" data-element_type=\"container\" data-e-type=\"container\">\n\t\t<div class=\"elementor-element elementor-element-d74487c e-con-full e-flex e-con e-child\" data-id=\"d74487c\" data-element_type=\"container\" data-e-type=\"container\">\n\t\t<div class=\"elementor-element elementor-element-4351c7c e-con-full e-flex e-con e-child\" data-id=\"4351c7c\" data-element_type=\"container\" data-e-type=\"container\">\n\t\t<div class=\"elementor-element elementor-element-7bca01d e-con-full e-flex e-con e-child\" data-id=\"7bca01d\" data-element_type=\"container\" data-e-type=\"container\">\n\t\t\t\t<div class=\"elementor-element elementor-element-77b4c48 elementor-widget__width-inherit elementor-widget elementor-widget-heading\" data-id=\"77b4c48\" data-element_type=\"widget\" data-e-type=\"widget\" data-widget_type=\"heading.default\">\n\t\t\t\t<div class=\"elementor-widget-container\">\n\t\t\t\t\t<h1 class=\"elementor-heading-title elementor-size-default\">CONVOCATORIA FULL CONTACT<br>Y PREMIO FULL CONTACT 2026<\/h1>\t\t\t\t<\/div>\n\t\t\t\t<\/div>\n\t\t\t\t<\/div>\n\t\t<div class=\"elementor-element elementor-element-a569817 e-con-full e-flex e-con e-child\" data-id=\"a569817\" data-element_type=\"container\" data-e-type=\"container\">\n\t\t\t\t<div class=\"elementor-element elementor-element-aaad2f9 elementor-widget elementor-widget-button\" data-id=\"aaad2f9\" data-element_type=\"widget\" data-e-type=\"widget\" data-widget_type=\"button.default\">\n\t\t\t\t<div class=\"elementor-widget-container\">\n\t\t\t\t\t\t\t\t\t<div class=\"elementor-button-wrapper\">\n\t\t\t\t\t<a class=\"elementor-button elementor-button-link elementor-size-lg\" href=\"https:\/\/scan.cat\/wp-content\/uploads\/2026\/04\/SCAN_fullcontact2026_CAS_ok.pdf\" target=\"_blank\">\n\t\t\t\t\t\t<span class=\"elementor-button-content-wrapper\">\n\t\t\t\t\t\t\t\t\t<span class=\"elementor-button-text\">Descargar bases<\/span>\n\t\t\t\t\t<\/span>\n\t\t\t\t\t<\/a>\n\t\t\t\t<\/div>\n\t\t\t\t\t\t\t\t<\/div>\n\t\t\t\t<\/div>\n\t\t\t\t<div class=\"elementor-element elementor-element-cb9bc76 elementor-widget elementor-widget-button\" data-id=\"cb9bc76\" data-element_type=\"widget\" data-e-type=\"widget\" data-widget_type=\"button.default\">\n\t\t\t\t<div class=\"elementor-widget-container\">\n\t\t\t\t\t\t\t\t\t<div class=\"elementor-button-wrapper\">\n\t\t\t\t\t<a class=\"elementor-button elementor-button-link elementor-size-lg\" href=\"https:\/\/www.jotform.com\/form\/260843757833366\" target=\"_blank\" rel=\"noopener\">\n\t\t\t\t\t\t<span class=\"elementor-button-content-wrapper\">\n\t\t\t\t\t\t\t\t\t<span class=\"elementor-button-text\">Ficha de inscripci\u00f3n<\/span>\n\t\t\t\t\t<\/span>\n\t\t\t\t\t<\/a>\n\t\t\t\t<\/div>\n\t\t\t\t\t\t\t\t<\/div>\n\t\t\t\t<\/div>\n\t\t\t\t<\/div>\n\t\t\t\t<\/div>\n\t\t\t\t<div class=\"elementor-element elementor-element-1076373 elementor-widget elementor-widget-image-carousel\" data-id=\"1076373\" data-element_type=\"widget\" data-e-type=\"widget\" data-settings=\"{&quot;slides_to_show&quot;:&quot;2&quot;,&quot;slides_to_show_tablet&quot;:&quot;2&quot;,&quot;slides_to_show_mobile&quot;:&quot;1&quot;,&quot;slides_to_scroll&quot;:&quot;1&quot;,&quot;navigation&quot;:&quot;none&quot;,&quot;autoplay_speed&quot;:0,&quot;speed&quot;:8000,&quot;autoplay&quot;:&quot;yes&quot;,&quot;pause_on_hover&quot;:&quot;yes&quot;,&quot;pause_on_interaction&quot;:&quot;yes&quot;,&quot;infinite&quot;:&quot;yes&quot;,&quot;image_spacing_custom&quot;:{&quot;unit&quot;:&quot;px&quot;,&quot;size&quot;:20,&quot;sizes&quot;:[]},&quot;image_spacing_custom_laptop&quot;:{&quot;unit&quot;:&quot;px&quot;,&quot;size&quot;:&quot;&quot;,&quot;sizes&quot;:[]},&quot;image_spacing_custom_tablet&quot;:{&quot;unit&quot;:&quot;px&quot;,&quot;size&quot;:&quot;&quot;,&quot;sizes&quot;:[]}}\" data-widget_type=\"image-carousel.default\">\n\t\t\t\t<div class=\"elementor-widget-container\">\n\t\t\t\t\t\t\t<div class=\"elementor-image-carousel-wrapper swiper\" role=\"region\" aria-roledescription=\"carousel\" aria-label=\"Carrusel d&#039;imatges\" dir=\"ltr\">\n\t\t\t<div class=\"elementor-image-carousel swiper-wrapper swiper-image-stretch\" aria-live=\"off\">\n\t\t\t\t\t\t\t\t<div class=\"swiper-slide\" role=\"group\" aria-roledescription=\"slide\" aria-label=\"1 de 7\"><figure class=\"swiper-slide-inner\"><img decoding=\"async\" class=\"swiper-slide-image\" src=\"https:\/\/scan.cat\/wp-content\/uploads\/2026\/04\/FC_2025_01.jpg\" alt=\"FC_2025_01\" title=\"\"><\/figure><\/div><div class=\"swiper-slide\" role=\"group\" aria-roledescription=\"slide\" aria-label=\"2 de 7\"><figure class=\"swiper-slide-inner\"><img decoding=\"async\" class=\"swiper-slide-image\" src=\"https:\/\/scan.cat\/wp-content\/uploads\/2026\/04\/FC_2025_02.jpg\" alt=\"FC_2025_02\" title=\"\"><\/figure><\/div><div class=\"swiper-slide\" role=\"group\" aria-roledescription=\"slide\" aria-label=\"3 de 7\"><figure class=\"swiper-slide-inner\"><img decoding=\"async\" class=\"swiper-slide-image\" src=\"https:\/\/scan.cat\/wp-content\/uploads\/2026\/04\/FC_2025_03.jpg\" alt=\"FC_2025_03\" title=\"\"><\/figure><\/div><div class=\"swiper-slide\" role=\"group\" aria-roledescription=\"slide\" aria-label=\"4 de 7\"><figure class=\"swiper-slide-inner\"><img decoding=\"async\" class=\"swiper-slide-image\" src=\"https:\/\/scan.cat\/wp-content\/uploads\/2026\/04\/FC_2025_04.jpg\" alt=\"FC_2025_04\" title=\"\"><\/figure><\/div><div class=\"swiper-slide\" role=\"group\" aria-roledescription=\"slide\" aria-label=\"5 de 7\"><figure class=\"swiper-slide-inner\"><img decoding=\"async\" class=\"swiper-slide-image\" src=\"https:\/\/scan.cat\/wp-content\/uploads\/2026\/04\/FC_2025_05.jpg\" alt=\"FC_2025_05\" title=\"\"><\/figure><\/div><div class=\"swiper-slide\" role=\"group\" aria-roledescription=\"slide\" aria-label=\"6 de 7\"><figure class=\"swiper-slide-inner\"><img decoding=\"async\" class=\"swiper-slide-image\" src=\"https:\/\/scan.cat\/wp-content\/uploads\/2026\/04\/FC_2025_06.jpg\" alt=\"FC_2025_06\" title=\"\"><\/figure><\/div><div class=\"swiper-slide\" role=\"group\" aria-roledescription=\"slide\" aria-label=\"7 de 7\"><figure class=\"swiper-slide-inner\"><img decoding=\"async\" class=\"swiper-slide-image\" src=\"https:\/\/scan.cat\/wp-content\/uploads\/2026\/04\/FC_2025_07.jpg\" alt=\"FC_2025_07\" title=\"\"><\/figure><\/div>\t\t\t<\/div>\n\t\t\t\t\t\t\t\n\t\t\t\t\t\t\t\t\t<\/div>\n\t\t\t\t\t\t<\/div>\n\t\t\t\t<\/div>\n\t\t\t\t<div class=\"elementor-element elementor-element-377f74f elementor-widget elementor-widget-text-editor\" data-id=\"377f74f\" data-element_type=\"widget\" data-e-type=\"widget\" data-widget_type=\"text-editor.default\">\n\t\t\t\t<div class=\"elementor-widget-container\">\n\t\t\t\t\t\t\t\t\t<p>Fotograf\u00edas de la edici\u00f3n de 2025<\/p>\t\t\t\t\t\t\t\t<\/div>\n\t\t\t\t<\/div>\n\t\t\t\t<div class=\"elementor-element elementor-element-597c572 elementor-widget elementor-widget-text-editor\" data-id=\"597c572\" data-element_type=\"widget\" data-e-type=\"widget\" data-widget_type=\"text-editor.default\">\n\t\t\t\t<div class=\"elementor-widget-container\">\n\t\t\t\t\t\t\t\t\t<p><span style=\"text-decoration: underline;\"><strong>CONVOCATORIA FULL CONTACT Y PREMIO FULL CONTACT 2026<\/strong><\/span><\/p><p>Dirigida a artistas emergentes que trabajan con la fotograf\u00eda como eje central de su pr\u00e1ctica art\u00edstica.<\/p><p><strong>Un a\u00f1o m\u00e1s, SCAN Tarragona \u2014el festival internacional de fotograf\u00eda que impulsa el Ayuntamiento de Tarragona\u2014 presenta una nueva edici\u00f3n de FULL CONTACT. Esta iniciativa tiene la voluntad de dar apoyo y visibilidad al talento emergente, propiciando un espacio de di\u00e1logo directo entre creadores y los agentes m\u00e1s activos del sistema del arte actual. <\/strong><\/p>\t\t\t\t\t\t\t\t<\/div>\n\t\t\t\t<\/div>\n\t\t\t\t<div class=\"elementor-element elementor-element-4a55af3 elementor-widget elementor-widget-text-editor\" data-id=\"4a55af3\" data-element_type=\"widget\" data-e-type=\"widget\" data-widget_type=\"text-editor.default\">\n\t\t\t\t<div class=\"elementor-widget-container\">\n\t\t\t\t\t\t\t\t\t<p><strong>Qu\u00e8 \u00e9s FULL CONTACT<\/strong><br>\u00c9s una trobada professional i, alhora, un visionament de portafolis que es defineix com un dispositiu relacional i transversal. \u00c9s un espai de trobada en qu\u00e8 un grup de fot\u00f2grafs seleccionats tindr\u00e0 l\u2019oportunitat de mostrar els seus treballs davant d\u2019una xarxa d\u2019experts \u2014comissaris, galeristes, editors (els <em>followers<\/em>)\u2014 amb l\u2019objectiu d\u2019obtenir una lectura cr\u00edtica de la seva obra, teixir noves aliances professionals i explorar horitzons de col\u00b7laboraci\u00f3 en l\u2019\u00e0mbit de les arts visuals. <\/p><p><span style=\"text-decoration: underline;\"><strong>Las caracter\u00edsticas que hacen que FULL CONTACT sea \u00fanico son:<\/strong><\/span><\/p><ol><li>Formar parte de la selecci\u00f3n FULL CONTACT es, en s\u00ed mismo, un reconocimiento a la calidad de tu proyecto. As\u00ed, con la finalidad de fomentar el talento emergente y la creaci\u00f3n contempor\u00e1nea, la participaci\u00f3n es totalmente gratuita para las personas seleccionadas. <\/li><\/ol><ol start=\"2\"><li>Las fot\u00f3grafas y los fot\u00f3grafos seleccionados dispondr\u00e1n de una mesa para presentar su obra a m\u00e1s de una veintena de agentes del ecosistema art\u00edstico (comisarios, galeristas, editores\u2026). Asimismo, SCAN garantiza una experiencia de inmersi\u00f3n total y <em>networking<\/em>, ofreciendo a cargo del festival: <\/li><\/ol><ul><li>Alojamiento la noche de la inauguraci\u00f3n en el hotel oficial del festival.<\/li><li>Invitaci\u00f3n formal a los actos inaugurales de SCAN y a FULL CONTACT.<\/li><li>Comidas de cortes\u00eda: cena de bienvenida (viernes 16 de octubre) y almuerzo profesional FULL CONTCAT (s\u00e1bado 17 de octubre).<\/li><\/ul><ol start=\"3\"><li>Si tu proyecto es seleccionado, optar\u00e1s al Premio FULL CONTACT<\/li><\/ol><p><span style=\"text-decoration: underline;\"><strong>Premio FULL CONTACT 2026<\/strong><\/span><\/p><ul><li>De entre todos los artistas seleccionados para asistir a FULL CONTACT, un jurado cualificado, designado por SCAN, determinar\u00e1 el\/la artista ganador\/a del Premio FULL CONTACT 2026.<\/li><li>El premio consiste en la producci\u00f3n de una exposici\u00f3n individual en 2027, en el marco del programa oficial del SCAN.<\/li><li>El\/La artista ganador\/a percibir\u00e1, en concepto de derechos de exhibici\u00f3n y comunicaci\u00f3n de su obra, unos honorarios de 900 \u20ac (impuestos incluidos).<\/li><li>El\/La artista recibir\u00e1 de SCAN el asesoramiento y acompa\u00f1amiento necesarios para llevar a cabo la exposici\u00f3n, que deber\u00e1 acogerse a las disponibilidades t\u00e9cnicas y presupuestarias del festival.<\/li><li>Para que el Ayuntamiento de Tarragona pueda hacer efectivo el pago, cada artista deber\u00e1 presentar la documentaci\u00f3n que la organizaci\u00f3n de SCAN le requiera.<\/li><li>Todos los tr\u00e1mites para facturar los honorarios se har\u00e1n de conformidad con las leyes a las que est\u00e1n sujetas las administraciones espa\u00f1olas.<\/li><\/ul><p><span style=\"text-decoration: underline;\"><strong>Plazo de presentaci\u00f3n de los proyectos<\/strong><\/span><br>Hasta el d\u00eda 10 de mayo de 2026 a las 23:59 h.<\/p><p><strong><span style=\"text-decoration: underline;\">Fechas de FULL CONTACT<\/span><\/strong><br>S\u00e1bado <strong>17 de octubre de 2026<\/strong>, de las 10 a las 16 h, en el Teatret del Port, en el barrio de pescadores del Serrallo (Tarragona).<\/p><p><strong><span style=\"text-decoration: underline;\">Qui\u00e9n puede presentar la solicitud de participaci\u00f3n<\/span><\/strong><br>Personas mayores de edad y de cualquier nacionalidad residentes en la Uni\u00f3n Europea o en el Reino Unido.<\/p><p><span style=\"text-decoration: underline;\"><strong>Qu\u00e9 tipos de proyectos se pueden presentar<\/strong><\/span> <br>Queremos promover la narrativa visual entre los nuevos creadores y creadoras y, en este sentido, cada persona puede presentar una serie fotogr\u00e1fica que relate una historia.<\/p><p>El tema es libre.<\/p><p><strong><span style=\"text-decoration: underline;\">Cu\u00e1ntos proyectos ganadores habr\u00e1<\/span><\/strong> <br>El equipo comisarial elegir\u00e1 los 12 mejores proyectos recibidos e invitar\u00e1 a sus autores y autoras a asistir a la 9.\u00aa edici\u00f3n de FULL CONTACT.<\/p><p><a href=\"https:\/\/scan.cat\/seleccio-artistes-full-contact-2025\/\"><u>Enlace a los artistas que participaron en la edici\u00f3n de 2025:<\/u><\/a><\/p><p><span style=\"text-decoration: underline;\"><strong>Equipo comisarial que seleccionar\u00e1 los proyectos<\/strong><\/span><br>Estar\u00e1 configurado por <strong>Ada Sbriccoli <\/strong>(comisaria independiente, investigadora y cr\u00edtica de arte) y <strong>Arola Valls Bofill<\/strong> (comisaria independiente, investigadora y docente). Su decisi\u00f3n ser\u00e1 inapelable.<\/p><p><span style=\"text-decoration: underline;\"><strong>Criterios de valoraci\u00f3n art\u00edstica<\/strong><\/span><br>El equipo comisarial FULL CONTACT priorizar\u00e1 aquellos proyectos que demuestren una s\u00f3lida consistencia conceptual y una investigaci\u00f3n profunda. Se valorar\u00e1 especialmente la singularidad de la voz propia, as\u00ed como la coherencia est\u00e9tica y la capacidad del autor\/a para construir una secuencia narrativa. <\/p><p><span style=\"text-decoration: underline;\"><strong>Sobre los <em>followers<\/em> (agentes del mundo del arte que participar\u00e1n como followers)<\/strong><\/span><br>Participar\u00e1n una veintena de agentes del mundo del arte, entre comisarios independientes, equipos directivos de otros festivales de fotograf\u00eda, editoriales o galer\u00edas. Los nombres se anunciar\u00e1n durante el mes de julio en la web del festival. <\/p><p><a href=\"https:\/\/scan.cat\/full-contact-followers-2025\/\"><span style=\"text-decoration: underline;\">Enlace a los followers participantes en la edici\u00f3n de 2025:<\/span><\/a><\/p><p><span style=\"text-decoration: underline;\"><strong>C\u00f3mo hay que presentar el proyecto.<\/strong><\/span><br>Deber\u00e1 presentarse mediante la <a href=\"https:\/\/www.jotform.com\/form\/260843757833366\" target=\"_blank\" rel=\"noopener\">ficha de inscripci\u00f3n.<\/a><\/p><p>Deber\u00e1 presentarse mediante la ficha de inscripci\u00f3n, en esta ficha de inscripci\u00f3n deben constar:<\/p><ol><li>Datos personales de contacto.<\/li><li>Biograf\u00eda breve.<\/li><li>T\u00edtulo del proyecto.<\/li><li>Breve explicaci\u00f3n (300 palabras).<\/li><li>Un archivo ZIP (m\u00e1x. 30 MB) con un m\u00e1ximo de 16 fotograf\u00edas de la serie (2.000 p\u00edxeles por el lado m\u00e1s corto y comprimidas con .jpg). Si se considera oportuno, y de cara a facilitar al jurado la comprensi\u00f3n del proyecto, la persona firmante del mismo puede a\u00f1adir un PDF con informaci\u00f3n complementaria.<\/li><\/ol><p>Se admiten proyectos en catal\u00e1n, castellano e ingl\u00e9s.<\/p><p><span style=\"text-decoration: underline;\"><strong>De los derechos de autor y de comunicaci\u00f3n<\/strong><\/span> <br>Las personas participantes, por el mero hecho de presentarse a la convocatoria, declaran ser titulares de los derechos de propiedad intelectual de las obras y garantizan que estas no vulneran derechos de terceros.<\/p><p>Los derechos de las obras seleccionadas pertenecen a sus autores y autoras, que ceder\u00e1n temporalmente los derechos de difusi\u00f3n y comunicaci\u00f3n p\u00fablica a la organizaci\u00f3n de SCAN con el objetivo de mostrar los trabajos y promover la actividad a trav\u00e9s de cualquier canal oficial del festival o de prensa.<\/p><p><span style=\"text-decoration: underline;\"><b>Obligaciones de los artistas<\/b><br><\/span><\/p><p>Cuando los y las artistas aceptan participar en FULL CONTACT, se comprometen de facto a asistir presencialmente a la actividad el d\u00eda anunciado: <b>17 de octubre de 2026.<br><u>Consideraciones finales<\/u><\/b><\/p><p>La organizaci\u00f3n de SCAN resolver\u00e1 cualquier aspecto no previsto en estas bases y sus decisiones ser\u00e1n inapelables. La participaci\u00f3n en la convocatoria FULL CONTACT obliga a todas las personas que env\u00edan su ficha a aceptar estas bases.<\/p>\t\t\t\t\t\t\t\t<\/div>\n\t\t\t\t<\/div>\n\t\t\t\t<\/div>\n\t\t\t\t<\/div>\n\t\t\t\t<\/div>\n\t\t","protected":false},"excerpt":{"rendered":"<p>CONVOCATORIA FULL CONTACTY PREMIO FULL CONTACT 2026 Descargar bases Ficha de inscripci\u00f3n Fotograf\u00edas de la edici\u00f3n de 2025 CONVOCATORIA FULL CONTACT Y PREMIO FULL CONTACT 2026 Dirigida a artistas emergentes que trabajan con la fotograf\u00eda como eje central de su pr\u00e1ctica art\u00edstica. Un a\u00f1o m\u00e1s, SCAN Tarragona \u2014el festival internacional de fotograf\u00eda que impulsa el &#8230; <a title=\"Convocatoria FULL CONTACT 2026\" class=\"read-more\" href=\"https:\/\/scan.cat\/es\/convocatoria-full-contact-2026\/\" aria-label=\"Leer m\u00e1s sobre Convocatoria FULL CONTACT 2026\">Leer m\u00e1s<\/a><\/p>\n","protected":false},"author":9,"featured_media":0,"parent":0,"menu_order":0,"comment_status":"closed","ping_status":"closed","template":"elementor_header_footer","meta":{"footnotes":""},"class_list":["post-14335","page","type-page","status-publish"],"_links":{"self":[{"href":"https:\/\/scan.cat\/es\/wp-json\/wp\/v2\/pages\/14335","targetHints":{"allow":["GET"]}}],"collection":[{"href":"https:\/\/scan.cat\/es\/wp-json\/wp\/v2\/pages"}],"about":[{"href":"https:\/\/scan.cat\/es\/wp-json\/wp\/v2\/types\/page"}],"author":[{"embeddable":true,"href":"https:\/\/scan.cat\/es\/wp-json\/wp\/v2\/users\/9"}],"replies":[{"embeddable":true,"href":"https:\/\/scan.cat\/es\/wp-json\/wp\/v2\/comments?post=14335"}],"version-history":[{"count":7,"href":"https:\/\/scan.cat\/es\/wp-json\/wp\/v2\/pages\/14335\/revisions"}],"predecessor-version":[{"id":14365,"href":"https:\/\/scan.cat\/es\/wp-json\/wp\/v2\/pages\/14335\/revisions\/14365"}],"wp:attachment":[{"href":"https:\/\/scan.cat\/es\/wp-json\/wp\/v2\/media?parent=14335"}],"curies":[{"name":"wp","href":"https:\/\/api.w.org\/{rel}","templated":true}]}}