{"id":14446,"date":"2026-04-20T14:52:15","date_gmt":"2026-04-20T14:52:15","guid":{"rendered":"https:\/\/scan.cat\/convocatoria-residencia-larxiu-2026\/"},"modified":"2026-04-20T15:22:03","modified_gmt":"2026-04-20T15:22:03","slug":"convocatoria-residencia-larxiu-2026","status":"publish","type":"page","link":"https:\/\/scan.cat\/es\/convocatoria-residencia-larxiu-2026\/","title":{"rendered":"Convocatoria Residencia L&#8217;Arxiu 2026"},"content":{"rendered":"\t\t<div data-elementor-type=\"wp-page\" data-elementor-id=\"14446\" class=\"elementor elementor-14446 elementor-14383\" data-elementor-post-type=\"page\">\n\t\t\t\t<div class=\"elementor-element elementor-element-0283054 secciones e-con-full e-flex e-con e-parent\" data-id=\"0283054\" data-element_type=\"container\" data-e-type=\"container\">\n\t\t<div class=\"elementor-element elementor-element-ad13dae e-con-full e-flex e-con e-child\" data-id=\"ad13dae\" data-element_type=\"container\" data-e-type=\"container\">\n\t\t<div class=\"elementor-element elementor-element-ef791e8 e-con-full e-flex e-con e-child\" data-id=\"ef791e8\" data-element_type=\"container\" data-e-type=\"container\">\n\t\t<div class=\"elementor-element elementor-element-12aa7ca e-con-full e-flex e-con e-child\" data-id=\"12aa7ca\" data-element_type=\"container\" data-e-type=\"container\">\n\t\t\t\t<div class=\"elementor-element elementor-element-c0ab06b elementor-widget__width-inherit elementor-widget elementor-widget-heading\" data-id=\"c0ab06b\" data-element_type=\"widget\" data-e-type=\"widget\" data-widget_type=\"heading.default\">\n\t\t\t\t<div class=\"elementor-widget-container\">\n\t\t\t\t\t<h1 class=\"elementor-heading-title elementor-size-default\">4.\u00aa Residencia SCAN de Creaci\u00f3n e Investigaci\u00f3n en el Centre d\u2019Imatges de Tarragona \/ L\u2019Arxiu. 2026.<\/h1>\t\t\t\t<\/div>\n\t\t\t\t<\/div>\n\t\t\t\t<\/div>\n\t\t<div class=\"elementor-element elementor-element-fa9c886 e-con-full e-flex e-con e-child\" data-id=\"fa9c886\" data-element_type=\"container\" data-e-type=\"container\">\n\t\t\t\t<div class=\"elementor-element elementor-element-b0a4b72 elementor-widget elementor-widget-button\" data-id=\"b0a4b72\" data-element_type=\"widget\" data-e-type=\"widget\" data-widget_type=\"button.default\">\n\t\t\t\t<div class=\"elementor-widget-container\">\n\t\t\t\t\t\t\t\t\t<div class=\"elementor-button-wrapper\">\n\t\t\t\t\t<a class=\"elementor-button elementor-button-link elementor-size-lg\" href=\"https:\/\/scan.cat\/wp-content\/uploads\/2026\/04\/SCAN_dossier_residencia2026_CAS.pdf\" target=\"_blank\">\n\t\t\t\t\t\t<span class=\"elementor-button-content-wrapper\">\n\t\t\t\t\t\t\t\t\t<span class=\"elementor-button-text\">Descargar bases<\/span>\n\t\t\t\t\t<\/span>\n\t\t\t\t\t<\/a>\n\t\t\t\t<\/div>\n\t\t\t\t\t\t\t\t<\/div>\n\t\t\t\t<\/div>\n\t\t\t\t<div class=\"elementor-element elementor-element-cf7fa94 elementor-widget elementor-widget-button\" data-id=\"cf7fa94\" data-element_type=\"widget\" data-e-type=\"widget\" data-widget_type=\"button.default\">\n\t\t\t\t<div class=\"elementor-widget-container\">\n\t\t\t\t\t\t\t\t\t<div class=\"elementor-button-wrapper\">\n\t\t\t\t\t<a class=\"elementor-button elementor-button-link elementor-size-lg\" href=\"https:\/\/form.jotform.com\/261051988571363\" target=\"_blank\" rel=\"noopener\">\n\t\t\t\t\t\t<span class=\"elementor-button-content-wrapper\">\n\t\t\t\t\t\t\t\t\t<span class=\"elementor-button-text\">Ficha de inscripci\u00f3n<\/span>\n\t\t\t\t\t<\/span>\n\t\t\t\t\t<\/a>\n\t\t\t\t<\/div>\n\t\t\t\t\t\t\t\t<\/div>\n\t\t\t\t<\/div>\n\t\t\t\t<\/div>\n\t\t\t\t<\/div>\n\t\t\t\t<div class=\"elementor-element elementor-element-27d76c3 elementor-widget elementor-widget-image-carousel\" data-id=\"27d76c3\" data-element_type=\"widget\" data-e-type=\"widget\" data-settings=\"{&quot;slides_to_show&quot;:&quot;2&quot;,&quot;slides_to_show_tablet&quot;:&quot;2&quot;,&quot;slides_to_show_mobile&quot;:&quot;1&quot;,&quot;slides_to_scroll&quot;:&quot;1&quot;,&quot;navigation&quot;:&quot;none&quot;,&quot;autoplay_speed&quot;:0,&quot;speed&quot;:8000,&quot;autoplay&quot;:&quot;yes&quot;,&quot;pause_on_hover&quot;:&quot;yes&quot;,&quot;pause_on_interaction&quot;:&quot;yes&quot;,&quot;infinite&quot;:&quot;yes&quot;,&quot;image_spacing_custom&quot;:{&quot;unit&quot;:&quot;px&quot;,&quot;size&quot;:20,&quot;sizes&quot;:[]},&quot;image_spacing_custom_laptop&quot;:{&quot;unit&quot;:&quot;px&quot;,&quot;size&quot;:&quot;&quot;,&quot;sizes&quot;:[]},&quot;image_spacing_custom_tablet&quot;:{&quot;unit&quot;:&quot;px&quot;,&quot;size&quot;:&quot;&quot;,&quot;sizes&quot;:[]}}\" data-widget_type=\"image-carousel.default\">\n\t\t\t\t<div class=\"elementor-widget-container\">\n\t\t\t\t\t\t\t<div class=\"elementor-image-carousel-wrapper swiper\" role=\"region\" aria-roledescription=\"carousel\" aria-label=\"Carrusel d&#039;imatges\" dir=\"ltr\">\n\t\t\t<div class=\"elementor-image-carousel swiper-wrapper swiper-image-stretch\" aria-live=\"off\">\n\t\t\t\t\t\t\t\t<div class=\"swiper-slide\" role=\"group\" aria-roledescription=\"slide\" aria-label=\"1 de 5\"><figure class=\"swiper-slide-inner\"><img decoding=\"async\" class=\"swiper-slide-image\" src=\"https:\/\/scan.cat\/wp-content\/uploads\/2026\/04\/ARXIU-MER-HAUSMANN-2025-0302.jpg\" alt=\"ARXIU-MER-HAUSMANN-2025-0302\" title=\"\"><\/figure><\/div><div class=\"swiper-slide\" role=\"group\" aria-roledescription=\"slide\" aria-label=\"2 de 5\"><figure class=\"swiper-slide-inner\"><img decoding=\"async\" class=\"swiper-slide-image\" src=\"https:\/\/scan.cat\/wp-content\/uploads\/2026\/04\/ARIUX-MER-HAUSMANN-2025-0314.jpg\" alt=\"ARIUX-MER-HAUSMANN-2025-0314\" title=\"\"><\/figure><\/div><div class=\"swiper-slide\" role=\"group\" aria-roledescription=\"slide\" aria-label=\"3 de 5\"><figure class=\"swiper-slide-inner\"><img decoding=\"async\" class=\"swiper-slide-image\" src=\"https:\/\/scan.cat\/wp-content\/uploads\/2026\/04\/ARIUX-MER-HAUSMANN-2025-0308.jpg\" alt=\"ARIUX-MER-HAUSMANN-2025-0308\" title=\"\"><\/figure><\/div><div class=\"swiper-slide\" role=\"group\" aria-roledescription=\"slide\" aria-label=\"4 de 5\"><figure class=\"swiper-slide-inner\"><img decoding=\"async\" class=\"swiper-slide-image\" src=\"https:\/\/scan.cat\/wp-content\/uploads\/2026\/04\/ARIUX-MER-HAUSMANN-2025-0306.jpg\" alt=\"ARIUX-MER-HAUSMANN-2025-0306\" title=\"\"><\/figure><\/div><div class=\"swiper-slide\" role=\"group\" aria-roledescription=\"slide\" aria-label=\"5 de 5\"><figure class=\"swiper-slide-inner\"><img decoding=\"async\" class=\"swiper-slide-image\" src=\"https:\/\/scan.cat\/wp-content\/uploads\/2026\/04\/ARIUX-MER-HAUSMANN-2025-0303.jpg\" alt=\"ARIUX-MER-HAUSMANN-2025-0303\" title=\"\"><\/figure><\/div>\t\t\t<\/div>\n\t\t\t\t\t\t\t\n\t\t\t\t\t\t\t\t\t<\/div>\n\t\t\t\t\t\t<\/div>\n\t\t\t\t<\/div>\n\t\t\t\t<div class=\"elementor-element elementor-element-ad1cb89 elementor-widget elementor-widget-text-editor\" data-id=\"ad1cb89\" data-element_type=\"widget\" data-e-type=\"widget\" data-widget_type=\"text-editor.default\">\n\t\t\t\t<div class=\"elementor-widget-container\">\n\t\t\t\t\t\t\t\t\t<p>Im\u00e1genes de la exposici\u00f3n de Mercedes Hausmann, ganadora de la Residencia L\u2019Arxiu 2025.<\/p>\t\t\t\t\t\t\t\t<\/div>\n\t\t\t\t<\/div>\n\t\t\t\t<div class=\"elementor-element elementor-element-de124cb elementor-widget elementor-widget-text-editor\" data-id=\"de124cb\" data-element_type=\"widget\" data-e-type=\"widget\" data-widget_type=\"text-editor.default\">\n\t\t\t\t<div class=\"elementor-widget-container\">\n\t\t\t\t\t\t\t\t\t<p><strong>4.\u00aa Residencia SCAN de Creaci\u00f3n e Investigaci\u00f3n en el Centre d\u2019Imatges de Tarragona \/ L\u2019Arxiu. 2026.<br><\/strong><br>El festival SCAN Tarragona y el Centre d\u2019Imatges de Tarragona \/ L\u2019Arxiu ponen en marcha la tercera Residencia de Creaci\u00f3n Art\u00edstica y de Investigaci\u00f3n para el desarrollo de proyectos art\u00edsticos y de investigaci\u00f3n a partir del fondo fotogr\u00e1fico y audiovisual depositado en el Centre d\u2019Imatges de Tarragona (CIT) del Arxiu de Tarragona.<br><br>La finalidad de esta residencia es abrir las puertas del fondo fotogr\u00e1fico y audiovisual a artistas, curadores e investigadores, con la idea de incentivar la creaci\u00f3n de proyectos art\u00edsticos o de investigaci\u00f3n en el \u00e1mbito archiv\u00edstico y presentar una conclusi\u00f3n o formalizaci\u00f3n en p\u00fablico.<br><br>El Centre d\u2019Imatges de Tarragona dispone de un mill\u00f3n y medio de fotograf\u00edas repartidas en 8 fondos y 14 colecciones, procedentes principalmente de fot\u00f3grafos profesionales, como los fondos Vallv\u00e9, Chinchilla, V\u00edctor, Fer-Vi, L\u00f3pez, Rimbau y Ferr\u00e9; as\u00ed como los negativos y copias generadas por los servicios del mismo Ayuntamiento de Tarragona o bien por ciudadanos aficionados.<br><br>Por otro lado, la colecci\u00f3n audiovisual se compone de pel\u00edculas de autores profesionales o amateurs desde el a\u00f1o 1956 hasta los a\u00f1os noventa. Tambi\u00e9n contiene las emisiones de la Televisi\u00f3n Municipal de Tarragona (1985-1986), as\u00ed como las entrevistas realizadas a varias personas significativas que explican su visi\u00f3n de la historia de las fiestas de Tarragona.<br><br>L\u2019Arxiu pone su equipo y personal a disposici\u00f3n de las personas residentes para facilitar las tareas de creaci\u00f3n e investigaci\u00f3n.<\/p>\t\t\t\t\t\t\t\t<\/div>\n\t\t\t\t<\/div>\n\t\t\t\t<div class=\"elementor-element elementor-element-01e57e6 elementor-widget elementor-widget-text-editor\" data-id=\"01e57e6\" data-element_type=\"widget\" data-e-type=\"widget\" data-widget_type=\"text-editor.default\">\n\t\t\t\t<div class=\"elementor-widget-container\">\n\t\t\t\t\t\t\t\t\t<p><strong>BASES<\/strong><br><br><strong><span style=\"text-decoration: underline;\">Plazo de entrega de propuestas<\/span><\/strong><br> 24 de maig de 2026.<\/p><p><strong><span style=\"text-decoration: underline;\">Plazas de residencia<\/span><\/strong><br>El jurado seleccionar\u00e1 una \u00fanica persona para la residencia<\/p><p><strong><span style=\"text-decoration: underline;\">Qui\u00e9n puede participar<\/span><\/strong><br>Artistas, investigadores o curadores que est\u00e9n interesados en desarrollar un proyecto art\u00edstico o de investigaci\u00f3n sobre el medio fotogr\u00e1fico y audiovisual de archivo.<br>Las personas solicitantes deben residir actualmente en el Estado espa\u00f1ol y ser mayores de edad.<\/p><p><strong><span style=\"text-decoration: underline;\">Duraci\u00f3n de la residencia<\/span><\/strong><br>Estancia en la residencia: un m\u00e1ximo de cinco d\u00edas (a convenir con la organizaci\u00f3n del Festival SCAN Tarragona).<br>Durante este per\u00edodo, la persona residente podr\u00e1 trabajar con los archivos fotogr\u00e1ficos y audiovisuales que configuran el fondo documental del CIT\/L\u2019Arxiu en los espacios de trabajo de L\u2019Arxiu y con la colaboraci\u00f3n de sus profesionales.<\/p><p><strong><span style=\"text-decoration: underline;\">Condiciones<\/span><\/strong><br>SCAN ofrece alojamiento gratuito a la persona residente.<br>Una ayuda econ\u00f3mica de 900 \u20ac al proyecto seleccionado (importe con impuestos incluidos).<br>El transporte y las dietas ir\u00e1n a cargo de cada residente.<\/p><p><strong><span style=\"text-decoration: underline;\">C\u00f3mo enviar el proyecto y la solicitud<\/span><\/strong><br>Las personas interesadas deber\u00e1n inscribirse a trav\u00e9s de la <a href=\"https:\/\/form.jotform.com\/261051988571363\" target=\"_blank\" rel=\"noopener\">ficha de inscripci\u00f3n<\/a>.<\/p><p><span style=\"text-decoration: underline;\"><strong>Qu\u00e9 debe constar en el proyecto<\/strong><\/span><br>Los datos de la persona solicitante: nombre, apellidos, direcci\u00f3n, poblaci\u00f3n, c\u00f3digo postal, correo electr\u00f3nico, p\u00e1gina web (en caso de tenerla) o una breve biograf\u00eda. Las personas participantes deber\u00e1n adjuntar (en PDF) el dosier del proyecto para que los miembros del jurado puedan valorarlo.<\/p><p><strong><span style=\"text-decoration: underline;\">Selecci\u00f3n de los proyectos<\/span><\/strong><br>Ir\u00e1 a cargo de expertos en arte contempor\u00e1neo, archiv\u00edstico y la direcci\u00f3n de L\u2019Arxiu, que seleccionar\u00e1n un \u00fanico proyecto.<\/p><p><strong><span style=\"text-decoration: underline;\">Criterios de selecci\u00f3n<\/span><\/strong><br>Se valorar\u00e1 el rigor conceptual y el valor art\u00edstico de la propuesta; la originalidad y singularidad de la misma; el inter\u00e9s por investigar nuevos formatos de presentaci\u00f3n, exhibici\u00f3n o formalizaci\u00f3n; la flexibilidad en la adecuaci\u00f3n de la formalizaci\u00f3n de la propuesta a las posibilidades de L\u2019Arxiu y SCAN, y que tenga en cuenta la mediaci\u00f3n con el p\u00fablico.<\/p><p><span style=\"text-decoration: underline;\"><strong>Sobre el proyecto seleccionado<\/strong><\/span><\/p><ul><li>La persona seleccionada deber\u00e1 presentar su trabajo en p\u00fablico en el formato que les parezca m\u00e1s conveniente: exposici\u00f3n, audiovisual, conferencia, taller, publicaci\u00f3n, etc.<\/li><li>La presentaci\u00f3n durante el mes de noviembre de 2026 en una fecha acordada entre las persona seleccionada, la direcci\u00f3n de L\u2019Arxiu y la direcci\u00f3n de SCAN.<\/li><li>De ser necesario, la persona seleccionada dispondr\u00e1 de 500 \u20ac adicionales para gastos para materializar y formalizar el proyecto.<\/li><li>L\u2019Arxiu se reserva el derecho de mostrar, hasta el 30 de junio de 2027 y, si lo considera oportuno, el trabajo resultante de la residencia en otros espacios municipales de Tarragona.<\/li><\/ul><p><strong><span style=\"text-decoration: underline;\">Sobre los derechos de autor y de comunicaci\u00f3n<\/span><\/strong><br>La persona seleccionada ceder\u00e1 temporalmente los derechos de difusi\u00f3n y comunicaci\u00f3n p\u00fablica de su trabajo a la organizaci\u00f3n de SCAN y L\u2019Arxiu con el objetivo de promover las actividades que se organicen a trav\u00e9s de cualquier canal de comunicaci\u00f3n oficial de SCAN, L\u2019Arxiu o del Ayuntamiento de Tarragona.<\/p><p><strong><span style=\"text-decoration: underline;\">Aceptaci\u00f3n de las bases<\/span><\/strong><br>La organizaci\u00f3n de SCAN y de L\u2019Arxiu resolver\u00e1n cualquier aspecto no descrito en estas bases y sus decisiones ser\u00e1n inapelables. La participaci\u00f3n en la convocatoria obliga a todas las personas que env\u00eden su ficha a aceptar estas bases.<br><br>Organizado por <br>SCAN y Centre d\u2019Imatges de Tarragona \/ L\u2019Arxiu<\/p>\t\t\t\t\t\t\t\t<\/div>\n\t\t\t\t<\/div>\n\t\t\t\t<\/div>\n\t\t\t\t<\/div>\n\t\t\t\t<\/div>\n\t\t","protected":false},"excerpt":{"rendered":"<p>4.\u00aa Residencia SCAN de Creaci\u00f3n e Investigaci\u00f3n en el Centre d\u2019Imatges de Tarragona \/ L\u2019Arxiu. 2026. Descargar bases Ficha de inscripci\u00f3n Im\u00e1genes de la exposici\u00f3n de Mercedes Hausmann, ganadora de la Residencia L\u2019Arxiu 2025. 4.\u00aa Residencia SCAN de Creaci\u00f3n e Investigaci\u00f3n en el Centre d\u2019Imatges de Tarragona \/ L\u2019Arxiu. 2026.El festival SCAN Tarragona y el &#8230; <a title=\"Convocatoria Residencia L&#8217;Arxiu 2026\" class=\"read-more\" href=\"https:\/\/scan.cat\/es\/convocatoria-residencia-larxiu-2026\/\" aria-label=\"Leer m\u00e1s sobre Convocatoria Residencia L&#8217;Arxiu 2026\">Leer m\u00e1s<\/a><\/p>\n","protected":false},"author":9,"featured_media":0,"parent":0,"menu_order":0,"comment_status":"closed","ping_status":"closed","template":"elementor_header_footer","meta":{"footnotes":""},"class_list":["post-14446","page","type-page","status-publish"],"_links":{"self":[{"href":"https:\/\/scan.cat\/es\/wp-json\/wp\/v2\/pages\/14446","targetHints":{"allow":["GET"]}}],"collection":[{"href":"https:\/\/scan.cat\/es\/wp-json\/wp\/v2\/pages"}],"about":[{"href":"https:\/\/scan.cat\/es\/wp-json\/wp\/v2\/types\/page"}],"author":[{"embeddable":true,"href":"https:\/\/scan.cat\/es\/wp-json\/wp\/v2\/users\/9"}],"replies":[{"embeddable":true,"href":"https:\/\/scan.cat\/es\/wp-json\/wp\/v2\/comments?post=14446"}],"version-history":[{"count":8,"href":"https:\/\/scan.cat\/es\/wp-json\/wp\/v2\/pages\/14446\/revisions"}],"predecessor-version":[{"id":14464,"href":"https:\/\/scan.cat\/es\/wp-json\/wp\/v2\/pages\/14446\/revisions\/14464"}],"wp:attachment":[{"href":"https:\/\/scan.cat\/es\/wp-json\/wp\/v2\/media?parent=14446"}],"curies":[{"name":"wp","href":"https:\/\/api.w.org\/{rel}","templated":true}]}}