{"id":2804,"date":"2022-09-27T08:58:25","date_gmt":"2022-09-27T08:58:25","guid":{"rendered":"https:\/\/scan.cat\/exposiciones\/"},"modified":"2023-09-22T14:38:00","modified_gmt":"2023-09-22T14:38:00","slug":"exposiciones","status":"publish","type":"page","link":"https:\/\/scan.cat\/es\/exposiciones\/","title":{"rendered":"Exposiciones-2022"},"content":{"rendered":"\t\t<div data-elementor-type=\"wp-page\" data-elementor-id=\"2804\" class=\"elementor elementor-2804 elementor-1594\" data-elementor-post-type=\"page\">\n\t\t\t\t\t\t<section class=\"elementor-section elementor-top-section elementor-element elementor-element-5c5851fc elementor-section-full_width elementor-section-height-default elementor-section-height-default\" data-id=\"5c5851fc\" data-element_type=\"section\" data-e-type=\"section\" id=\"cabecera\">\n\t\t\t\t\t\t<div class=\"elementor-container elementor-column-gap-default\">\n\t\t\t\t\t<div class=\"elementor-column elementor-col-100 elementor-top-column elementor-element elementor-element-12dfb898\" data-id=\"12dfb898\" data-element_type=\"column\" data-e-type=\"column\">\n\t\t\t<div class=\"elementor-widget-wrap elementor-element-populated\">\n\t\t\t\t\t\t<div class=\"elementor-element elementor-element-67f80558 elementor-widget elementor-widget-heading\" data-id=\"67f80558\" data-element_type=\"widget\" data-e-type=\"widget\" data-widget_type=\"heading.default\">\n\t\t\t\t<div class=\"elementor-widget-container\">\n\t\t\t\t\t<h1 class=\"elementor-heading-title elementor-size-default\">EXPOSICIONES<\/h1>\t\t\t\t<\/div>\n\t\t\t\t<\/div>\n\t\t\t\t\t<\/div>\n\t\t<\/div>\n\t\t\t\t\t<\/div>\n\t\t<\/section>\n\t\t\t\t<section class=\"elementor-section elementor-top-section elementor-element elementor-element-ba182c4 elementor-section-full_width lseccion elementor-section-height-default elementor-section-height-default\" data-id=\"ba182c4\" data-element_type=\"section\" data-e-type=\"section\">\n\t\t\t\t\t\t<div class=\"elementor-container elementor-column-gap-default\">\n\t\t\t\t\t<div class=\"elementor-column elementor-col-100 elementor-top-column elementor-element elementor-element-d4f701c\" data-id=\"d4f701c\" data-element_type=\"column\" data-e-type=\"column\">\n\t\t\t<div class=\"elementor-widget-wrap elementor-element-populated\">\n\t\t\t\t\t\t<section class=\"elementor-section elementor-inner-section elementor-element elementor-element-aea3952 elementor-section-full_width elementor-section-content-middle elementor-section-height-default elementor-section-height-default\" data-id=\"aea3952\" data-element_type=\"section\" data-e-type=\"section\">\n\t\t\t\t\t\t<div class=\"elementor-container elementor-column-gap-default\">\n\t\t\t\t\t<div class=\"elementor-column elementor-col-100 elementor-inner-column elementor-element elementor-element-78d7aa0\" data-id=\"78d7aa0\" data-element_type=\"column\" data-e-type=\"column\">\n\t\t\t<div class=\"elementor-widget-wrap elementor-element-populated\">\n\t\t\t\t\t\t<div class=\"elementor-element elementor-element-0b55282 elementor-widget elementor-widget-image\" data-id=\"0b55282\" data-element_type=\"widget\" data-e-type=\"widget\" data-widget_type=\"image.default\">\n\t\t\t\t<div class=\"elementor-widget-container\">\n\t\t\t\t\t\t\t\t\t\t\t\t\t\t\t\t<a href=\"https:\/\/scan.cat\/talent-latent\/\">\n\t\t\t\t\t\t\t<img fetchpriority=\"high\" decoding=\"async\" width=\"1920\" height=\"1490\" src=\"https:\/\/scan.cat\/wp-content\/uploads\/2022\/10\/DavidFavod_Bombardements_55x4380cm.jpg\" class=\"attachment-full size-full wp-image-3801\" alt=\"\" srcset=\"https:\/\/scan.cat\/wp-content\/uploads\/2022\/10\/DavidFavod_Bombardements_55x4380cm.jpg 1920w, https:\/\/scan.cat\/wp-content\/uploads\/2022\/10\/DavidFavod_Bombardements_55x4380cm-300x233.jpg 300w, https:\/\/scan.cat\/wp-content\/uploads\/2022\/10\/DavidFavod_Bombardements_55x4380cm-1024x795.jpg 1024w, https:\/\/scan.cat\/wp-content\/uploads\/2022\/10\/DavidFavod_Bombardements_55x4380cm-768x596.jpg 768w, https:\/\/scan.cat\/wp-content\/uploads\/2022\/10\/DavidFavod_Bombardements_55x4380cm-1536x1192.jpg 1536w\" sizes=\"(max-width: 1920px) 100vw, 1920px\" title=\"\">\t\t\t\t\t\t\t\t<\/a>\n\t\t\t\t\t\t\t\t\t\t\t\t\t\t\t<\/div>\n\t\t\t\t<\/div>\n\t\t\t\t<div class=\"elementor-element elementor-element-f5c041d elementor-widget elementor-widget-text-editor\" data-id=\"f5c041d\" data-element_type=\"widget\" data-e-type=\"widget\" data-widget_type=\"text-editor.default\">\n\t\t\t\t<div class=\"elementor-widget-container\">\n\t\t\t\t\t\t\t\t\t<p><a href=\"https:\/\/scan.cat\/talent-latent\/\">Wartime! &#8211; Talent Latent<\/a><\/p>\n\t\t\t\t\t\t\t\t<\/div>\n\t\t\t\t<\/div>\n\t\t\t\t<div class=\"elementor-element elementor-element-83101e6 elementor-widget elementor-widget-text-editor\" data-id=\"83101e6\" data-element_type=\"widget\" data-e-type=\"widget\" data-widget_type=\"text-editor.default\">\n\t\t\t\t<div class=\"elementor-widget-container\">\n\t\t\t\t\t\t\t\t\t<p>Del 18 de noviembre de 2022 al 8 de enero de 2023<\/p>\n\t\t\t\t\t\t\t\t<\/div>\n\t\t\t\t<\/div>\n\t\t\t\t<div class=\"elementor-element elementor-element-b7c4f90 elementor-widget elementor-widget-text-editor\" data-id=\"b7c4f90\" data-element_type=\"widget\" data-e-type=\"widget\" data-widget_type=\"text-editor.default\">\n\t\t\t\t<div class=\"elementor-widget-container\">\n\t\t\t\t\t\t\t\t\t<p><a href=\"https:\/\/scan.cat\/talent-latent\/\">M\u00e1s informaci\u00f3n<\/a><\/p>\n\t\t\t\t\t\t\t\t<\/div>\n\t\t\t\t<\/div>\n\t\t\t\t\t<\/div>\n\t\t<\/div>\n\t\t\t\t\t<\/div>\n\t\t<\/section>\n\t\t\t\t\t<\/div>\n\t\t<\/div>\n\t\t\t\t\t<\/div>\n\t\t<\/section>\n\t\t\t\t<section class=\"elementor-section elementor-top-section elementor-element elementor-element-b3d9a82 elementor-section-full_width lseccion elementor-section-height-default elementor-section-height-default\" data-id=\"b3d9a82\" data-element_type=\"section\" data-e-type=\"section\">\n\t\t\t\t\t\t<div class=\"elementor-container elementor-column-gap-default\">\n\t\t\t\t\t<div class=\"elementor-column elementor-col-100 elementor-top-column elementor-element elementor-element-2cf0122\" data-id=\"2cf0122\" data-element_type=\"column\" data-e-type=\"column\">\n\t\t\t<div class=\"elementor-widget-wrap elementor-element-populated\">\n\t\t\t\t\t\t<div class=\"elementor-element elementor-element-ad03d17 elementor-widget elementor-widget-jet-listing-grid\" data-id=\"ad03d17\" data-element_type=\"widget\" data-e-type=\"widget\" data-settings=\"{&quot;columns&quot;:&quot;2&quot;,&quot;columns_mobile&quot;:&quot;1&quot;}\" data-widget_type=\"jet-listing-grid.default\">\n\t\t\t\t<div class=\"elementor-widget-container\">\n\t\t\t\t\t<div class=\"jet-listing-grid jet-listing\"><div class=\"jet-listing-grid__items grid-col-desk-2 grid-col-tablet-2 grid-col-mobile-1 jet-listing-grid--1685 jet-listing-grid__masonry\" data-masonry-grid-options=\"{&quot;columns&quot;:{&quot;desktop&quot;:2,&quot;tablet&quot;:2,&quot;mobile&quot;:1}}\" data-queried-id=\"2804|WP_Post\" data-nav=\"{&quot;enabled&quot;:false,&quot;type&quot;:null,&quot;more_el&quot;:null,&quot;query&quot;:[],&quot;widget_settings&quot;:{&quot;lisitng_id&quot;:1685,&quot;posts_num&quot;:100,&quot;columns&quot;:2,&quot;columns_tablet&quot;:2,&quot;columns_mobile&quot;:1,&quot;column_min_width&quot;:240,&quot;column_min_width_tablet&quot;:240,&quot;column_min_width_mobile&quot;:240,&quot;inline_columns_css&quot;:false,&quot;is_archive_template&quot;:&quot;&quot;,&quot;post_status&quot;:[&quot;publish&quot;],&quot;use_random_posts_num&quot;:&quot;&quot;,&quot;max_posts_num&quot;:9,&quot;not_found_message&quot;:&quot;No se han encontrado datos&quot;,&quot;is_masonry&quot;:true,&quot;equal_columns_height&quot;:&quot;&quot;,&quot;use_load_more&quot;:&quot;&quot;,&quot;load_more_id&quot;:&quot;&quot;,&quot;load_more_type&quot;:&quot;click&quot;,&quot;load_more_offset&quot;:null,&quot;use_custom_post_types&quot;:&quot;&quot;,&quot;custom_post_types&quot;:[],&quot;hide_widget_if&quot;:&quot;&quot;,&quot;carousel_enabled&quot;:&quot;&quot;,&quot;slides_to_scroll&quot;:&quot;1&quot;,&quot;arrows&quot;:&quot;true&quot;,&quot;arrow_icon&quot;:&quot;fa fa-angle-left&quot;,&quot;dots&quot;:&quot;&quot;,&quot;autoplay&quot;:&quot;true&quot;,&quot;pause_on_hover&quot;:&quot;true&quot;,&quot;autoplay_speed&quot;:5000,&quot;infinite&quot;:&quot;true&quot;,&quot;center_mode&quot;:&quot;&quot;,&quot;effect&quot;:&quot;slide&quot;,&quot;speed&quot;:500,&quot;inject_alternative_items&quot;:&quot;&quot;,&quot;injection_items&quot;:[],&quot;scroll_slider_enabled&quot;:&quot;&quot;,&quot;scroll_slider_on&quot;:[&quot;desktop&quot;,&quot;tablet&quot;,&quot;mobile&quot;],&quot;custom_query&quot;:false,&quot;custom_query_id&quot;:&quot;&quot;,&quot;_element_id&quot;:&quot;&quot;,&quot;collapse_first_last_gap&quot;:false,&quot;list_tag_selection&quot;:&quot;&quot;,&quot;list_items_wrapper_tag&quot;:&quot;div&quot;,&quot;list_item_tag&quot;:&quot;div&quot;,&quot;empty_items_wrapper_tag&quot;:&quot;div&quot;}}\" data-page=\"1\" data-pages=\"1\" data-listing-source=\"posts\" data-listing-id=\"1685\" data-query-id=\"\"><div class=\"jet-listing-grid__item jet-listing-dynamic-post-2841\" data-post-id=\"2841\"  >\t\t<div data-elementor-type=\"jet-listing-items\" data-elementor-id=\"4558\" class=\"elementor elementor-4558 elementor-1685 elementor-1685\" data-elementor-post-type=\"jet-engine\">\n\t\t\t\t\t\t<section class=\"elementor-section elementor-top-section elementor-element elementor-element-36afe02 elementor-section-boxed elementor-section-height-default elementor-section-height-default\" data-id=\"36afe02\" data-element_type=\"section\" data-e-type=\"section\">\n\t\t\t\t\t\t<div class=\"elementor-container elementor-column-gap-default\">\n\t\t\t\t\t<div class=\"elementor-column elementor-col-100 elementor-top-column elementor-element elementor-element-8fd7888\" data-id=\"8fd7888\" data-element_type=\"column\" data-e-type=\"column\">\n\t\t\t<div class=\"elementor-widget-wrap elementor-element-populated\">\n\t\t\t\t\t\t<div class=\"elementor-element elementor-element-3d15982 elementor-widget elementor-widget-jet-listing-dynamic-image\" data-id=\"3d15982\" data-element_type=\"widget\" data-e-type=\"widget\" data-widget_type=\"jet-listing-dynamic-image.default\">\n\t\t\t\t<div class=\"elementor-widget-container\">\n\t\t\t\t\t<div class=\"jet-listing jet-listing-dynamic-image\" ><a href=\"https:\/\/scan.cat\/es\/exposicio\/balazos-grafitos-y-temple\/\" class=\"jet-listing-dynamic-image__link\"><img decoding=\"async\" width=\"1800\" height=\"1200\" src=\"https:\/\/scan.cat\/wp-content\/uploads\/2022\/10\/Julia\u0301n_Baro\u0301n_Balazos_Grafitos_y_Temple0812.jpg\" class=\"jet-listing-dynamic-image__img attachment-full size-full\" alt=\"Julia\u0301n_Baro\u0301n_Balazos_Grafitos_y_Temple0812\" srcset=\"https:\/\/scan.cat\/wp-content\/uploads\/2022\/10\/Julia\u0301n_Baro\u0301n_Balazos_Grafitos_y_Temple0812.jpg 1800w, https:\/\/scan.cat\/wp-content\/uploads\/2022\/10\/Julia\u0301n_Baro\u0301n_Balazos_Grafitos_y_Temple0812-300x200.jpg 300w, https:\/\/scan.cat\/wp-content\/uploads\/2022\/10\/Julia\u0301n_Baro\u0301n_Balazos_Grafitos_y_Temple0812-1024x683.jpg 1024w, https:\/\/scan.cat\/wp-content\/uploads\/2022\/10\/Julia\u0301n_Baro\u0301n_Balazos_Grafitos_y_Temple0812-768x512.jpg 768w, https:\/\/scan.cat\/wp-content\/uploads\/2022\/10\/Julia\u0301n_Baro\u0301n_Balazos_Grafitos_y_Temple0812-1536x1024.jpg 1536w\" sizes=\"(max-width: 1800px) 100vw, 1800px\" loading=\"eager\" title=\"\"><\/a><\/div>\t\t\t\t<\/div>\n\t\t\t\t<\/div>\n\t\t\t\t<div class=\"elementor-element elementor-element-c28cf95 elementor-widget elementor-widget-jet-listing-dynamic-link\" data-id=\"c28cf95\" data-element_type=\"widget\" data-e-type=\"widget\" data-widget_type=\"jet-listing-dynamic-link.default\">\n\t\t\t\t<div class=\"elementor-widget-container\">\n\t\t\t\t\t<div class=\"jet-listing jet-listing-dynamic-link\"><a href=\"https:\/\/scan.cat\/es\/exposicio\/balazos-grafitos-y-temple\/\" class=\"jet-listing-dynamic-link__link\"><span class=\"jet-listing-dynamic-link__label\">Balazos, grafitos y temple<\/span><\/a><\/div>\t\t\t\t<\/div>\n\t\t\t\t<\/div>\n\t\t\t\t<div class=\"elementor-element elementor-element-cb667d8 elementor-widget elementor-widget-jet-listing-dynamic-field\" data-id=\"cb667d8\" data-element_type=\"widget\" data-e-type=\"widget\" data-widget_type=\"jet-listing-dynamic-field.default\">\n\t\t\t\t<div class=\"elementor-widget-container\">\n\t\t\t\t\t<div class=\"jet-listing jet-listing-dynamic-field display-inline\"><div class=\"jet-listing-dynamic-field__inline-wrap\"><p class=\"jet-listing-dynamic-field__content\" >Juli\u00e1n Bar\u00f3n<\/p><\/div><\/div>\t\t\t\t<\/div>\n\t\t\t\t<\/div>\n\t\t\t\t<div class=\"elementor-element elementor-element-9338c02 elementor-widget elementor-widget-jet-listing-dynamic-field\" data-id=\"9338c02\" data-element_type=\"widget\" data-e-type=\"widget\" data-widget_type=\"jet-listing-dynamic-field.default\">\n\t\t\t\t<div class=\"elementor-widget-container\">\n\t\t\t\t\t<div class=\"jet-listing jet-listing-dynamic-field display-inline\"><div class=\"jet-listing-dynamic-field__inline-wrap\"><p class=\"jet-listing-dynamic-field__content\" >Del 18 de noviembre de 2022 al 8 de enero de 2023<\/p><\/div><\/div>\t\t\t\t<\/div>\n\t\t\t\t<\/div>\n\t\t\t\t<div class=\"elementor-element elementor-element-f53f764 elementor-widget elementor-widget-jet-listing-dynamic-link\" data-id=\"f53f764\" data-element_type=\"widget\" data-e-type=\"widget\" data-widget_type=\"jet-listing-dynamic-link.default\">\n\t\t\t\t<div class=\"elementor-widget-container\">\n\t\t\t\t\t<div class=\"jet-listing jet-listing-dynamic-link\"><a href=\"https:\/\/scan.cat\/es\/exposicio\/balazos-grafitos-y-temple\/\" class=\"jet-listing-dynamic-link__link\"><span class=\"jet-listing-dynamic-link__label\">M\u00e1s informaci\u00f3n<\/span><\/a><\/div>\t\t\t\t<\/div>\n\t\t\t\t<\/div>\n\t\t\t\t\t<\/div>\n\t\t<\/div>\n\t\t\t\t\t<\/div>\n\t\t<\/section>\n\t\t\t\t<\/div>\n\t\t<\/div><div class=\"jet-listing-grid__item jet-listing-dynamic-post-3823\" data-post-id=\"3823\"  >\t\t<div data-elementor-type=\"jet-listing-items\" data-elementor-id=\"4558\" class=\"elementor elementor-4558 elementor-1685 elementor-1685\" data-elementor-post-type=\"jet-engine\">\n\t\t\t\t\t\t<section class=\"elementor-section elementor-top-section elementor-element elementor-element-36afe02 elementor-section-boxed elementor-section-height-default elementor-section-height-default\" data-id=\"36afe02\" data-element_type=\"section\" data-e-type=\"section\">\n\t\t\t\t\t\t<div class=\"elementor-container elementor-column-gap-default\">\n\t\t\t\t\t<div class=\"elementor-column elementor-col-100 elementor-top-column elementor-element elementor-element-8fd7888\" data-id=\"8fd7888\" data-element_type=\"column\" data-e-type=\"column\">\n\t\t\t<div class=\"elementor-widget-wrap elementor-element-populated\">\n\t\t\t\t\t\t<div class=\"elementor-element elementor-element-3d15982 elementor-widget elementor-widget-jet-listing-dynamic-image\" data-id=\"3d15982\" data-element_type=\"widget\" data-e-type=\"widget\" data-widget_type=\"jet-listing-dynamic-image.default\">\n\t\t\t\t<div class=\"elementor-widget-container\">\n\t\t\t\t\t<div class=\"jet-listing jet-listing-dynamic-image\" ><a href=\"https:\/\/scan.cat\/es\/exposicio\/photobooks-scan\/\" class=\"jet-listing-dynamic-image__link\"><img decoding=\"async\" width=\"1200\" height=\"900\" src=\"https:\/\/scan.cat\/wp-content\/uploads\/2022\/10\/Photobboksb.jpg\" class=\"jet-listing-dynamic-image__img attachment-full size-full\" alt=\"Photobboksb\" srcset=\"https:\/\/scan.cat\/wp-content\/uploads\/2022\/10\/Photobboksb.jpg 1200w, https:\/\/scan.cat\/wp-content\/uploads\/2022\/10\/Photobboksb-300x225.jpg 300w, https:\/\/scan.cat\/wp-content\/uploads\/2022\/10\/Photobboksb-1024x768.jpg 1024w, https:\/\/scan.cat\/wp-content\/uploads\/2022\/10\/Photobboksb-768x576.jpg 768w\" sizes=\"(max-width: 1200px) 100vw, 1200px\" loading=\"eager\" title=\"\"><\/a><\/div>\t\t\t\t<\/div>\n\t\t\t\t<\/div>\n\t\t\t\t<div class=\"elementor-element elementor-element-c28cf95 elementor-widget elementor-widget-jet-listing-dynamic-link\" data-id=\"c28cf95\" data-element_type=\"widget\" data-e-type=\"widget\" data-widget_type=\"jet-listing-dynamic-link.default\">\n\t\t\t\t<div class=\"elementor-widget-container\">\n\t\t\t\t\t<div class=\"jet-listing jet-listing-dynamic-link\"><a href=\"https:\/\/scan.cat\/es\/exposicio\/photobooks-scan\/\" class=\"jet-listing-dynamic-link__link\"><span class=\"jet-listing-dynamic-link__label\">Guerra a distancia<\/span><\/a><\/div>\t\t\t\t<\/div>\n\t\t\t\t<\/div>\n\t\t\t\t<div class=\"elementor-element elementor-element-cb667d8 elementor-widget elementor-widget-jet-listing-dynamic-field\" data-id=\"cb667d8\" data-element_type=\"widget\" data-e-type=\"widget\" data-widget_type=\"jet-listing-dynamic-field.default\">\n\t\t\t\t<div class=\"elementor-widget-container\">\n\t\t\t\t\t<div class=\"jet-listing jet-listing-dynamic-field display-inline\"><div class=\"jet-listing-dynamic-field__inline-wrap\"><p class=\"jet-listing-dynamic-field__content\" >Photobooks SCAN<\/p><\/div><\/div>\t\t\t\t<\/div>\n\t\t\t\t<\/div>\n\t\t\t\t<div class=\"elementor-element elementor-element-9338c02 elementor-widget elementor-widget-jet-listing-dynamic-field\" data-id=\"9338c02\" data-element_type=\"widget\" data-e-type=\"widget\" data-widget_type=\"jet-listing-dynamic-field.default\">\n\t\t\t\t<div class=\"elementor-widget-container\">\n\t\t\t\t\t<div class=\"jet-listing jet-listing-dynamic-field display-inline\"><div class=\"jet-listing-dynamic-field__inline-wrap\"><p class=\"jet-listing-dynamic-field__content\" >Del 1 de diciembre de 2022 al 15 de enero de 2023<\/p><\/div><\/div>\t\t\t\t<\/div>\n\t\t\t\t<\/div>\n\t\t\t\t<div class=\"elementor-element elementor-element-f53f764 elementor-widget elementor-widget-jet-listing-dynamic-link\" data-id=\"f53f764\" data-element_type=\"widget\" data-e-type=\"widget\" data-widget_type=\"jet-listing-dynamic-link.default\">\n\t\t\t\t<div class=\"elementor-widget-container\">\n\t\t\t\t\t<div class=\"jet-listing jet-listing-dynamic-link\"><a href=\"https:\/\/scan.cat\/es\/exposicio\/photobooks-scan\/\" class=\"jet-listing-dynamic-link__link\"><span class=\"jet-listing-dynamic-link__label\">M\u00e1s informaci\u00f3n<\/span><\/a><\/div>\t\t\t\t<\/div>\n\t\t\t\t<\/div>\n\t\t\t\t\t<\/div>\n\t\t<\/div>\n\t\t\t\t\t<\/div>\n\t\t<\/section>\n\t\t\t\t<\/div>\n\t\t<\/div><div class=\"jet-listing-grid__item jet-listing-dynamic-post-2840\" data-post-id=\"2840\"  >\t\t<div data-elementor-type=\"jet-listing-items\" data-elementor-id=\"4558\" class=\"elementor elementor-4558 elementor-1685 elementor-1685\" data-elementor-post-type=\"jet-engine\">\n\t\t\t\t\t\t<section class=\"elementor-section elementor-top-section elementor-element elementor-element-36afe02 elementor-section-boxed elementor-section-height-default elementor-section-height-default\" data-id=\"36afe02\" data-element_type=\"section\" data-e-type=\"section\">\n\t\t\t\t\t\t<div class=\"elementor-container elementor-column-gap-default\">\n\t\t\t\t\t<div class=\"elementor-column elementor-col-100 elementor-top-column elementor-element elementor-element-8fd7888\" data-id=\"8fd7888\" data-element_type=\"column\" data-e-type=\"column\">\n\t\t\t<div class=\"elementor-widget-wrap elementor-element-populated\">\n\t\t\t\t\t\t<div class=\"elementor-element elementor-element-3d15982 elementor-widget elementor-widget-jet-listing-dynamic-image\" data-id=\"3d15982\" data-element_type=\"widget\" data-e-type=\"widget\" data-widget_type=\"jet-listing-dynamic-image.default\">\n\t\t\t\t<div class=\"elementor-widget-container\">\n\t\t\t\t\t<div class=\"jet-listing jet-listing-dynamic-image\" ><a href=\"https:\/\/scan.cat\/es\/exposicio\/alpes-ultima-salida\/\" class=\"jet-listing-dynamic-image__link\"><img decoding=\"async\" width=\"1920\" height=\"1280\" src=\"https:\/\/scan.cat\/wp-content\/uploads\/2022\/10\/Alpes-1.jpeg\" class=\"jet-listing-dynamic-image__img attachment-full size-full\" alt=\"Alpes\" srcset=\"https:\/\/scan.cat\/wp-content\/uploads\/2022\/10\/Alpes-1.jpeg 1920w, https:\/\/scan.cat\/wp-content\/uploads\/2022\/10\/Alpes-1-300x200.jpeg 300w, https:\/\/scan.cat\/wp-content\/uploads\/2022\/10\/Alpes-1-1024x683.jpeg 1024w, https:\/\/scan.cat\/wp-content\/uploads\/2022\/10\/Alpes-1-768x512.jpeg 768w, https:\/\/scan.cat\/wp-content\/uploads\/2022\/10\/Alpes-1-1536x1024.jpeg 1536w\" sizes=\"(max-width: 1920px) 100vw, 1920px\" loading=\"eager\" title=\"\"><\/a><\/div>\t\t\t\t<\/div>\n\t\t\t\t<\/div>\n\t\t\t\t<div class=\"elementor-element elementor-element-c28cf95 elementor-widget elementor-widget-jet-listing-dynamic-link\" data-id=\"c28cf95\" data-element_type=\"widget\" data-e-type=\"widget\" data-widget_type=\"jet-listing-dynamic-link.default\">\n\t\t\t\t<div class=\"elementor-widget-container\">\n\t\t\t\t\t<div class=\"jet-listing jet-listing-dynamic-link\"><a href=\"https:\/\/scan.cat\/es\/exposicio\/alpes-ultima-salida\/\" class=\"jet-listing-dynamic-link__link\"><span class=\"jet-listing-dynamic-link__label\">Alpes, \u00faltima salida<\/span><\/a><\/div>\t\t\t\t<\/div>\n\t\t\t\t<\/div>\n\t\t\t\t<div class=\"elementor-element elementor-element-cb667d8 elementor-widget elementor-widget-jet-listing-dynamic-field\" data-id=\"cb667d8\" data-element_type=\"widget\" data-e-type=\"widget\" data-widget_type=\"jet-listing-dynamic-field.default\">\n\t\t\t\t<div class=\"elementor-widget-container\">\n\t\t\t\t\t<div class=\"jet-listing jet-listing-dynamic-field display-inline\"><div class=\"jet-listing-dynamic-field__inline-wrap\"><p class=\"jet-listing-dynamic-field__content\" >Carlos Dom\u00e8nech, Sandra Pascual, Robert Gass\u00f3 y \u00c1lex Folguera <\/p><\/div><\/div>\t\t\t\t<\/div>\n\t\t\t\t<\/div>\n\t\t\t\t<div class=\"elementor-element elementor-element-9338c02 elementor-widget elementor-widget-jet-listing-dynamic-field\" data-id=\"9338c02\" data-element_type=\"widget\" data-e-type=\"widget\" data-widget_type=\"jet-listing-dynamic-field.default\">\n\t\t\t\t<div class=\"elementor-widget-container\">\n\t\t\t\t\t<div class=\"jet-listing jet-listing-dynamic-field display-inline\"><div class=\"jet-listing-dynamic-field__inline-wrap\"><p class=\"jet-listing-dynamic-field__content\" >Del 6 al 30 de diciembre de 2022<\/p><\/div><\/div>\t\t\t\t<\/div>\n\t\t\t\t<\/div>\n\t\t\t\t<div class=\"elementor-element elementor-element-f53f764 elementor-widget elementor-widget-jet-listing-dynamic-link\" data-id=\"f53f764\" data-element_type=\"widget\" data-e-type=\"widget\" data-widget_type=\"jet-listing-dynamic-link.default\">\n\t\t\t\t<div class=\"elementor-widget-container\">\n\t\t\t\t\t<div class=\"jet-listing jet-listing-dynamic-link\"><a href=\"https:\/\/scan.cat\/es\/exposicio\/alpes-ultima-salida\/\" class=\"jet-listing-dynamic-link__link\"><span class=\"jet-listing-dynamic-link__label\">M\u00e1s informaci\u00f3n<\/span><\/a><\/div>\t\t\t\t<\/div>\n\t\t\t\t<\/div>\n\t\t\t\t\t<\/div>\n\t\t<\/div>\n\t\t\t\t\t<\/div>\n\t\t<\/section>\n\t\t\t\t<\/div>\n\t\t<\/div><\/div><\/div>\t\t\t\t<\/div>\n\t\t\t\t<\/div>\n\t\t\t\t\t<\/div>\n\t\t<\/div>\n\t\t\t\t\t<\/div>\n\t\t<\/section>\n\t\t\t\t<\/div>\n\t\t","protected":false},"excerpt":{"rendered":"<p>EXPOSICIONES Wartime! &#8211; Talent Latent Del 18 de noviembre de 2022 al 8 de enero de 2023 M\u00e1s informaci\u00f3n David Gonz\u00e1lez Del 25 d\u2019octubre al 19 de novembre de 2022 M\u00e9s informaci\u00f3 Hristina Tasheva Del 18 de novembre de 2022 al 7 de gener de 2023 M\u00e9s informaci\u00f3 Juli\u00e1n Bar\u00f3n Del 18 de novembre de &#8230; <a title=\"Exposiciones-2022\" class=\"read-more\" href=\"https:\/\/scan.cat\/es\/exposiciones\/\" aria-label=\"Leer m\u00e1s sobre Exposiciones-2022\">Leer m\u00e1s<\/a><\/p>\n","protected":false},"author":2,"featured_media":0,"parent":0,"menu_order":0,"comment_status":"closed","ping_status":"closed","template":"","meta":{"footnotes":""},"class_list":["post-2804","page","type-page","status-publish"],"_links":{"self":[{"href":"https:\/\/scan.cat\/es\/wp-json\/wp\/v2\/pages\/2804","targetHints":{"allow":["GET"]}}],"collection":[{"href":"https:\/\/scan.cat\/es\/wp-json\/wp\/v2\/pages"}],"about":[{"href":"https:\/\/scan.cat\/es\/wp-json\/wp\/v2\/types\/page"}],"author":[{"embeddable":true,"href":"https:\/\/scan.cat\/es\/wp-json\/wp\/v2\/users\/2"}],"replies":[{"embeddable":true,"href":"https:\/\/scan.cat\/es\/wp-json\/wp\/v2\/comments?post=2804"}],"version-history":[{"count":46,"href":"https:\/\/scan.cat\/es\/wp-json\/wp\/v2\/pages\/2804\/revisions"}],"predecessor-version":[{"id":7677,"href":"https:\/\/scan.cat\/es\/wp-json\/wp\/v2\/pages\/2804\/revisions\/7677"}],"wp:attachment":[{"href":"https:\/\/scan.cat\/es\/wp-json\/wp\/v2\/media?parent=2804"}],"curies":[{"name":"wp","href":"https:\/\/api.w.org\/{rel}","templated":true}]}}