{"id":7001,"date":"2023-09-18T15:16:19","date_gmt":"2023-09-18T15:16:19","guid":{"rendered":"https:\/\/scan.cat\/full-contact\/"},"modified":"2023-10-03T10:36:40","modified_gmt":"2023-10-03T10:36:40","slug":"full-contact","status":"publish","type":"page","link":"https:\/\/scan.cat\/es\/full-contact\/","title":{"rendered":"Full Contact"},"content":{"rendered":"\t\t<div data-elementor-type=\"wp-page\" data-elementor-id=\"7001\" class=\"elementor elementor-7001 elementor-6643\" data-elementor-post-type=\"page\">\n\t\t\t\t\t\t<section class=\"elementor-section elementor-top-section elementor-element elementor-element-2312724 elementor-section-full_width elementor-section-height-default elementor-section-height-default\" data-id=\"2312724\" data-element_type=\"section\" data-e-type=\"section\" id=\"cabecera\">\n\t\t\t\t\t\t<div class=\"elementor-container elementor-column-gap-default\">\n\t\t\t\t\t<div class=\"elementor-column elementor-col-100 elementor-top-column elementor-element elementor-element-7f3bc7e\" data-id=\"7f3bc7e\" data-element_type=\"column\" data-e-type=\"column\">\n\t\t\t<div class=\"elementor-widget-wrap elementor-element-populated\">\n\t\t\t\t\t\t<div class=\"elementor-element elementor-element-ac6862d elementor-widget elementor-widget-heading\" data-id=\"ac6862d\" data-element_type=\"widget\" data-e-type=\"widget\" data-widget_type=\"heading.default\">\n\t\t\t\t<div class=\"elementor-widget-container\">\n\t\t\t\t\t<span class=\"elementor-heading-title elementor-size-default\"><i>FULL CONTACT<\/i><br>\nVisionado de porfolios\n<br>\nEncuentro profesional\n<\/span>\t\t\t\t<\/div>\n\t\t\t\t<\/div>\n\t\t\t\t\t<\/div>\n\t\t<\/div>\n\t\t\t\t\t<\/div>\n\t\t<\/section>\n\t\t\t\t<section class=\"elementor-section elementor-top-section elementor-element elementor-element-3c8f2e4 lseccion elementor-section-full_width elementor-reverse-mobile elementor-section-height-default elementor-section-height-default\" data-id=\"3c8f2e4\" data-element_type=\"section\" data-e-type=\"section\">\n\t\t\t\t\t\t<div class=\"elementor-container elementor-column-gap-default\">\n\t\t\t\t\t<div class=\"elementor-column elementor-col-50 elementor-top-column elementor-element elementor-element-b78e461\" data-id=\"b78e461\" data-element_type=\"column\" data-e-type=\"column\">\n\t\t\t<div class=\"elementor-widget-wrap elementor-element-populated\">\n\t\t\t\t\t\t<div class=\"elementor-element elementor-element-6f76f02 elementor-widget elementor-widget-text-editor\" data-id=\"6f76f02\" data-element_type=\"widget\" data-e-type=\"widget\" data-widget_type=\"text-editor.default\">\n\t\t\t\t<div class=\"elementor-widget-container\">\n\t\t\t\t\t\t\t\t\t<p><strong>Fecha<\/strong> <strong>de la<\/strong> <strong>actividad<\/strong><br>S\u00e1bado 14 de octubre de 2023<\/p>\n<p><strong>Horario<\/strong><strong><br><\/strong>De 10 a 15 h<\/p>\n<p><strong>Lugar<\/strong><br>Teatret del Serrallo <br>El Serrallo<br>43003 Tarragona<\/p>\n<p><strong>Comisariado&nbsp;<\/strong><br>Sem\u00edramis Gonz\u00e1lez&nbsp;<br>Frederic Montorn\u00e9s&nbsp;<\/p>\n<p><strong>Dise\u00f1o<\/strong> <strong>del<\/strong> <strong>espacio<\/strong><br>Elba Romero Fajardo<\/p>\n<p><strong>Informaci\u00f3n<\/strong><br>S\u00f3lo para profesionales acreditados<\/p>\n<p><strong>Organiza<\/strong><br>SCAN Tarragona<\/p>\n<p><strong>Colabora<\/strong><br>Teatret del Serrallo&nbsp;<br>Port de Tarragona<\/p>\t\t\t\t\t\t\t\t<\/div>\n\t\t\t\t<\/div>\n\t\t\t\t<div class=\"elementor-element elementor-element-58818e4 elementor-widget__width-auto elementor-widget elementor-widget-image\" data-id=\"58818e4\" data-element_type=\"widget\" data-e-type=\"widget\" data-widget_type=\"image.default\">\n\t\t\t\t<div class=\"elementor-widget-container\">\n\t\t\t\t\t\t\t\t\t\t\t\t\t\t\t<img fetchpriority=\"high\" decoding=\"async\" width=\"501\" height=\"499\" src=\"https:\/\/scan.cat\/wp-content\/uploads\/2022\/07\/Teatret_Serrallo.jpg\" class=\"attachment-full size-full wp-image-3315\" alt=\"\" srcset=\"https:\/\/scan.cat\/wp-content\/uploads\/2022\/07\/Teatret_Serrallo.jpg 501w, https:\/\/scan.cat\/wp-content\/uploads\/2022\/07\/Teatret_Serrallo-300x300.jpg 300w, https:\/\/scan.cat\/wp-content\/uploads\/2022\/07\/Teatret_Serrallo-150x150.jpg 150w\" sizes=\"(max-width: 501px) 100vw, 501px\" title=\"\">\t\t\t\t\t\t\t\t\t\t\t\t\t\t\t<\/div>\n\t\t\t\t<\/div>\n\t\t\t\t<div class=\"elementor-element elementor-element-9b6fcc3 elementor-widget__width-auto elementor-widget elementor-widget-image\" data-id=\"9b6fcc3\" data-element_type=\"widget\" data-e-type=\"widget\" data-widget_type=\"image.default\">\n\t\t\t\t<div class=\"elementor-widget-container\">\n\t\t\t\t\t\t\t\t\t\t\t\t\t\t\t<img decoding=\"async\" width=\"210\" height=\"100\" src=\"https:\/\/scan.cat\/wp-content\/uploads\/2022\/07\/Port-de-tarragona.jpg\" class=\"attachment-full size-full wp-image-3806\" alt=\"\" title=\"\">\t\t\t\t\t\t\t\t\t\t\t\t\t\t\t<\/div>\n\t\t\t\t<\/div>\n\t\t\t\t\t<\/div>\n\t\t<\/div>\n\t\t\t\t<div class=\"elementor-column elementor-col-50 elementor-top-column elementor-element elementor-element-dcc2281\" data-id=\"dcc2281\" data-element_type=\"column\" data-e-type=\"column\">\n\t\t\t<div class=\"elementor-widget-wrap elementor-element-populated\">\n\t\t\t\t\t\t<div class=\"elementor-element elementor-element-f534518 elementor-widget elementor-widget-text-editor\" data-id=\"f534518\" data-element_type=\"widget\" data-e-type=\"widget\" data-widget_type=\"text-editor.default\">\n\t\t\t\t<div class=\"elementor-widget-container\">\n\t\t\t\t\t\t\t\t\t<p>FULL CONTACT es un encuentro profesional y un visionado de porfolios fotogr\u00e1ficos innovador y \u00fanico donde prevalecen las relaciones humanas. Es un espacio relacional y \u00fatil en el que doce artistas emergentes, seleccionados por los comisarios Sem\u00edramis Gonz\u00e1lez y Frederic Montorn\u00e9s, dan a conocer su trabajo fotogr\u00e1fico a los <em>followers<\/em> o agentes del mundo del arte invitados por el festival.<\/p>\n<p>FULL CONTACT pretende ampliar la red de contactos y favorecer colaboraciones futuras entre agentes art\u00edsticos y artistas emergentes.<\/p>\n\t\t\t\t\t\t\t\t<\/div>\n\t\t\t\t<\/div>\n\t\t\t\t<div class=\"elementor-element elementor-element-81dd89a elementor-align-start elementor-icon-list--layout-traditional elementor-list-item-link-full_width elementor-widget elementor-widget-icon-list\" data-id=\"81dd89a\" data-element_type=\"widget\" data-e-type=\"widget\" data-widget_type=\"icon-list.default\">\n\t\t\t\t<div class=\"elementor-widget-container\">\n\t\t\t\t\t\t\t<ul class=\"elementor-icon-list-items\">\n\t\t\t\t\t\t\t<li class=\"elementor-icon-list-item\">\n\t\t\t\t\t\t\t\t\t\t\t<a href=\"https:\/\/scan.cat\/es\/seleccion-de-artistas-full-contact-2023\/\" target=\"_blank\">\n\n\t\t\t\t\t\t\t\t\t\t\t\t<span class=\"elementor-icon-list-icon\">\n\t\t\t\t\t\t\t<svg xmlns=\"http:\/\/www.w3.org\/2000\/svg\" width=\"734\" height=\"737\" viewBox=\"0 0 734 737\" fill=\"none\"><path fill-rule=\"evenodd\" clip-rule=\"evenodd\" d=\"M0.162659 403.237L0.162659 333.779L694.736 333.779V403.237L0.162659 403.237Z\" fill=\"black\"><\/path><path fill-rule=\"evenodd\" clip-rule=\"evenodd\" d=\"M315.696 687.744L684.056 319.384L733.171 368.499L364.811 736.859L315.696 687.744Z\" fill=\"black\"><\/path><path fill-rule=\"evenodd\" clip-rule=\"evenodd\" d=\"M315.696 49.264L364.811 0.14933L733.171 368.509L684.056 417.624L315.696 49.264Z\" fill=\"black\"><\/path><\/svg>\t\t\t\t\t\t<\/span>\n\t\t\t\t\t\t\t\t\t\t<span class=\"elementor-icon-list-text\">Artistas seleccionados<\/span>\n\t\t\t\t\t\t\t\t\t\t\t<\/a>\n\t\t\t\t\t\t\t\t\t<\/li>\n\t\t\t\t\t\t\t\t<li class=\"elementor-icon-list-item\">\n\t\t\t\t\t\t\t\t\t\t\t<a href=\"https:\/\/scan.cat\/es\/full-contact-followers-2023\/\" target=\"_blank\">\n\n\t\t\t\t\t\t\t\t\t\t\t\t<span class=\"elementor-icon-list-icon\">\n\t\t\t\t\t\t\t<svg xmlns=\"http:\/\/www.w3.org\/2000\/svg\" width=\"734\" height=\"737\" viewBox=\"0 0 734 737\" fill=\"none\"><path fill-rule=\"evenodd\" clip-rule=\"evenodd\" d=\"M0.162659 403.237L0.162659 333.779L694.736 333.779V403.237L0.162659 403.237Z\" fill=\"black\"><\/path><path fill-rule=\"evenodd\" clip-rule=\"evenodd\" d=\"M315.696 687.744L684.056 319.384L733.171 368.499L364.811 736.859L315.696 687.744Z\" fill=\"black\"><\/path><path fill-rule=\"evenodd\" clip-rule=\"evenodd\" d=\"M315.696 49.264L364.811 0.14933L733.171 368.509L684.056 417.624L315.696 49.264Z\" fill=\"black\"><\/path><\/svg>\t\t\t\t\t\t<\/span>\n\t\t\t\t\t\t\t\t\t\t<span class=\"elementor-icon-list-text\">Followers \/ expertos seleccionados<\/span>\n\t\t\t\t\t\t\t\t\t\t\t<\/a>\n\t\t\t\t\t\t\t\t\t<\/li>\n\t\t\t\t\t\t<\/ul>\n\t\t\t\t\t\t<\/div>\n\t\t\t\t<\/div>\n\t\t\t\t\t<\/div>\n\t\t<\/div>\n\t\t\t\t\t<\/div>\n\t\t<\/section>\n\t\t\t\t<\/div>\n\t\t","protected":false},"excerpt":{"rendered":"<p>FULL CONTACT Visionado de porfolios Encuentro profesional Fecha de la actividadS\u00e1bado 14 de octubre de 2023 HorarioDe 10 a 15 h LugarTeatret del Serrallo El Serrallo43003 Tarragona Comisariado&nbsp;Sem\u00edramis Gonz\u00e1lez&nbsp;Frederic Montorn\u00e9s&nbsp; Dise\u00f1o del espacioElba Romero Fajardo Informaci\u00f3nS\u00f3lo para profesionales acreditados OrganizaSCAN Tarragona ColaboraTeatret del Serrallo&nbsp;Port de Tarragona FULL CONTACT es un encuentro profesional y un visionado &#8230; <a title=\"Full Contact\" class=\"read-more\" href=\"https:\/\/scan.cat\/es\/full-contact\/\" aria-label=\"Leer m\u00e1s sobre Full Contact\">Leer m\u00e1s<\/a><\/p>\n","protected":false},"author":2,"featured_media":0,"parent":0,"menu_order":0,"comment_status":"closed","ping_status":"closed","template":"","meta":{"footnotes":""},"class_list":["post-7001","page","type-page","status-publish"],"_links":{"self":[{"href":"https:\/\/scan.cat\/es\/wp-json\/wp\/v2\/pages\/7001","targetHints":{"allow":["GET"]}}],"collection":[{"href":"https:\/\/scan.cat\/es\/wp-json\/wp\/v2\/pages"}],"about":[{"href":"https:\/\/scan.cat\/es\/wp-json\/wp\/v2\/types\/page"}],"author":[{"embeddable":true,"href":"https:\/\/scan.cat\/es\/wp-json\/wp\/v2\/users\/2"}],"replies":[{"embeddable":true,"href":"https:\/\/scan.cat\/es\/wp-json\/wp\/v2\/comments?post=7001"}],"version-history":[{"count":2,"href":"https:\/\/scan.cat\/es\/wp-json\/wp\/v2\/pages\/7001\/revisions"}],"predecessor-version":[{"id":8021,"href":"https:\/\/scan.cat\/es\/wp-json\/wp\/v2\/pages\/7001\/revisions\/8021"}],"wp:attachment":[{"href":"https:\/\/scan.cat\/es\/wp-json\/wp\/v2\/media?parent=7001"}],"curies":[{"name":"wp","href":"https:\/\/api.w.org\/{rel}","templated":true}]}}